 

{"id":29384,"date":"2025-07-05T14:09:58","date_gmt":"2025-07-05T12:09:58","guid":{"rendered":"https:\/\/www.carrerivegauche.com\/?post_type=product&#038;p=29384"},"modified":"2025-07-05T14:09:58","modified_gmt":"2025-07-05T12:09:58","slug":"statuette-escargot-bronze","status":"publish","type":"product","link":"https:\/\/www.carrerivegauche.com\/fr\/boutique-crg\/statuette-escargot-bronze\/","title":{"rendered":"Statuette escargot bronze"},"content":{"rendered":"<p>Sa forme anguleuse semble sugg\u00e9rer qu\u2019il peut \u00eatre expos\u00e9 de fa\u00e7on \u00e0 donner l\u2019impression du mouvement, comme si le sujet descendait d\u2019un mur par exemple. Le rendu de la texture de la peau et de la coquille sont plut\u00f4t r\u00e9alistes et permettent de porter l\u2019attention sur les d\u00e9tails de l\u2019expression form\u00e9e par les longs yeux recourb\u00e9s. Un trou au niveau de la bouche semble indiquer que la sculpture pouvait \u00eatre utilis\u00e9e comme un br\u00fble encens.<\/p>\n<p>Cachet de fonderie \u00e0 la base de la queue<\/p>\n<p>Japon \u2013 Ere Meiji (1868 &#8211; 1912)<\/p>\n<p>Longueur : 7.5 \u2013 Largeur : 3.5 cm \u2013 Hauteur : 6cm<\/p>\n<p><\/p>\n<p>Its angular pose suggests that it could be exposed in a way that would mimic a real snail going up or down a wall. The texture of the shell and the skin are rather realistic and emphasize the expression of snail\u2019s long globular eyes. A hole in its mouth could be used to turn the sculpture into an incense burner.<\/p>\n<p>Foundry stamp at the base of the tail<\/p>\n<p>Japan \u2013 Meiji era (1868 &#8211; 1912)<\/p>\n<p>Length: 7.5 \u2013 Width: 3.5 cm \u2013 Height: 6cm<\/p>\n<p><\/p>\n<p><\/p>\n","protected":false},"excerpt":{"rendered":"<p>Int\u00e9ressante sculpture en bronze \u00e0 la patine brune repr\u00e9sentant un escargot dans une pose tr\u00e8s originale.<\/p>\n<p>Bronze with a brown patina representing a snail with a very interesting pose.<\/p>\n","protected":false},"featured_media":29381,"template":"","meta":[],"product_brand":[],"product_cat":[],"product_tag":[],"class_list":{"0":"post-29384","1":"product","2":"type-product","3":"status-publish","4":"has-post-thumbnail","6":"description-off","8":"first","9":"instock","10":"shipping-taxable","11":"product-type-simple"},"aioseo_notices":[],"_links":{"self":[{"href":"https:\/\/www.carrerivegauche.com\/fr\/wp-json\/wp\/v2\/product\/29384","targetHints":{"allow":["GET"]}}],"collection":[{"href":"https:\/\/www.carrerivegauche.com\/fr\/wp-json\/wp\/v2\/product"}],"about":[{"href":"https:\/\/www.carrerivegauche.com\/fr\/wp-json\/wp\/v2\/types\/product"}],"wp:featuredmedia":[{"embeddable":true,"href":"https:\/\/www.carrerivegauche.com\/fr\/wp-json\/wp\/v2\/media\/29381"}],"wp:attachment":[{"href":"https:\/\/www.carrerivegauche.com\/fr\/wp-json\/wp\/v2\/media?parent=29384"}],"wp:term":[{"taxonomy":"product_brand","embeddable":true,"href":"https:\/\/www.carrerivegauche.com\/fr\/wp-json\/wp\/v2\/product_brand?post=29384"},{"taxonomy":"product_cat","embeddable":true,"href":"https:\/\/www.carrerivegauche.com\/fr\/wp-json\/wp\/v2\/product_cat?post=29384"},{"taxonomy":"product_tag","embeddable":true,"href":"https:\/\/www.carrerivegauche.com\/fr\/wp-json\/wp\/v2\/product_tag?post=29384"}],"curies":[{"name":"wp","href":"https:\/\/api.w.org\/{rel}","templated":true}]}}