 

{"id":29365,"date":"2025-07-05T14:11:19","date_gmt":"2025-07-05T12:11:19","guid":{"rendered":"https:\/\/www.carrerivegauche.com\/?post_type=product&#038;p=29365"},"modified":"2025-07-05T14:11:19","modified_gmt":"2025-07-05T12:11:19","slug":"statuette-grenouille-bronze","status":"publish","type":"product","link":"https:\/\/www.carrerivegauche.com\/fr\/boutique-crg\/statuette-grenouille-bronze\/","title":{"rendered":"Statuette grenouille bronze"},"content":{"rendered":"<p>\u00a0La qualit\u00e9 de la fonte permet le rendu d\u2019une expression d\u00e9taill\u00e9e, de son petit nez, de ses yeux globuleux et de sa bouche qui semble sourire. La grenouille est un animal avec une forte symbolique au japon, elle repr\u00e9sente le retour chez soi et pour cette raison, des sculptures les repr\u00e9sentant sont souvent expos\u00e9es \u00e0 l\u2019entr\u00e9e des maisons.<\/p>\n<p>Petit cachet de fonderie sur le ventre<\/p>\n<p>Japon \u2013 Ere Meiji (1868 &#8211; 1912)<\/p>\n<p>Longueur : 4,5 cm &#8211; Largeur : 4.5 cm &#8211; Hauteur : 2 cm<\/p>\n<p>The casting of this bronze was very well conducted, granting this sculpture an impressive set of details. Its small nose is represented by two frank points, its eyes are globular and smooth, and its mouth has an expression, almost smiling.<\/p>\n<p>Frogs and toads are often seen as the same species in Japan, in folklore it became an animal with several meanings, one of them being that it is an animal attached to its home.<\/p>\n<p>It\u2019s the reason why you would sometimes see frog sculptures at the entrance of houses.<\/p>\n<p>Japan \u2013 Meiji Era (1868 &#8211; 1912)<\/p>\n<p>Length: 4,5 cm &#8211; Width: 4.5 cm &#8211; Height: 2 cm<\/p>\n","protected":false},"excerpt":{"rendered":"<p>Adorable petite grenouille en bronze \u00e0 la patine brun clair, presque orang\u00e9e, reposant sur ses pattes arri\u00e8re, pr\u00eate \u00e0 bondir.<\/p>\n<p>Adorable tiny bronze frog in cast bronze with a splendid brownish patina, almost orange, lying on its rear legs, ready to jump.<\/p>\n<p><\/p>\n","protected":false},"featured_media":29362,"template":"","meta":[],"product_brand":[],"product_cat":[],"product_tag":[],"class_list":{"0":"post-29365","1":"product","2":"type-product","3":"status-publish","4":"has-post-thumbnail","6":"description-off","8":"first","9":"instock","10":"shipping-taxable","11":"product-type-simple"},"aioseo_notices":[],"_links":{"self":[{"href":"https:\/\/www.carrerivegauche.com\/fr\/wp-json\/wp\/v2\/product\/29365","targetHints":{"allow":["GET"]}}],"collection":[{"href":"https:\/\/www.carrerivegauche.com\/fr\/wp-json\/wp\/v2\/product"}],"about":[{"href":"https:\/\/www.carrerivegauche.com\/fr\/wp-json\/wp\/v2\/types\/product"}],"wp:featuredmedia":[{"embeddable":true,"href":"https:\/\/www.carrerivegauche.com\/fr\/wp-json\/wp\/v2\/media\/29362"}],"wp:attachment":[{"href":"https:\/\/www.carrerivegauche.com\/fr\/wp-json\/wp\/v2\/media?parent=29365"}],"wp:term":[{"taxonomy":"product_brand","embeddable":true,"href":"https:\/\/www.carrerivegauche.com\/fr\/wp-json\/wp\/v2\/product_brand?post=29365"},{"taxonomy":"product_cat","embeddable":true,"href":"https:\/\/www.carrerivegauche.com\/fr\/wp-json\/wp\/v2\/product_cat?post=29365"},{"taxonomy":"product_tag","embeddable":true,"href":"https:\/\/www.carrerivegauche.com\/fr\/wp-json\/wp\/v2\/product_tag?post=29365"}],"curies":[{"name":"wp","href":"https:\/\/api.w.org\/{rel}","templated":true}]}}