 

{"id":29328,"date":"2025-07-05T14:13:01","date_gmt":"2025-07-05T12:13:01","guid":{"rendered":"https:\/\/www.carrerivegauche.com\/?post_type=product&#038;p=29328"},"modified":"2025-07-05T14:13:01","modified_gmt":"2025-07-05T12:13:01","slug":"statue-grande-souris-couchee-bronze","status":"publish","type":"product","link":"https:\/\/www.carrerivegauche.com\/fr\/boutique-crg\/statue-grande-souris-couchee-bronze\/","title":{"rendered":"Statue grande souris couch\u00e9e bronze"},"content":{"rendered":"<p>Elle est repr\u00e9sent\u00e9e en extension depuis ses pattes arri\u00e8re, la t\u00eate reposant sur ses pattes avant, la queue d\u00e9taill\u00e9e ce d\u00e9ploie \u00e0 la gauche du sujet pour \u00e9quilibre sa masse. Cette pose dynamique semble sugg\u00e9rer que l\u2019animal est \u00e0 mi-chemin entre la position assise et couch\u00e9e, repr\u00e9sentant le fait qu\u2019il est en train de se lever ou de s\u2019alimenter.<\/p>\n<p>La souris est un animal bien consid\u00e9r\u00e9 partout en Asie, y compris au Japon ou il est symbole d\u2019intelligence de chance et prosp\u00e9rit\u00e9.<\/p>\n<p>Japon \u2013 Ere Meiji (1868 &#8211; 1912), Fin XIX\u00e8me si\u00e8cle.<\/p>\n<p>Longueur : 9 cm \u2013 Largeur : 13 cm \u2013 Hauteur : 10 cm<\/p>\n<p>It is represented in extension from its rear, with its head leaning on its upper paws, the detailed tail deploys at the left of the subject to balance its weight.<\/p>\n<p>This dynamic pose suggests that this animal is halfway between lying down and sitting, in an attempt to emphasize the fact that it is whether sitting to eat or trying to get up to better see its environment. Rats are well considered all around Asia, in fact in Japan it is a symbol of intelligence, chance, and prosperity.<\/p>\n<p>Japan \u2013 Meiji Era (1868 &#8211; 1912), End of XIXth century<\/p>\n<p>Length: 9 cm \u2013 Width: 13 cm \u2013 Height: 10 cm<\/p>\n","protected":false},"excerpt":{"rendered":"<p>Imposante sculpture de souris (ou rat) \u00e0 la patine sombre, et \u00e0 l\u2019expression sch\u00e9matique, r\u00e9alis\u00e9e par technique de fonte creuse.<\/p>\n<p>Huge sculpture of a mouse (or rat), with a rather dark patina, represented with a schematic expression and realized with the hollow bronze technique.<\/p>\n","protected":false},"featured_media":29329,"template":"","meta":[],"product_brand":[],"product_cat":[],"product_tag":[],"class_list":{"0":"post-29328","1":"product","2":"type-product","3":"status-publish","4":"has-post-thumbnail","6":"description-off","8":"first","9":"instock","10":"shipping-taxable","11":"product-type-simple"},"aioseo_notices":[],"_links":{"self":[{"href":"https:\/\/www.carrerivegauche.com\/fr\/wp-json\/wp\/v2\/product\/29328","targetHints":{"allow":["GET"]}}],"collection":[{"href":"https:\/\/www.carrerivegauche.com\/fr\/wp-json\/wp\/v2\/product"}],"about":[{"href":"https:\/\/www.carrerivegauche.com\/fr\/wp-json\/wp\/v2\/types\/product"}],"wp:featuredmedia":[{"embeddable":true,"href":"https:\/\/www.carrerivegauche.com\/fr\/wp-json\/wp\/v2\/media\/29329"}],"wp:attachment":[{"href":"https:\/\/www.carrerivegauche.com\/fr\/wp-json\/wp\/v2\/media?parent=29328"}],"wp:term":[{"taxonomy":"product_brand","embeddable":true,"href":"https:\/\/www.carrerivegauche.com\/fr\/wp-json\/wp\/v2\/product_brand?post=29328"},{"taxonomy":"product_cat","embeddable":true,"href":"https:\/\/www.carrerivegauche.com\/fr\/wp-json\/wp\/v2\/product_cat?post=29328"},{"taxonomy":"product_tag","embeddable":true,"href":"https:\/\/www.carrerivegauche.com\/fr\/wp-json\/wp\/v2\/product_tag?post=29328"}],"curies":[{"name":"wp","href":"https:\/\/api.w.org\/{rel}","templated":true}]}}