 

{"id":29309,"date":"2025-07-05T14:12:21","date_gmt":"2025-07-05T12:12:21","guid":{"rendered":"https:\/\/www.carrerivegauche.com\/?post_type=product&#038;p=29309"},"modified":"2025-07-05T14:12:22","modified_gmt":"2025-07-05T12:12:22","slug":"statue-grande-souris-debout-bronze","status":"publish","type":"product","link":"https:\/\/www.carrerivegauche.com\/fr\/boutique-crg\/statue-grande-souris-debout-bronze\/","title":{"rendered":"Statue grande souris debout bronze"},"content":{"rendered":"<p>Le choix de la pose accentue le traitement sch\u00e9matique, une t\u00eate simple et des moustaches \u00e0 peine figur\u00e9es, un corps lisse et dodu et une queue tr\u00e8s d\u00e9taill\u00e9e enroul\u00e9e du cot\u00e9 droit du sujet contribue \u00e0 conf\u00e9rer une certaine bonhommie \u00e0 un animal r\u00e9put\u00e9 trop proche de l\u2019homme. D\u2019autant que partout en Asie le rat rev\u00eat une symbolique plut\u00f4t positive, tant\u00f4t un symbole d\u2019intelligence ou de bonne fortune, tant\u00f4t un symbole de prosp\u00e9rit\u00e9.<\/p>\n<p>Japon \u2013 Ere Meiji (1868 &#8211; 1912), Fin XIX \u00e8me<\/p>\n<p>Longueur : 7 cm \u2013 Largeur 12 cm \u2013 Hauteur : 13 cm<\/p>\n<p>Its pose reinforces the schematic treatment. Its simple head and hardly figured moustache, its smooth and plump body and very detailed tail rolled up on its right side give this sculpture an undebatable charm. Especially since all around Asia rats are seen as rather positive animals, it is as much a symbol of intelligence and good luck than it is a symbol of prosperity fertility and wealth.<\/p>\n<p>Japan \u2013 Meiji era (1868 &#8211; 1912), end of XIXth century<\/p>\n<p>Length: 7 cm \u2013 Width: 12 cm \u2013 Height: 13 cm<\/p>\n","protected":false},"excerpt":{"rendered":"<p>Imposante sculpture repr\u00e9sentant une souris ou un rat, \u00e0 la patine sombre, et r\u00e9alis\u00e9 \u00e0 l\u2019aide de la technique de la fonte creuse.<\/p>\n<p>Huge sculpture of a rat with a dark brown patina, made by hollow casting.<\/p>\n","protected":false},"featured_media":29322,"template":"","meta":[],"product_brand":[],"product_cat":[],"product_tag":[],"class_list":{"0":"post-29309","1":"product","2":"type-product","3":"status-publish","4":"has-post-thumbnail","6":"description-off","8":"first","9":"instock","10":"shipping-taxable","11":"product-type-simple"},"aioseo_notices":[],"_links":{"self":[{"href":"https:\/\/www.carrerivegauche.com\/fr\/wp-json\/wp\/v2\/product\/29309","targetHints":{"allow":["GET"]}}],"collection":[{"href":"https:\/\/www.carrerivegauche.com\/fr\/wp-json\/wp\/v2\/product"}],"about":[{"href":"https:\/\/www.carrerivegauche.com\/fr\/wp-json\/wp\/v2\/types\/product"}],"wp:featuredmedia":[{"embeddable":true,"href":"https:\/\/www.carrerivegauche.com\/fr\/wp-json\/wp\/v2\/media\/29322"}],"wp:attachment":[{"href":"https:\/\/www.carrerivegauche.com\/fr\/wp-json\/wp\/v2\/media?parent=29309"}],"wp:term":[{"taxonomy":"product_brand","embeddable":true,"href":"https:\/\/www.carrerivegauche.com\/fr\/wp-json\/wp\/v2\/product_brand?post=29309"},{"taxonomy":"product_cat","embeddable":true,"href":"https:\/\/www.carrerivegauche.com\/fr\/wp-json\/wp\/v2\/product_cat?post=29309"},{"taxonomy":"product_tag","embeddable":true,"href":"https:\/\/www.carrerivegauche.com\/fr\/wp-json\/wp\/v2\/product_tag?post=29309"}],"curies":[{"name":"wp","href":"https:\/\/api.w.org\/{rel}","templated":true}]}}