 

{"id":29308,"date":"2024-11-28T18:42:13","date_gmt":"2024-11-28T17:42:13","guid":{"rendered":"https:\/\/www.carrerivegauche.com\/boutique-crg\/grande-tasse-en-ceramique-siliceuse-de-kutahya-turquie-fin-xviiie-debut-xixe-s\/"},"modified":"2024-11-28T18:42:58","modified_gmt":"2024-11-28T17:42:58","slug":"grande-tasse-en-ceramique-siliceuse-de-kutahya-turquie-fin-xviiie-debut-xixe-s","status":"publish","type":"product","link":"https:\/\/www.carrerivegauche.com\/fr\/boutique-crg\/grande-tasse-en-ceramique-siliceuse-de-kutahya-turquie-fin-xviiie-debut-xixe-s\/","title":{"rendered":"Grande tasse en c\u00e9ramique siliceuse de K\u00fctahya (Turquie) &#8211; fin XVIIIe d\u00e9but XIXe s"},"content":{"rendered":"<p>Large siliceous ceramic cup from K\u00fctahya (Turkey) &#8211; late 18th \/ early 19th<\/p>\n<p>Large, slightly flared sorbet cup and saucer in siliceous ceramic from K\u00fctahya (Turkey) with polychrome decoration of large bouquets on a white background, alternating with half-mandorles with scale motifs on a blue background. Frieze of floral motifs alternating with striations and dotted lines at the top. Circa 1800, late 18th or early 19th century. Height: 10.8 cm. The neck is missing, and a small vertical crack has been restored.<\/p>\n","protected":false},"excerpt":{"rendered":"<p>Grande tasse sorbet l\u00e9g\u00e8rement \u00e9vas\u00e9e et sa soucoupe en c\u00e9ramique siliceuse de K\u00fctahya (Turquie) \u00e0 d\u00e9cor polychrome de larges bouquets sur fond blanc, altern\u00e9s de demi mandorles \u00e0 motifs d&rsquo;\u00e9cailles sur fond bleu. Frise de motifs floraux altern\u00e9s de stries et pointill\u00e9s en partie haute. Vers 1800, fin XVIIIe ou d\u00e9but XIXe si\u00e8cle. Hauteur : 10,8 cm. Un manque au col suivi d&rsquo;une petite f\u00ealure verticale restaur\u00e9s.<\/p>\n","protected":false},"featured_media":29299,"template":"","meta":[],"product_brand":[],"product_cat":[],"product_tag":[],"class_list":{"0":"post-29308","1":"product","2":"type-product","3":"status-publish","4":"has-post-thumbnail","6":"description-off","8":"first","9":"instock","10":"shipping-taxable","11":"purchasable","12":"product-type-simple"},"aioseo_notices":[],"_links":{"self":[{"href":"https:\/\/www.carrerivegauche.com\/fr\/wp-json\/wp\/v2\/product\/29308","targetHints":{"allow":["GET"]}}],"collection":[{"href":"https:\/\/www.carrerivegauche.com\/fr\/wp-json\/wp\/v2\/product"}],"about":[{"href":"https:\/\/www.carrerivegauche.com\/fr\/wp-json\/wp\/v2\/types\/product"}],"wp:featuredmedia":[{"embeddable":true,"href":"https:\/\/www.carrerivegauche.com\/fr\/wp-json\/wp\/v2\/media\/29299"}],"wp:attachment":[{"href":"https:\/\/www.carrerivegauche.com\/fr\/wp-json\/wp\/v2\/media?parent=29308"}],"wp:term":[{"taxonomy":"product_brand","embeddable":true,"href":"https:\/\/www.carrerivegauche.com\/fr\/wp-json\/wp\/v2\/product_brand?post=29308"},{"taxonomy":"product_cat","embeddable":true,"href":"https:\/\/www.carrerivegauche.com\/fr\/wp-json\/wp\/v2\/product_cat?post=29308"},{"taxonomy":"product_tag","embeddable":true,"href":"https:\/\/www.carrerivegauche.com\/fr\/wp-json\/wp\/v2\/product_tag?post=29308"}],"curies":[{"name":"wp","href":"https:\/\/api.w.org\/{rel}","templated":true}]}}