 

{"id":29276,"date":"2024-11-28T18:30:37","date_gmt":"2024-11-28T17:30:37","guid":{"rendered":"https:\/\/www.carrerivegauche.com\/boutique-crg\/jeune-garcon-au-leopard-en-porcelaine-de-meissen-vers-1750-55\/"},"modified":"2024-11-28T18:34:33","modified_gmt":"2024-11-28T17:34:33","slug":"jeune-garcon-au-leopard-en-porcelaine-de-meissen-vers-1750-55","status":"publish","type":"product","link":"https:\/\/www.carrerivegauche.com\/fr\/boutique-crg\/jeune-garcon-au-leopard-en-porcelaine-de-meissen-vers-1750-55\/","title":{"rendered":"Jeune gar\u00e7on au l\u00e9opard en porcelaine de Meissen vers 1750-55"},"content":{"rendered":"<p>Young boy seated next to a leopard in Meissen porcelain, circa 1750-55.<\/p>\n<p>Meissen porcelain group depicting a boy (Bacchus ?) seated next to a leopard and giving it grapes. Rocaille terrace. Marked with two crossed swords in blue.<br \/>Model by J.F. Eberlein. Circa 1750-55. 18th century.<br \/>H. 9 cm. Length: 13 cm. <br \/>Right hand glued back, stick and two toes restored, chips repaired. <br \/>Cf. Y. Adams, Meissen Figures 1730-1775 The Kandler Period, Schiffer Publishing Ltd.2001, page 118 n\u00b0323.<\/p>\n","protected":false},"excerpt":{"rendered":"<p>Groupe en porcelaine de Meissen repr\u00e9sentant un gar\u00e7on (Bacchus ?) assis pr\u00e8s d&rsquo;un l\u00e9opard et lui donnant du raisin. Terrasse rocaille. Marqu\u00e9 aux deux \u00e9p\u00e9es crois\u00e9es en bleu.<br \/>Mod\u00e8le de J.F. Eberlein. Vers 1750-55. XVIIIe si\u00e8cle.<br \/>H. 9 cm. Long. 13 cm. <br \/>Main droite recoll\u00e9e, b\u00e2ton et deux orteils restaur\u00e9s, \u00e9grenures reprises. <br \/>Cf. Y. Adams, Meissen Figures 1730-1775 The Kandler Period, Schiffer Publishing Ltd.2001, page 118 n\u00b0323.<\/p>\n","protected":false},"featured_media":29283,"template":"","meta":[],"product_brand":[],"product_cat":[],"product_tag":[],"class_list":{"0":"post-29276","1":"product","2":"type-product","3":"status-publish","4":"has-post-thumbnail","6":"description-off","8":"first","9":"instock","10":"shipping-taxable","11":"purchasable","12":"product-type-simple"},"aioseo_notices":[],"_links":{"self":[{"href":"https:\/\/www.carrerivegauche.com\/fr\/wp-json\/wp\/v2\/product\/29276","targetHints":{"allow":["GET"]}}],"collection":[{"href":"https:\/\/www.carrerivegauche.com\/fr\/wp-json\/wp\/v2\/product"}],"about":[{"href":"https:\/\/www.carrerivegauche.com\/fr\/wp-json\/wp\/v2\/types\/product"}],"wp:featuredmedia":[{"embeddable":true,"href":"https:\/\/www.carrerivegauche.com\/fr\/wp-json\/wp\/v2\/media\/29283"}],"wp:attachment":[{"href":"https:\/\/www.carrerivegauche.com\/fr\/wp-json\/wp\/v2\/media?parent=29276"}],"wp:term":[{"taxonomy":"product_brand","embeddable":true,"href":"https:\/\/www.carrerivegauche.com\/fr\/wp-json\/wp\/v2\/product_brand?post=29276"},{"taxonomy":"product_cat","embeddable":true,"href":"https:\/\/www.carrerivegauche.com\/fr\/wp-json\/wp\/v2\/product_cat?post=29276"},{"taxonomy":"product_tag","embeddable":true,"href":"https:\/\/www.carrerivegauche.com\/fr\/wp-json\/wp\/v2\/product_tag?post=29276"}],"curies":[{"name":"wp","href":"https:\/\/api.w.org\/{rel}","templated":true}]}}