 

{"id":29272,"date":"2024-11-28T18:27:10","date_gmt":"2024-11-28T17:27:10","guid":{"rendered":"https:\/\/www.carrerivegauche.com\/boutique-crg\/plaque-en-faience-de-deruta-italie-representant-la-vierge-et-lenfant-jesus-17e-s\/"},"modified":"2024-11-28T18:27:10","modified_gmt":"2024-11-28T17:27:10","slug":"plaque-en-faience-de-deruta-italie-representant-la-vierge-et-lenfant-jesus-17e-s","status":"publish","type":"product","link":"https:\/\/www.carrerivegauche.com\/fr\/boutique-crg\/plaque-en-faience-de-deruta-italie-representant-la-vierge-et-lenfant-jesus-17e-s\/","title":{"rendered":"Plaque en fa\u00efence de Deruta (Italie) repr\u00e9sentant la Vierge et l&rsquo;enfant J\u00e9sus, 17e s."},"content":{"rendered":"<p>Deruta (Italy) earthenware plaque depicting the Virgin and Child Jesus, 17c<br data-mce-bogus=\"1\"><\/p>\n<p>Rectangular plate in Deruta earthenware with polychrome decoration of a Madonna and Child in bas-relief after a composition by Benedetto da Maiano. Border imitating a frame. <br \/>Late 17th century. <br \/>Height : 44 cm ; Width : 35 cm.<br data-mce-bogus=\"1\"><\/p>\n","protected":false},"excerpt":{"rendered":"<p>Plaque rectangulaire en fa\u00efence de Deruta \u00e0 d\u00e9cor polychrome d&rsquo;une Vierge \u00e0 l&rsquo;enfant en bas-relief d&rsquo;apr\u00e8s la composition de Benedetto da Maiano. Bordure imitant un encadrement. <br \/>Fin XVIIe si\u00e8cle. <br \/>Hauteur : 44 cm ; Largeur : 35 cm.<br data-mce-bogus=\"1\"><\/p>\n","protected":false},"featured_media":29266,"template":"","meta":[],"product_brand":[],"product_cat":[],"product_tag":[],"class_list":{"0":"post-29272","1":"product","2":"type-product","3":"status-publish","4":"has-post-thumbnail","6":"description-off","8":"first","9":"instock","10":"shipping-taxable","11":"purchasable","12":"product-type-simple"},"aioseo_notices":[],"_links":{"self":[{"href":"https:\/\/www.carrerivegauche.com\/fr\/wp-json\/wp\/v2\/product\/29272","targetHints":{"allow":["GET"]}}],"collection":[{"href":"https:\/\/www.carrerivegauche.com\/fr\/wp-json\/wp\/v2\/product"}],"about":[{"href":"https:\/\/www.carrerivegauche.com\/fr\/wp-json\/wp\/v2\/types\/product"}],"wp:featuredmedia":[{"embeddable":true,"href":"https:\/\/www.carrerivegauche.com\/fr\/wp-json\/wp\/v2\/media\/29266"}],"wp:attachment":[{"href":"https:\/\/www.carrerivegauche.com\/fr\/wp-json\/wp\/v2\/media?parent=29272"}],"wp:term":[{"taxonomy":"product_brand","embeddable":true,"href":"https:\/\/www.carrerivegauche.com\/fr\/wp-json\/wp\/v2\/product_brand?post=29272"},{"taxonomy":"product_cat","embeddable":true,"href":"https:\/\/www.carrerivegauche.com\/fr\/wp-json\/wp\/v2\/product_cat?post=29272"},{"taxonomy":"product_tag","embeddable":true,"href":"https:\/\/www.carrerivegauche.com\/fr\/wp-json\/wp\/v2\/product_tag?post=29272"}],"curies":[{"name":"wp","href":"https:\/\/api.w.org\/{rel}","templated":true}]}}