 

{"id":29171,"date":"2024-11-28T12:36:45","date_gmt":"2024-11-28T11:36:45","guid":{"rendered":"https:\/\/www.carrerivegauche.com\/boutique-crg\/grand-lustre-12-lumieres-epoque-neoclassique\/"},"modified":"2024-11-28T12:36:45","modified_gmt":"2024-11-28T11:36:45","slug":"grand-lustre-12-lumieres-epoque-neoclassique","status":"publish","type":"product","link":"https:\/\/www.carrerivegauche.com\/fr\/boutique-crg\/grand-lustre-12-lumieres-epoque-neoclassique\/","title":{"rendered":"Grand lustre 12 lumi\u00e8res \u00e9poque n\u00e9oclassique"},"content":{"rendered":"<p><br data-mce-bogus=\"1\"><\/p>\n","protected":false},"excerpt":{"rendered":"<p>Magnifique lustre compos\u00e9 d&rsquo;un pavillon haut, d\u00e9cor\u00e9 de vases de fleurs et d&rsquo;oiseaux, form\u00e9s de palmes de bronze dor\u00e9 agr\u00e9ment\u00e9es de mirzas de cristal taill\u00e9 ; soutenant par quatre cha\u00eenes de bronze dor\u00e9 une partie basse compos\u00e9e d&rsquo;une coupe de cristal taill\u00e9 ceinte de douze branches de palmes et de cristal formant luminaire.\u00a0 Dorure et cristallerie d&rsquo;origine. Travail de la fin du XVIII \u00e8me si\u00e8cle Europe du Nord ou Allemagne.<\/p>\n","protected":false},"featured_media":29147,"template":"","meta":[],"product_brand":[],"product_cat":[],"product_tag":[],"class_list":{"0":"post-29171","1":"product","2":"type-product","3":"status-publish","4":"has-post-thumbnail","6":"description-off","8":"first","9":"instock","10":"shipping-taxable","11":"purchasable","12":"product-type-simple"},"aioseo_notices":[],"_links":{"self":[{"href":"https:\/\/www.carrerivegauche.com\/fr\/wp-json\/wp\/v2\/product\/29171","targetHints":{"allow":["GET"]}}],"collection":[{"href":"https:\/\/www.carrerivegauche.com\/fr\/wp-json\/wp\/v2\/product"}],"about":[{"href":"https:\/\/www.carrerivegauche.com\/fr\/wp-json\/wp\/v2\/types\/product"}],"wp:featuredmedia":[{"embeddable":true,"href":"https:\/\/www.carrerivegauche.com\/fr\/wp-json\/wp\/v2\/media\/29147"}],"wp:attachment":[{"href":"https:\/\/www.carrerivegauche.com\/fr\/wp-json\/wp\/v2\/media?parent=29171"}],"wp:term":[{"taxonomy":"product_brand","embeddable":true,"href":"https:\/\/www.carrerivegauche.com\/fr\/wp-json\/wp\/v2\/product_brand?post=29171"},{"taxonomy":"product_cat","embeddable":true,"href":"https:\/\/www.carrerivegauche.com\/fr\/wp-json\/wp\/v2\/product_cat?post=29171"},{"taxonomy":"product_tag","embeddable":true,"href":"https:\/\/www.carrerivegauche.com\/fr\/wp-json\/wp\/v2\/product_tag?post=29171"}],"curies":[{"name":"wp","href":"https:\/\/api.w.org\/{rel}","templated":true}]}}