 

{"id":29130,"date":"2024-11-27T11:42:37","date_gmt":"2024-11-27T10:42:37","guid":{"rendered":"https:\/\/www.carrerivegauche.com\/boutique-crg\/table-en-bois-dore-fin-du-xviii-eme-siecle\/"},"modified":"2024-11-27T11:42:37","modified_gmt":"2024-11-27T10:42:37","slug":"table-en-bois-dore-fin-du-xviii-eme-siecle","status":"publish","type":"product","link":"https:\/\/www.carrerivegauche.com\/fr\/boutique-crg\/table-en-bois-dore-fin-du-xviii-eme-siecle\/","title":{"rendered":"Table en bois dor\u00e9 fin du XVIII \u00e8me si\u00e8cle"},"content":{"rendered":"<p><br data-mce-bogus=\"1\"><\/p>\n","protected":false},"excerpt":{"rendered":"<p>Rare table en bois sculpt\u00e9 et dor\u00e9, les quatre pieds \u00e0 pans cannel\u00e9s r\u00e9unis par une entretoise en H, d\u00e9cor\u00e9e en son centre par un vase n\u00e9oclassique, plateau de marbre Levanteau, dans un encadrement de marbre blanc, orn\u00e9 d&rsquo;une torsade de bronze. Travail possiblement du nord de l&rsquo;Europe fin du XVIII \u00e8me si\u00e8cle.<\/p>\n","protected":false},"featured_media":29097,"template":"","meta":[],"product_brand":[],"product_cat":[],"product_tag":[],"class_list":{"0":"post-29130","1":"product","2":"type-product","3":"status-publish","4":"has-post-thumbnail","6":"description-off","8":"first","9":"instock","10":"shipping-taxable","11":"purchasable","12":"product-type-simple"},"aioseo_notices":[],"_links":{"self":[{"href":"https:\/\/www.carrerivegauche.com\/fr\/wp-json\/wp\/v2\/product\/29130","targetHints":{"allow":["GET"]}}],"collection":[{"href":"https:\/\/www.carrerivegauche.com\/fr\/wp-json\/wp\/v2\/product"}],"about":[{"href":"https:\/\/www.carrerivegauche.com\/fr\/wp-json\/wp\/v2\/types\/product"}],"wp:featuredmedia":[{"embeddable":true,"href":"https:\/\/www.carrerivegauche.com\/fr\/wp-json\/wp\/v2\/media\/29097"}],"wp:attachment":[{"href":"https:\/\/www.carrerivegauche.com\/fr\/wp-json\/wp\/v2\/media?parent=29130"}],"wp:term":[{"taxonomy":"product_brand","embeddable":true,"href":"https:\/\/www.carrerivegauche.com\/fr\/wp-json\/wp\/v2\/product_brand?post=29130"},{"taxonomy":"product_cat","embeddable":true,"href":"https:\/\/www.carrerivegauche.com\/fr\/wp-json\/wp\/v2\/product_cat?post=29130"},{"taxonomy":"product_tag","embeddable":true,"href":"https:\/\/www.carrerivegauche.com\/fr\/wp-json\/wp\/v2\/product_tag?post=29130"}],"curies":[{"name":"wp","href":"https:\/\/api.w.org\/{rel}","templated":true}]}}