 

{"id":29046,"date":"2024-11-22T11:38:20","date_gmt":"2024-11-22T10:38:20","guid":{"rendered":"https:\/\/www.carrerivegauche.com\/boutique-crg\/lustre-en-bronze-dore-circa-1800\/"},"modified":"2024-11-22T11:38:20","modified_gmt":"2024-11-22T10:38:20","slug":"lustre-en-bronze-dore-circa-1800","status":"publish","type":"product","link":"https:\/\/www.carrerivegauche.com\/fr\/boutique-crg\/lustre-en-bronze-dore-circa-1800\/","title":{"rendered":"Lustre en bronze dor\u00e9 circa 1800"},"content":{"rendered":"<p><br data-mce-bogus=\"1\"><\/p>\n","protected":false},"excerpt":{"rendered":"<p>Un lustre en bronze cisel\u00e9 et dor\u00e9, la vasque d\u00e9cor\u00e9e d&rsquo;une frise de divinit\u00e9s des eaux encerclant une rosace de palmettes orn\u00e9es de feuilles et fruits, est \u00e9quip\u00e9e de huit bras de lumi\u00e8res \u00e0 d\u00e9cor de cygnes supportant les binets ; ceinture ajour\u00e9e de frise de feuilles. Elle est reli\u00e9e par huit cha\u00eenes perl\u00e9es au pavillon sup\u00e9rieur d\u00e9cor\u00e9 de palmettes et de fleurs.<br \/>Travail d&rsquo;Europe du Nord circa 1800 d\u00e9but de l&rsquo;\u00e9poque Empire, XIX \u00e8me si\u00e8cle<\/p>\n","protected":false},"featured_media":29031,"template":"","meta":[],"product_brand":[],"product_cat":[],"product_tag":[],"class_list":{"0":"post-29046","1":"product","2":"type-product","3":"status-publish","4":"has-post-thumbnail","6":"description-off","8":"first","9":"instock","10":"shipping-taxable","11":"purchasable","12":"product-type-simple"},"aioseo_notices":[],"_links":{"self":[{"href":"https:\/\/www.carrerivegauche.com\/fr\/wp-json\/wp\/v2\/product\/29046","targetHints":{"allow":["GET"]}}],"collection":[{"href":"https:\/\/www.carrerivegauche.com\/fr\/wp-json\/wp\/v2\/product"}],"about":[{"href":"https:\/\/www.carrerivegauche.com\/fr\/wp-json\/wp\/v2\/types\/product"}],"wp:featuredmedia":[{"embeddable":true,"href":"https:\/\/www.carrerivegauche.com\/fr\/wp-json\/wp\/v2\/media\/29031"}],"wp:attachment":[{"href":"https:\/\/www.carrerivegauche.com\/fr\/wp-json\/wp\/v2\/media?parent=29046"}],"wp:term":[{"taxonomy":"product_brand","embeddable":true,"href":"https:\/\/www.carrerivegauche.com\/fr\/wp-json\/wp\/v2\/product_brand?post=29046"},{"taxonomy":"product_cat","embeddable":true,"href":"https:\/\/www.carrerivegauche.com\/fr\/wp-json\/wp\/v2\/product_cat?post=29046"},{"taxonomy":"product_tag","embeddable":true,"href":"https:\/\/www.carrerivegauche.com\/fr\/wp-json\/wp\/v2\/product_tag?post=29046"}],"curies":[{"name":"wp","href":"https:\/\/api.w.org\/{rel}","templated":true}]}}