 

{"id":29030,"date":"2024-11-22T11:19:15","date_gmt":"2024-11-22T10:19:15","guid":{"rendered":"https:\/\/www.carrerivegauche.com\/boutique-crg\/miroir-a-pare-closes-epoque-regence-xviii-eme-siecle\/"},"modified":"2024-11-22T11:19:15","modified_gmt":"2024-11-22T10:19:15","slug":"miroir-a-pare-closes-epoque-regence-xviii-eme-siecle","status":"publish","type":"product","link":"https:\/\/www.carrerivegauche.com\/fr\/boutique-crg\/miroir-a-pare-closes-epoque-regence-xviii-eme-siecle\/","title":{"rendered":"Miroir \u00e0 pare closes \u00e9poque R\u00e9gence XVIII \u00e8me si\u00e8cle"},"content":{"rendered":"<p><br data-mce-bogus=\"1\"><\/p>\n","protected":false},"excerpt":{"rendered":"<p>Miroir \u00e0 pare closes de forme quadrangulaire, la partie haute cintr\u00e9e recevant une tr\u00e8s large coquille encadr\u00e9e de rinceaux feuillag\u00e9s. Elle se compose d&rsquo;un double encadrement \u00e0 la b\u00e9rain, cernant des pare closes de miroir au mercure biseaut\u00e9es, d\u00e9cor\u00e9es de cartouches d&rsquo;angles en bois dor\u00e9 sculpt\u00e9. Le miroir central au mercure, en parfait \u00e9tat, encadr\u00e9 de baguettes de miroir biseaut\u00e9es associ\u00e9es par des agrafes de laiton dor\u00e9. Travail Fran\u00e7ais \u00e9poque R\u00e9gence. Miroir au mercure en parfait \u00e9tat.<\/p>\n","protected":false},"featured_media":29006,"template":"","meta":[],"product_brand":[],"product_cat":[],"product_tag":[],"class_list":{"0":"post-29030","1":"product","2":"type-product","3":"status-publish","4":"has-post-thumbnail","6":"description-off","8":"first","9":"instock","10":"shipping-taxable","11":"purchasable","12":"product-type-simple"},"aioseo_notices":[],"_links":{"self":[{"href":"https:\/\/www.carrerivegauche.com\/fr\/wp-json\/wp\/v2\/product\/29030","targetHints":{"allow":["GET"]}}],"collection":[{"href":"https:\/\/www.carrerivegauche.com\/fr\/wp-json\/wp\/v2\/product"}],"about":[{"href":"https:\/\/www.carrerivegauche.com\/fr\/wp-json\/wp\/v2\/types\/product"}],"wp:featuredmedia":[{"embeddable":true,"href":"https:\/\/www.carrerivegauche.com\/fr\/wp-json\/wp\/v2\/media\/29006"}],"wp:attachment":[{"href":"https:\/\/www.carrerivegauche.com\/fr\/wp-json\/wp\/v2\/media?parent=29030"}],"wp:term":[{"taxonomy":"product_brand","embeddable":true,"href":"https:\/\/www.carrerivegauche.com\/fr\/wp-json\/wp\/v2\/product_brand?post=29030"},{"taxonomy":"product_cat","embeddable":true,"href":"https:\/\/www.carrerivegauche.com\/fr\/wp-json\/wp\/v2\/product_cat?post=29030"},{"taxonomy":"product_tag","embeddable":true,"href":"https:\/\/www.carrerivegauche.com\/fr\/wp-json\/wp\/v2\/product_tag?post=29030"}],"curies":[{"name":"wp","href":"https:\/\/api.w.org\/{rel}","templated":true}]}}