 

{"id":29005,"date":"2024-11-21T12:46:05","date_gmt":"2024-11-21T11:46:05","guid":{"rendered":"https:\/\/www.carrerivegauche.com\/boutique-crg\/grande-console-epoque-louis-xv-milieu-du-xviii-eme-siecle\/"},"modified":"2024-11-21T12:46:05","modified_gmt":"2024-11-21T11:46:05","slug":"grande-console-epoque-louis-xv-milieu-du-xviii-eme-siecle","status":"publish","type":"product","link":"https:\/\/www.carrerivegauche.com\/fr\/boutique-crg\/grande-console-epoque-louis-xv-milieu-du-xviii-eme-siecle\/","title":{"rendered":"Grande console \u00e9poque Louis XV milieu du XVIII \u00e8me si\u00e8cle"},"content":{"rendered":"<p><br data-mce-bogus=\"1\"><\/p>\n","protected":false},"excerpt":{"rendered":"<p>Une grande console, de forme mouvement\u00e9e, \u00e0 quatre pieds, en ch\u00eane sculpt\u00e9 et dor\u00e9, d\u00e9couvrant une traverse frontale sculpt\u00e9e de rinceaux et motifs floraux ; au centre une grenade dite \u00ab\u00a0\u00e9clat\u00e9e\u00a0\u00bb. Les quatre pieds sont reli\u00e9s par une entretoise form\u00e9e d&rsquo;un large motif de rocaille et rinceaux. La console est coiff\u00e9e d&rsquo;un marbre rouge dit \u00ab\u00a0Rouge Royal\u00a0\u00bb. Travail parisien \u00e9poque Louis XV premi\u00e8re moiti\u00e9 du XVIII \u00e8me si\u00e8cle.<\/p>\n","protected":false},"featured_media":28972,"template":"","meta":[],"product_brand":[],"product_cat":[],"product_tag":[],"class_list":{"0":"post-29005","1":"product","2":"type-product","3":"status-publish","4":"has-post-thumbnail","6":"description-off","8":"first","9":"instock","10":"shipping-taxable","11":"purchasable","12":"product-type-simple"},"aioseo_notices":[],"_links":{"self":[{"href":"https:\/\/www.carrerivegauche.com\/fr\/wp-json\/wp\/v2\/product\/29005","targetHints":{"allow":["GET"]}}],"collection":[{"href":"https:\/\/www.carrerivegauche.com\/fr\/wp-json\/wp\/v2\/product"}],"about":[{"href":"https:\/\/www.carrerivegauche.com\/fr\/wp-json\/wp\/v2\/types\/product"}],"wp:featuredmedia":[{"embeddable":true,"href":"https:\/\/www.carrerivegauche.com\/fr\/wp-json\/wp\/v2\/media\/28972"}],"wp:attachment":[{"href":"https:\/\/www.carrerivegauche.com\/fr\/wp-json\/wp\/v2\/media?parent=29005"}],"wp:term":[{"taxonomy":"product_brand","embeddable":true,"href":"https:\/\/www.carrerivegauche.com\/fr\/wp-json\/wp\/v2\/product_brand?post=29005"},{"taxonomy":"product_cat","embeddable":true,"href":"https:\/\/www.carrerivegauche.com\/fr\/wp-json\/wp\/v2\/product_cat?post=29005"},{"taxonomy":"product_tag","embeddable":true,"href":"https:\/\/www.carrerivegauche.com\/fr\/wp-json\/wp\/v2\/product_tag?post=29005"}],"curies":[{"name":"wp","href":"https:\/\/api.w.org\/{rel}","templated":true}]}}