 

{"id":28971,"date":"2024-11-21T12:12:46","date_gmt":"2024-11-21T11:12:46","guid":{"rendered":"https:\/\/www.carrerivegauche.com\/boutique-crg\/paire-de-grands-candelabres-epoque-louis-xvi-fin-xviii-eme-siecle\/"},"modified":"2024-11-21T12:12:47","modified_gmt":"2024-11-21T11:12:47","slug":"paire-de-grands-candelabres-epoque-louis-xvi-fin-xviii-eme-siecle","status":"publish","type":"product","link":"https:\/\/www.carrerivegauche.com\/fr\/boutique-crg\/paire-de-grands-candelabres-epoque-louis-xvi-fin-xviii-eme-siecle\/","title":{"rendered":"Paire de grands cand\u00e9labres \u00e9poque Louis XVI fin XVIII \u00e8me si\u00e8cle"},"content":{"rendered":"<p><br data-mce-bogus=\"1\"><\/p>\n","protected":false},"excerpt":{"rendered":"<p>Paire de grands cand\u00e9labres \u00e0 trois lumi\u00e8res repr\u00e9sentant deux vestales drap\u00e9es \u00e0 l&rsquo;antique en bronze patin\u00e9, portant des cornes d&rsquo;abondance formant luminaire en bronze cisel\u00e9 et dor\u00e9 (dans leur dorure d&rsquo;\u00e9poque). Les trois branches sont reli\u00e9es en partie sup\u00e9rieure \u00e0 un plumet supportant une couronne de fleurs soutenue par trois cha\u00eenes. Elles reposent sur un socle cylindrique de marbre blanc d\u00e9cor\u00e9 de guirlandes de fleurs et d&rsquo;une frise de rais de coeur en bronze dor\u00e9 ; contre socle rectangulaire de bronze dor\u00e9. Travail fran\u00e7ais \u00e9poque Louis XVI fin du XVIII \u00e8me si\u00e8cle.<\/p>\n","protected":false},"featured_media":28959,"template":"","meta":[],"product_brand":[],"product_cat":[],"product_tag":[],"class_list":{"0":"post-28971","1":"product","2":"type-product","3":"status-publish","4":"has-post-thumbnail","6":"description-off","8":"first","9":"instock","10":"shipping-taxable","11":"purchasable","12":"product-type-simple"},"aioseo_notices":[],"_links":{"self":[{"href":"https:\/\/www.carrerivegauche.com\/fr\/wp-json\/wp\/v2\/product\/28971","targetHints":{"allow":["GET"]}}],"collection":[{"href":"https:\/\/www.carrerivegauche.com\/fr\/wp-json\/wp\/v2\/product"}],"about":[{"href":"https:\/\/www.carrerivegauche.com\/fr\/wp-json\/wp\/v2\/types\/product"}],"wp:featuredmedia":[{"embeddable":true,"href":"https:\/\/www.carrerivegauche.com\/fr\/wp-json\/wp\/v2\/media\/28959"}],"wp:attachment":[{"href":"https:\/\/www.carrerivegauche.com\/fr\/wp-json\/wp\/v2\/media?parent=28971"}],"wp:term":[{"taxonomy":"product_brand","embeddable":true,"href":"https:\/\/www.carrerivegauche.com\/fr\/wp-json\/wp\/v2\/product_brand?post=28971"},{"taxonomy":"product_cat","embeddable":true,"href":"https:\/\/www.carrerivegauche.com\/fr\/wp-json\/wp\/v2\/product_cat?post=28971"},{"taxonomy":"product_tag","embeddable":true,"href":"https:\/\/www.carrerivegauche.com\/fr\/wp-json\/wp\/v2\/product_tag?post=28971"}],"curies":[{"name":"wp","href":"https:\/\/api.w.org\/{rel}","templated":true}]}}