 

{"id":28914,"date":"2024-11-20T15:19:42","date_gmt":"2024-11-20T14:19:42","guid":{"rendered":"https:\/\/www.carrerivegauche.com\/boutique-crg\/suite-de-cinq-fauteuils-en-tapisserie-epoque-louis-xv-milieu-xviii\/"},"modified":"2024-11-21T12:16:55","modified_gmt":"2024-11-21T11:16:55","slug":"suite-de-cinq-fauteuils-en-tapisserie-epoque-louis-xv-milieu-xviii","status":"publish","type":"product","link":"https:\/\/www.carrerivegauche.com\/fr\/boutique-crg\/suite-de-cinq-fauteuils-en-tapisserie-epoque-louis-xv-milieu-xviii\/","title":{"rendered":"Suite de cinq fauteuils en tapisserie \u00e9poque Louis XV milieu XVIII\u00b0"},"content":{"rendered":"<p><\/p>\n","protected":false},"excerpt":{"rendered":"<p>Suite de cinq fauteuils \u00e0 dossier plat en bois sculpt\u00e9 et dor\u00e9 \u00e0 d\u00e9cor de coquilles, fleurettes et feuillages. Les consoles d&rsquo;accotoirs en coup de fouet, les pieds ant\u00e9rieurs cambr\u00e9s termin\u00e9s en enroulement. Garniture en tapisserie d&rsquo;origine, vraisemblablement de Beauvais, \u00e0 d\u00e9cor polychrome dans des cartouches rocaille des Fables de la Fontaine.<br \/>Travail Fran\u00e7ais \u00e9poque Louis XV milieu du XVIII \u00e8me si\u00e8cle.<\/p>\n","protected":false},"featured_media":28860,"template":"","meta":[],"product_brand":[],"product_cat":[],"product_tag":[],"class_list":{"0":"post-28914","1":"product","2":"type-product","3":"status-publish","4":"has-post-thumbnail","6":"description-off","8":"first","9":"instock","10":"shipping-taxable","11":"purchasable","12":"product-type-simple"},"aioseo_notices":[],"_links":{"self":[{"href":"https:\/\/www.carrerivegauche.com\/fr\/wp-json\/wp\/v2\/product\/28914","targetHints":{"allow":["GET"]}}],"collection":[{"href":"https:\/\/www.carrerivegauche.com\/fr\/wp-json\/wp\/v2\/product"}],"about":[{"href":"https:\/\/www.carrerivegauche.com\/fr\/wp-json\/wp\/v2\/types\/product"}],"wp:featuredmedia":[{"embeddable":true,"href":"https:\/\/www.carrerivegauche.com\/fr\/wp-json\/wp\/v2\/media\/28860"}],"wp:attachment":[{"href":"https:\/\/www.carrerivegauche.com\/fr\/wp-json\/wp\/v2\/media?parent=28914"}],"wp:term":[{"taxonomy":"product_brand","embeddable":true,"href":"https:\/\/www.carrerivegauche.com\/fr\/wp-json\/wp\/v2\/product_brand?post=28914"},{"taxonomy":"product_cat","embeddable":true,"href":"https:\/\/www.carrerivegauche.com\/fr\/wp-json\/wp\/v2\/product_cat?post=28914"},{"taxonomy":"product_tag","embeddable":true,"href":"https:\/\/www.carrerivegauche.com\/fr\/wp-json\/wp\/v2\/product_tag?post=28914"}],"curies":[{"name":"wp","href":"https:\/\/api.w.org\/{rel}","templated":true}]}}