 

{"id":28856,"date":"2024-11-20T14:15:03","date_gmt":"2024-11-20T13:15:03","guid":{"rendered":"https:\/\/www.carrerivegauche.com\/boutique-crg\/deux-portraits-epoque-louis-xv-milieu-xviii-siecle\/"},"modified":"2024-11-20T14:15:04","modified_gmt":"2024-11-20T13:15:04","slug":"deux-portraits-epoque-louis-xv-milieu-xviii-siecle","status":"publish","type":"product","link":"https:\/\/www.carrerivegauche.com\/fr\/boutique-crg\/deux-portraits-epoque-louis-xv-milieu-xviii-siecle\/","title":{"rendered":"Deux portraits \u00e9poque Louis XV milieu XVIII\u00b0 si\u00e8cle"},"content":{"rendered":"<p><br data-mce-bogus=\"1\"><\/p>\n","protected":false},"excerpt":{"rendered":"<p>Deux portraits formant paire, huile sur toile, repr\u00e9sentant Marie Febvrier de Chuber\u00e9 et Ren\u00e9 Alphonse Thoreau Ecuyer, dat\u00e9 1746 ; dans leur cadre d&rsquo;origine en bois sculpt\u00e9 et dor\u00e9.<br \/>Travail Fran\u00e7ais \u00e9poque Louis XV, milieu du XVIII\u00b0 si\u00e8cle.<\/p>\n","protected":false},"featured_media":28808,"template":"","meta":[],"product_brand":[],"product_cat":[],"product_tag":[],"class_list":{"0":"post-28856","1":"product","2":"type-product","3":"status-publish","4":"has-post-thumbnail","6":"description-off","8":"first","9":"instock","10":"shipping-taxable","11":"purchasable","12":"product-type-simple"},"aioseo_notices":[],"_links":{"self":[{"href":"https:\/\/www.carrerivegauche.com\/fr\/wp-json\/wp\/v2\/product\/28856","targetHints":{"allow":["GET"]}}],"collection":[{"href":"https:\/\/www.carrerivegauche.com\/fr\/wp-json\/wp\/v2\/product"}],"about":[{"href":"https:\/\/www.carrerivegauche.com\/fr\/wp-json\/wp\/v2\/types\/product"}],"wp:featuredmedia":[{"embeddable":true,"href":"https:\/\/www.carrerivegauche.com\/fr\/wp-json\/wp\/v2\/media\/28808"}],"wp:attachment":[{"href":"https:\/\/www.carrerivegauche.com\/fr\/wp-json\/wp\/v2\/media?parent=28856"}],"wp:term":[{"taxonomy":"product_brand","embeddable":true,"href":"https:\/\/www.carrerivegauche.com\/fr\/wp-json\/wp\/v2\/product_brand?post=28856"},{"taxonomy":"product_cat","embeddable":true,"href":"https:\/\/www.carrerivegauche.com\/fr\/wp-json\/wp\/v2\/product_cat?post=28856"},{"taxonomy":"product_tag","embeddable":true,"href":"https:\/\/www.carrerivegauche.com\/fr\/wp-json\/wp\/v2\/product_tag?post=28856"}],"curies":[{"name":"wp","href":"https:\/\/api.w.org\/{rel}","templated":true}]}}