 

{"id":28805,"date":"2024-11-19T15:38:48","date_gmt":"2024-11-19T14:38:48","guid":{"rendered":"https:\/\/www.carrerivegauche.com\/boutique-crg\/medaillon-marbre-xviii-empereur-vitellius\/"},"modified":"2024-11-19T15:38:48","modified_gmt":"2024-11-19T14:38:48","slug":"medaillon-marbre-xviii-empereur-vitellius","status":"publish","type":"product","link":"https:\/\/www.carrerivegauche.com\/fr\/boutique-crg\/medaillon-marbre-xviii-empereur-vitellius\/","title":{"rendered":"M\u00e9daillon marbre XVIII\u00b0 empereur Vitellius"},"content":{"rendered":"<p><br data-mce-bogus=\"1\"><\/p>\n","protected":false},"excerpt":{"rendered":"<p>Grand m\u00e9daillon en marbre blanc vein\u00e9 repr\u00e9sentant l&#8217;empereur romain VITELLIUS (n\u00e9 le 24 septembre 15 \/ mort le 22 d\u00e9cembre 69) dans un cadre de marbre Bardiglio. Travail Italien du XVIII\u00b0 si\u00e8cle.<\/p>\n","protected":false},"featured_media":28784,"template":"","meta":[],"product_brand":[],"product_cat":[],"product_tag":[],"class_list":{"0":"post-28805","1":"product","2":"type-product","3":"status-publish","4":"has-post-thumbnail","6":"description-off","8":"first","9":"instock","10":"shipping-taxable","11":"purchasable","12":"product-type-simple"},"aioseo_notices":[],"_links":{"self":[{"href":"https:\/\/www.carrerivegauche.com\/fr\/wp-json\/wp\/v2\/product\/28805","targetHints":{"allow":["GET"]}}],"collection":[{"href":"https:\/\/www.carrerivegauche.com\/fr\/wp-json\/wp\/v2\/product"}],"about":[{"href":"https:\/\/www.carrerivegauche.com\/fr\/wp-json\/wp\/v2\/types\/product"}],"wp:featuredmedia":[{"embeddable":true,"href":"https:\/\/www.carrerivegauche.com\/fr\/wp-json\/wp\/v2\/media\/28784"}],"wp:attachment":[{"href":"https:\/\/www.carrerivegauche.com\/fr\/wp-json\/wp\/v2\/media?parent=28805"}],"wp:term":[{"taxonomy":"product_brand","embeddable":true,"href":"https:\/\/www.carrerivegauche.com\/fr\/wp-json\/wp\/v2\/product_brand?post=28805"},{"taxonomy":"product_cat","embeddable":true,"href":"https:\/\/www.carrerivegauche.com\/fr\/wp-json\/wp\/v2\/product_cat?post=28805"},{"taxonomy":"product_tag","embeddable":true,"href":"https:\/\/www.carrerivegauche.com\/fr\/wp-json\/wp\/v2\/product_tag?post=28805"}],"curies":[{"name":"wp","href":"https:\/\/api.w.org\/{rel}","templated":true}]}}