 

{"id":28783,"date":"2024-11-19T15:29:54","date_gmt":"2024-11-19T14:29:54","guid":{"rendered":"https:\/\/www.carrerivegauche.com\/boutique-crg\/lanterne-epoque-louis-xvi-circa-1780\/"},"modified":"2024-11-21T12:28:50","modified_gmt":"2024-11-21T11:28:50","slug":"lanterne-epoque-louis-xvi-circa-1780","status":"publish","type":"product","link":"https:\/\/www.carrerivegauche.com\/fr\/boutique-crg\/lanterne-epoque-louis-xvi-circa-1780\/","title":{"rendered":"Lanterne \u00e9poque Louis XVI circa 1780"},"content":{"rendered":"<p><\/p>\n","protected":false},"excerpt":{"rendered":"<p>Une petite lanterne compos\u00e9e de quatre arceaux de bronze dor\u00e9 \u00e0 d\u00e9cor de gouttes, perl\u00e9s et glands, surmont\u00e9s d&rsquo;un fumivore\u00a0 de verre d&rsquo;origine soutenant le corps cylindrique de la lanterne d\u00e9cor\u00e9e, sur ses quatre faces convexes, de perl\u00e9s, rubans et gouttes ; munie \u00e0 l&rsquo;int\u00e9rieur d&rsquo;un lustrillon \u00e0 deux lumi\u00e8res. Electrification r\u00e9cente.<br \/>Travail Fran\u00e7ais \u00e9poque Louis XVI circa 1780 deuxi\u00e8me moiti\u00e9 du XVIII \u00e8me si\u00e8cle.<\/p>\n","protected":false},"featured_media":28774,"template":"","meta":[],"product_brand":[],"product_cat":[],"product_tag":[],"class_list":{"0":"post-28783","1":"product","2":"type-product","3":"status-publish","4":"has-post-thumbnail","6":"description-off","8":"first","9":"instock","10":"shipping-taxable","11":"purchasable","12":"product-type-simple"},"aioseo_notices":[],"_links":{"self":[{"href":"https:\/\/www.carrerivegauche.com\/fr\/wp-json\/wp\/v2\/product\/28783","targetHints":{"allow":["GET"]}}],"collection":[{"href":"https:\/\/www.carrerivegauche.com\/fr\/wp-json\/wp\/v2\/product"}],"about":[{"href":"https:\/\/www.carrerivegauche.com\/fr\/wp-json\/wp\/v2\/types\/product"}],"wp:featuredmedia":[{"embeddable":true,"href":"https:\/\/www.carrerivegauche.com\/fr\/wp-json\/wp\/v2\/media\/28774"}],"wp:attachment":[{"href":"https:\/\/www.carrerivegauche.com\/fr\/wp-json\/wp\/v2\/media?parent=28783"}],"wp:term":[{"taxonomy":"product_brand","embeddable":true,"href":"https:\/\/www.carrerivegauche.com\/fr\/wp-json\/wp\/v2\/product_brand?post=28783"},{"taxonomy":"product_cat","embeddable":true,"href":"https:\/\/www.carrerivegauche.com\/fr\/wp-json\/wp\/v2\/product_cat?post=28783"},{"taxonomy":"product_tag","embeddable":true,"href":"https:\/\/www.carrerivegauche.com\/fr\/wp-json\/wp\/v2\/product_tag?post=28783"}],"curies":[{"name":"wp","href":"https:\/\/api.w.org\/{rel}","templated":true}]}}