 

{"id":28763,"date":"2024-11-16T12:53:57","date_gmt":"2024-11-16T11:53:57","guid":{"rendered":"https:\/\/www.carrerivegauche.com\/boutique-crg\/lucien-coutaud-1904-1977\/"},"modified":"2024-11-16T12:53:57","modified_gmt":"2024-11-16T11:53:57","slug":"lucien-coutaud-1904-1977","status":"publish","type":"product","link":"https:\/\/www.carrerivegauche.com\/fr\/boutique-crg\/lucien-coutaud-1904-1977\/","title":{"rendered":"Lucien COUTAUD (1904-1977)"},"content":{"rendered":"<p><br data-mce-bogus=\"1\"><\/p>\n","protected":false},"excerpt":{"rendered":"<h1><em><span data-mce-style=\"font-family: 'Book Antiqua', serif;\">Personnages dans un parc, 1933<\/span><\/em><\/h1>\n<h1><span>Gouache sur carton fort\u00a0<\/span><\/h1>\n<h1><span>Sign\u00e9e et dat\u00e9e en bas \u00e0 droite <i>Coutaud 33<\/i><\/span><\/h1>\n<p class=\"MsoNormal\"><span>47 x 61,9 cm<\/span><\/p>\n<p class=\"MsoNormal\"><span>\u00a0<\/span><\/p>\n<p class=\"MsoNormal\"><span>\u00a0<\/span><\/p>\n<p class=\"MsoNormal\"><span>Exposition\u00a0\u00a0\u00a0\u00a0\u00a0\u00a0 :<\/span><\/p>\n<p class=\"MsoNormal\"><i><span>Surr\u00e9alisme et Litt\u00e9rature<\/span><\/i><span>, <\/span><span>Espace Culturel D\u00e9partemental, Aix-en-Provence,\u00a0du 7 juillet au 3 octobre 2021<\/span><span><\/span><\/p>\n<p class=\"MsoNormal\"><span>\u00a0\u00a0\u00a0\u00a0\u00a0\u00a0\u00a0\u00a0\u00a0\u00a0\u00a0\u00a0\u00a0\u00a0\u00a0\u00a0\u00a0\u00a0\u00a0\u00a0\u00a0\u00a0\u00a0\u00a0\u00a0\u00a0\u00a0\u00a0\u00a0\u00a0\u00a0\u00a0\u00a0\u00a0 \u00a0<\/span><\/p>\n<p class=\"MsoBodyTextIndent2\"><span style=\"font-weight: normal\">Bibliographie\u00a0 :<\/span><\/p>\n<p class=\"MsoBodyTextIndent2\"><span style=\"font-size: 11pt;font-weight: normal\">&#8211; <i>Catalogue raisonn\u00e9 de l\u2019\u0153uvre de Lucien Coutaud<\/i>, <i>Tome 1<\/i>, par Maryvonne Binder, Jean Binder et\u00a0 l\u2019Association Lucien Coutaud, ALC \u00c9d., Paris 2020, d\u00e9crit et reproduit en couleur p. 548<\/span><\/p>\n<p class=\"MsoNormal\"><b><span>&#8211; <\/span><\/b><i><span>Surr\u00e9alisme et Litt\u00e9rature<\/span><\/i><span> par Christian Arthaud, catalogue de l\u2019exposition \u00e0 l\u2019<\/span><span>Espace Culturel D\u00e9partemental, Aix-en-Provence, 2021, reproduit en couleur p. 57<\/span><\/p>\n","protected":false},"featured_media":28760,"template":"","meta":[],"product_brand":[],"product_cat":[],"product_tag":[],"class_list":{"0":"post-28763","1":"product","2":"type-product","3":"status-publish","4":"has-post-thumbnail","6":"description-off","8":"first","9":"instock","10":"shipping-taxable","11":"product-type-simple"},"aioseo_notices":[],"_links":{"self":[{"href":"https:\/\/www.carrerivegauche.com\/fr\/wp-json\/wp\/v2\/product\/28763","targetHints":{"allow":["GET"]}}],"collection":[{"href":"https:\/\/www.carrerivegauche.com\/fr\/wp-json\/wp\/v2\/product"}],"about":[{"href":"https:\/\/www.carrerivegauche.com\/fr\/wp-json\/wp\/v2\/types\/product"}],"wp:featuredmedia":[{"embeddable":true,"href":"https:\/\/www.carrerivegauche.com\/fr\/wp-json\/wp\/v2\/media\/28760"}],"wp:attachment":[{"href":"https:\/\/www.carrerivegauche.com\/fr\/wp-json\/wp\/v2\/media?parent=28763"}],"wp:term":[{"taxonomy":"product_brand","embeddable":true,"href":"https:\/\/www.carrerivegauche.com\/fr\/wp-json\/wp\/v2\/product_brand?post=28763"},{"taxonomy":"product_cat","embeddable":true,"href":"https:\/\/www.carrerivegauche.com\/fr\/wp-json\/wp\/v2\/product_cat?post=28763"},{"taxonomy":"product_tag","embeddable":true,"href":"https:\/\/www.carrerivegauche.com\/fr\/wp-json\/wp\/v2\/product_tag?post=28763"}],"curies":[{"name":"wp","href":"https:\/\/api.w.org\/{rel}","templated":true}]}}