 

{"id":28723,"date":"2024-11-12T16:26:26","date_gmt":"2024-11-12T15:26:26","guid":{"rendered":"https:\/\/www.carrerivegauche.com\/boutique-crg\/encrier-epoque-louis-xiv\/"},"modified":"2024-11-12T16:26:26","modified_gmt":"2024-11-12T15:26:26","slug":"encrier-epoque-louis-xiv","status":"publish","type":"product","link":"https:\/\/www.carrerivegauche.com\/fr\/boutique-crg\/encrier-epoque-louis-xiv\/","title":{"rendered":"Encrier Epoque Louis XIV"},"content":{"rendered":"<p><br data-mce-bogus=\"1\"><\/p>\n","protected":false},"excerpt":{"rendered":"<p>Encrier de forme rectangulaire en placage d&rsquo;\u00e9caille rouge et filets de laiton , marqueterie de rinceaux \u00e0 la mani\u00e8re de A. Charles Boulle .<\/p>\n<p>Le plateau ceint d&rsquo;une lingoti\u00e8re , re\u00e7oit le n\u00e9cessaire \u00e0 \u00e9crire : large plumier accol\u00e9 aux cases agenc\u00e9es pour l&rsquo;encrier et les sels , un casier \u00e0 couvercle de rangement au centre .Il ouvre par un large tiroir en fa\u00e7ade , les ceintures sont soulign\u00e9es d&rsquo;un filet de laiton , petits pieds boule et anses de transport en bronze cisel\u00e9 et dor\u00e9 , serrure d&rsquo;origine .<\/p>\n<p>Epoque Louis XIV .<\/p>\n","protected":false},"featured_media":28714,"template":"","meta":[],"product_brand":[],"product_cat":[],"product_tag":[],"class_list":{"0":"post-28723","1":"product","2":"type-product","3":"status-publish","4":"has-post-thumbnail","6":"description-off","8":"first","9":"instock","10":"shipping-taxable","11":"purchasable","12":"product-type-simple"},"aioseo_notices":[],"_links":{"self":[{"href":"https:\/\/www.carrerivegauche.com\/fr\/wp-json\/wp\/v2\/product\/28723","targetHints":{"allow":["GET"]}}],"collection":[{"href":"https:\/\/www.carrerivegauche.com\/fr\/wp-json\/wp\/v2\/product"}],"about":[{"href":"https:\/\/www.carrerivegauche.com\/fr\/wp-json\/wp\/v2\/types\/product"}],"wp:featuredmedia":[{"embeddable":true,"href":"https:\/\/www.carrerivegauche.com\/fr\/wp-json\/wp\/v2\/media\/28714"}],"wp:attachment":[{"href":"https:\/\/www.carrerivegauche.com\/fr\/wp-json\/wp\/v2\/media?parent=28723"}],"wp:term":[{"taxonomy":"product_brand","embeddable":true,"href":"https:\/\/www.carrerivegauche.com\/fr\/wp-json\/wp\/v2\/product_brand?post=28723"},{"taxonomy":"product_cat","embeddable":true,"href":"https:\/\/www.carrerivegauche.com\/fr\/wp-json\/wp\/v2\/product_cat?post=28723"},{"taxonomy":"product_tag","embeddable":true,"href":"https:\/\/www.carrerivegauche.com\/fr\/wp-json\/wp\/v2\/product_tag?post=28723"}],"curies":[{"name":"wp","href":"https:\/\/api.w.org\/{rel}","templated":true}]}}