 

{"id":28713,"date":"2024-11-12T16:13:12","date_gmt":"2024-11-12T15:13:12","guid":{"rendered":"https:\/\/www.carrerivegauche.com\/boutique-crg\/paire-de-bronzes-iphigenie-et-chryses\/"},"modified":"2024-11-12T16:13:12","modified_gmt":"2024-11-12T15:13:12","slug":"paire-de-bronzes-iphigenie-et-chryses","status":"publish","type":"product","link":"https:\/\/www.carrerivegauche.com\/fr\/boutique-crg\/paire-de-bronzes-iphigenie-et-chryses\/","title":{"rendered":"Paire de bronzes Iphig\u00e9nie et Chrys\u00e9s"},"content":{"rendered":"<p><br data-mce-bogus=\"1\"><\/p>\n","protected":false},"excerpt":{"rendered":"<p>Paire de bronzes \u00e0 patine brune\u00a0 , bustes d&rsquo;Iphig\u00e9nie et Chrys\u00e9s , support\u00e9s par des socles ronds en marbre rouge griotte , cercl\u00e9s d&rsquo;un perl\u00e9\u00a0 et d&rsquo;une large frise en bronze dor\u00e9 , sur une base carr\u00e9e .<\/p>\n<p>Mod\u00e8le d&rsquo;apr\u00e8s Louis Simon Boizot\u00a0 ( 1743 -1809 ) sculpteur du roi et directeur de l&rsquo;atelier de sculpture \u00e0 la Manufacture de S\u00e8vres.<\/p>\n<p>Ex\u00e9cution de tr\u00e8s belle facture vers 1830 .<\/p>\n","protected":false},"featured_media":28704,"template":"","meta":[],"product_brand":[],"product_cat":[],"product_tag":[],"class_list":{"0":"post-28713","1":"product","2":"type-product","3":"status-publish","4":"has-post-thumbnail","6":"description-off","8":"first","9":"instock","10":"shipping-taxable","11":"product-type-simple"},"aioseo_notices":[],"_links":{"self":[{"href":"https:\/\/www.carrerivegauche.com\/fr\/wp-json\/wp\/v2\/product\/28713","targetHints":{"allow":["GET"]}}],"collection":[{"href":"https:\/\/www.carrerivegauche.com\/fr\/wp-json\/wp\/v2\/product"}],"about":[{"href":"https:\/\/www.carrerivegauche.com\/fr\/wp-json\/wp\/v2\/types\/product"}],"wp:featuredmedia":[{"embeddable":true,"href":"https:\/\/www.carrerivegauche.com\/fr\/wp-json\/wp\/v2\/media\/28704"}],"wp:attachment":[{"href":"https:\/\/www.carrerivegauche.com\/fr\/wp-json\/wp\/v2\/media?parent=28713"}],"wp:term":[{"taxonomy":"product_brand","embeddable":true,"href":"https:\/\/www.carrerivegauche.com\/fr\/wp-json\/wp\/v2\/product_brand?post=28713"},{"taxonomy":"product_cat","embeddable":true,"href":"https:\/\/www.carrerivegauche.com\/fr\/wp-json\/wp\/v2\/product_cat?post=28713"},{"taxonomy":"product_tag","embeddable":true,"href":"https:\/\/www.carrerivegauche.com\/fr\/wp-json\/wp\/v2\/product_tag?post=28713"}],"curies":[{"name":"wp","href":"https:\/\/api.w.org\/{rel}","templated":true}]}}