 

{"id":28703,"date":"2024-11-12T16:01:15","date_gmt":"2024-11-12T15:01:15","guid":{"rendered":"https:\/\/www.carrerivegauche.com\/boutique-crg\/portrait-huile-sur-toile-debut-xviiieme-siecle\/"},"modified":"2024-11-12T16:01:15","modified_gmt":"2024-11-12T15:01:15","slug":"portrait-huile-sur-toile-debut-xviiieme-siecle","status":"publish","type":"product","link":"https:\/\/www.carrerivegauche.com\/fr\/boutique-crg\/portrait-huile-sur-toile-debut-xviiieme-siecle\/","title":{"rendered":"PORTRAIT huile sur toile d\u00e9but XVIII\u00e8me si\u00e8cle"},"content":{"rendered":"<p><br data-mce-bogus=\"1\"><\/p>\n","protected":false},"excerpt":{"rendered":"<p>Charmant portrait\u00a0 d&rsquo;une femme de qualit\u00e9 tenant un perroquet .<\/p>\n<p>Huile sur toile ( rentoil\u00e9e ) en tr\u00e8s bon \u00e9tat de conservation de Constantin Netscher , peintre connu pour ses portraits et ses all\u00e9gories historiques .<\/p>\n<p>Sign\u00e9 et dat\u00e9 1716 .\u00a0<\/p>\n<p>Encadrement en bois sculpt\u00e9 et dor\u00e9 de belle facture XIX\u00e8me si\u00e8cle .<\/p>\n<p>Constantin Netscher , ( 1668 &#8211; 1723 ) La Haye , Pays Bas ,d&rsquo;une famille de peintres , p\u00e8re Caspar et ses fr\u00e8res Theodor et Anthonie .<\/p>\n","protected":false},"featured_media":28694,"template":"","meta":[],"product_brand":[],"product_cat":[],"product_tag":[],"class_list":{"0":"post-28703","1":"product","2":"type-product","3":"status-publish","4":"has-post-thumbnail","6":"description-off","8":"first","9":"instock","10":"shipping-taxable","11":"purchasable","12":"product-type-simple"},"aioseo_notices":[],"_links":{"self":[{"href":"https:\/\/www.carrerivegauche.com\/fr\/wp-json\/wp\/v2\/product\/28703","targetHints":{"allow":["GET"]}}],"collection":[{"href":"https:\/\/www.carrerivegauche.com\/fr\/wp-json\/wp\/v2\/product"}],"about":[{"href":"https:\/\/www.carrerivegauche.com\/fr\/wp-json\/wp\/v2\/types\/product"}],"wp:featuredmedia":[{"embeddable":true,"href":"https:\/\/www.carrerivegauche.com\/fr\/wp-json\/wp\/v2\/media\/28694"}],"wp:attachment":[{"href":"https:\/\/www.carrerivegauche.com\/fr\/wp-json\/wp\/v2\/media?parent=28703"}],"wp:term":[{"taxonomy":"product_brand","embeddable":true,"href":"https:\/\/www.carrerivegauche.com\/fr\/wp-json\/wp\/v2\/product_brand?post=28703"},{"taxonomy":"product_cat","embeddable":true,"href":"https:\/\/www.carrerivegauche.com\/fr\/wp-json\/wp\/v2\/product_cat?post=28703"},{"taxonomy":"product_tag","embeddable":true,"href":"https:\/\/www.carrerivegauche.com\/fr\/wp-json\/wp\/v2\/product_tag?post=28703"}],"curies":[{"name":"wp","href":"https:\/\/api.w.org\/{rel}","templated":true}]}}