 

{"id":28471,"date":"2024-11-02T16:13:48","date_gmt":"2024-11-02T15:13:48","guid":{"rendered":"https:\/\/www.carrerivegauche.com\/boutique-crg\/grand-cabinet-edo-avec-son-pietement-baroque-du-xviiie-siecle\/"},"modified":"2024-11-02T16:16:02","modified_gmt":"2024-11-02T15:16:02","slug":"grand-cabinet-edo-avec-son-pietement-baroque-du-xviiie-siecle","status":"publish","type":"product","link":"https:\/\/www.carrerivegauche.com\/fr\/boutique-crg\/grand-cabinet-edo-avec-son-pietement-baroque-du-xviiie-siecle\/","title":{"rendered":"Grand cabinet Edo Avec son pi\u00e8tement baroque du XVIIIe si\u00e8cle"},"content":{"rendered":"<p lang=\"fr-FR\" align=\"CENTER\" style=\"margin-bottom: 0cm;font-size: medium\" data-mce-style=\"margin-bottom: 0cm; font-size: medium;\"><span style=\"font-size: 16pt\" data-mce-style=\"font-size: 16pt;\"><u><b>Large Edo cabinet<\/b><\/u><\/span><\/p>\n<p lang=\"fr-FR\" align=\"CENTER\" style=\"margin-bottom: 0cm;font-size: medium\" data-mce-style=\"margin-bottom: 0cm; font-size: medium;\"><span style=\"font-size: 16pt\" data-mce-style=\"font-size: 16pt;\"><u><b>With its 18th century baroque base<\/b><\/u><\/span><\/p>\n<p lang=\"fr-FR\" align=\"CENTER\">18th century work.\u00a0<\/p>\n<p lang=\"fr-FR\" align=\"CENTER\">Edo cabinet in black lacquered wood from Japan with Japanese decoration in relief of lake landscapes, architecture and still life, resting on an original baroque base in gilded wood.\u00a0<\/p>\n<p lang=\"fr-FR\" align=\"CENTER\">This large cabinet opens on the front with two doors, revealing ten drawers, including a large one in the upper part and two squares with individual gilded bronze locks in the lower part. They are all decorated with landscapes of flowery hills, separated by gilded wooden crosspieces and each consist of gilded bronze handles ending in rosettes. The two interior locks are decorated with a chiseled and engraved wreath of flowers.<\/p>\n<p lang=\"fr-FR\" align=\"CENTER\">The interior of the doors presents, on either side, a bouquet of flowers in a vase with handles.<\/p>\n<p lang=\"fr-FR\" align=\"CENTER\">Outside the gates is a lake landscape with traditional Japanese houses surrounded by trees, rocks, flowers, butterflies and birds.<\/p>\n<p lang=\"fr-FR\" align=\"CENTER\">Falls of the frame and falls and joints of the doors, in gilded bronze decorated with chiseled and engraved foliage.\u00a0<\/p>\n<p lang=\"fr-FR\" align=\"CENTER\">The central lock has a decoration comparable to the lake scenes of the main doors, depicting a traditional raised house on the left surrounded by hills and a rising tree and on the right sheaves of flowers and flying birds.\u00a0<\/p>\n<p lang=\"fr-FR\" align=\"CENTER\">Two gilded bronze handles on either side of the cabinet ending in stylized flowers engraved in gilded bronze.<\/p>\n<p lang=\"fr-FR\" align=\"CENTER\">This cabinet rests on a period baroque base in gilded wood, extensively carved and openwork with flowers, rosettes and scrolls. The scrolls of acanthus leaves intertwine to form a flowery mass up to the ends of the moving legs giving a curved effect. The uprights support a belt with ornamental decoration of stylized heart stripes on which the cabinet rests.<\/p>\n<p lang=\"fr-FR\" align=\"CENTER\">This piece of furniture is a striking example of the 18th century European taste for Japanese art. The contrast is striking between the refined sobriety of the black lacquer and fine Japanese details, with the flash and sculptural opulence of the golden baroque base. This creates a balanced harmony symbolizing both the exoticism of the Orient and European luxury.<\/p>\n<p lang=\"fr-FR\" align=\"CENTER\">This type of Edo cabinet was manufactured in Japan for export to Europe, the base was made in Europe once the cabinet was imported. This base is therefore original; it was made in France, England or Italy at the same time. However, being a piece of furniture with two bodies, the base was often replaced later, so it is precious to find a cabinet from the Edo period with its real base from the 18th century. Here, we clearly find the Japanese beauty so appreciated by the European aristocracy and highlighted by French wealth.\u00a0<\/p>\n<p lang=\"fr-FR\" align=\"CENTER\">Beautiful work from the 18th century.\u00a0<\/p>\n<p lang=\"fr-FR\" align=\"CENTER\">Restoration of use and maintenance.<\/p>\n<p lang=\"fr-FR\" align=\"CENTER\">Dimensions with base at furthest point: H 157 cm x W 109 cm x D 62 cm<\/p>\n<p lang=\"fr-FR\" align=\"CENTER\">Cabinet dimensions: H 72 x W 91 x D 52<\/p>\n","protected":false},"excerpt":{"rendered":"<p>Travail du XVIIIe si\u00e8cle.\u00a0<\/p>\n<p>Cabinet Edo en bois laqu\u00e9 noir du japon \u00e0 d\u00e9cor japonisant en relief de paysages lacustres, architectur\u00e9s et de nature morte, reposant sur un pi\u00e8tement baroque d\u2019origine en bois dor\u00e9.\u00a0<\/p>\n<p>Ce grand cabinet ouvre en fa\u00e7ade par deux portes, laissant d\u00e9couvrir dix tiroirs dont un grand dans la partie sup\u00e9rieure et deux carr\u00e9s \u00e0 serrure individuelle en bronze dor\u00e9 dans la partie inf\u00e9rieure. Ils sont tous \u00e0 d\u00e9cors de paysages \u00e0 collines fleuries, s\u00e9par\u00e9s par des traverses en bois dor\u00e9 et se composent chacun de poign\u00e9es en bronze dor\u00e9 se terminant par des rosaces. Les deux serrures int\u00e9rieures sont \u00e0 d\u00e9cor de gerbe de fleurs cisel\u00e9 et grav\u00e9.<\/p>\n<p>L&rsquo;int\u00e9rieur des portes pr\u00e9sente, de part et d\u2019autre, un bouquet fleuri dans un vase \u00e0 anse.<\/p>\n<p>A l\u2019ext\u00e9rieur des portes est figur\u00e9 un paysage lacustre aux maisons traditionnelles japonaises sur\u00e9lev\u00e9es entour\u00e9es d\u2019arbres, de rochers, de fleurs, papillons et oiseaux.\u00a0<\/p>\n<p>Chutes du cadre et chutes et articulations des portes, en bronze dor\u00e9 \u00e0 d\u00e9cor de feuillage cisel\u00e9 et grav\u00e9.\u00a0<\/p>\n<p>La serrure centrale est \u00e0 d\u00e9cor comparable aux sc\u00e8nes lacustre des portes principales, figurant une maison traditionnelle sur\u00e9lev\u00e9e \u00e0 gauche entour\u00e9e de collines et arbre montant et \u00e0 droite de gerbes de fleurs et d\u2019oiseaux survolant.\u00a0<\/p>\n<p>Deux poign\u00e9es en bronze dor\u00e9 de part et d&rsquo;autre du cabinet se terminant par des fleurs stylis\u00e9es grav\u00e9es en bronze dor\u00e9.<\/p>\n<p>Ce cabinet repose sur un pi\u00e8tement baroque d\u2019\u00e9poque en bois dor\u00e9 tr\u00e8s largement sculpt\u00e9 et ajour\u00e9 de fleurs, rosaces et enroulements. Les volutes de feuilles d\u2019acanthe s\u2019entrelacent pour former un amas fleuri jusqu\u2019aux extr\u00e9mit\u00e9s des pieds mouvement\u00e9 donnant un effet galb\u00e9. Les montants soutiennent une ceinture \u00e0 d\u00e9cor ornemental de raies de c\u0153ur stylis\u00e9es sur laquelle repose le cabinet.<\/p>\n<p>Ce meuble est un exemple marquant du go\u00fbt europ\u00e9en du XVIIIe si\u00e8cle pour l\u2019art japonais. Le contraste est saisissant entre la sobri\u00e9t\u00e9 raffin\u00e9e de la laque noire et des fin d\u00e9tails japonais, avec le clinquant et l\u2019opulence sculpturale du pi\u00e8tement baroque dor\u00e9. Cela cr\u00e9e une harmonie \u00e9quilibr\u00e9e symbolisant \u00e0 la fois l\u2019exotisme de l\u2019Orient et le luxe europ\u00e9en.<\/p>\n<p>Ce type de cabinet Edo \u00e9tait fabriqu\u00e9 au japon pour l&rsquo;exportation en Europe, le pi\u00e8tement \u00e9tait quant \u00e0 lui r\u00e9alis\u00e9 en Europe une fois le cabinet import\u00e9. Ce pi\u00e8tement est donc d&rsquo;origine; il fut r\u00e9alis\u00e9 en France, Angleterre ou Italie \u00e0 la m\u00eame \u00e9poque. Cependant, \u00e9tant un meuble \u00e0 deux corps, le pi\u00e8tement \u00e9tait souvent remplac\u00e9 post\u00e9rieurement, il est donc pr\u00e9cieux de trouver un cabinet de l\u2019\u00e9poque Edo avec son vrai pi\u00e8tement du XVIIIe si\u00e8cle. Ici, nous retrouvons bien la beaut\u00e9 japonaise tant appr\u00e9ci\u00e9e par l\u2019aristocratie europ\u00e9enne et soulign\u00e9e par la richesse fran\u00e7aise.\u00a0<\/p>\n<p>Beau travail du XVIIIe si\u00e8cle.\u00a0<\/p>\n<p>Restauration d\u2019usage et d\u2019entretien.<\/p>\n<p>Dimensions avec pi\u00e8tement au point le plus loin :\u00a0 H 157 cm x L 109 cm x P 62 cm<\/p>\n<p>Dimensions du cabinet : H 72 x L 91 x P 52\u00a0<\/p>\n","protected":false},"featured_media":28462,"template":"","meta":[],"product_brand":[],"product_cat":[],"product_tag":[],"class_list":{"0":"post-28471","1":"product","2":"type-product","3":"status-publish","4":"has-post-thumbnail","6":"description-off","8":"first","9":"instock","10":"shipping-taxable","11":"product-type-simple"},"aioseo_notices":[],"_links":{"self":[{"href":"https:\/\/www.carrerivegauche.com\/fr\/wp-json\/wp\/v2\/product\/28471","targetHints":{"allow":["GET"]}}],"collection":[{"href":"https:\/\/www.carrerivegauche.com\/fr\/wp-json\/wp\/v2\/product"}],"about":[{"href":"https:\/\/www.carrerivegauche.com\/fr\/wp-json\/wp\/v2\/types\/product"}],"wp:featuredmedia":[{"embeddable":true,"href":"https:\/\/www.carrerivegauche.com\/fr\/wp-json\/wp\/v2\/media\/28462"}],"wp:attachment":[{"href":"https:\/\/www.carrerivegauche.com\/fr\/wp-json\/wp\/v2\/media?parent=28471"}],"wp:term":[{"taxonomy":"product_brand","embeddable":true,"href":"https:\/\/www.carrerivegauche.com\/fr\/wp-json\/wp\/v2\/product_brand?post=28471"},{"taxonomy":"product_cat","embeddable":true,"href":"https:\/\/www.carrerivegauche.com\/fr\/wp-json\/wp\/v2\/product_cat?post=28471"},{"taxonomy":"product_tag","embeddable":true,"href":"https:\/\/www.carrerivegauche.com\/fr\/wp-json\/wp\/v2\/product_tag?post=28471"}],"curies":[{"name":"wp","href":"https:\/\/api.w.org\/{rel}","templated":true}]}}