 

{"id":28241,"date":"2024-10-30T15:03:51","date_gmt":"2024-10-30T14:03:51","guid":{"rendered":"https:\/\/www.carrerivegauche.com\/boutique-crg\/paire-de-fauteuils-dits-coin-de-feu-epoque-regence\/"},"modified":"2024-10-30T15:03:52","modified_gmt":"2024-10-30T14:03:52","slug":"paire-de-fauteuils-dits-coin-de-feu-epoque-regence","status":"publish","type":"product","link":"https:\/\/www.carrerivegauche.com\/fr\/boutique-crg\/paire-de-fauteuils-dits-coin-de-feu-epoque-regence\/","title":{"rendered":"Paire de fauteuils dits \u00a0\u00bb coin de feu \u00a0\u00bb Epoque R\u00e9gence"},"content":{"rendered":"<p><br data-mce-bogus=\"1\"><\/p>\n","protected":false},"excerpt":{"rendered":"<p>Paire de grands si\u00e8ges en noyer cir\u00e9 , assises basses , \u00e0 dossier plein .Sur toutes les faces , les ceintures chantourn\u00e9es et moulur\u00e9es s&rsquo;agr\u00e9mentent de mani\u00e8re sobre d&rsquo;une coquille centrale entour\u00e9e de feuillages. Les pieds cambr\u00e9s surmont\u00e9s d&rsquo;une feuille d&rsquo;acanthe se terminent par un enroulement feuillag\u00e9 ; les accotoirs orn\u00e9s aussi d&rsquo;une feuille d&rsquo;acanthe.<\/p>\n<p>Epoque R\u00e9gence .<\/p>\n<p>Une ceinture\u00a0 renforc\u00e9e et doubl\u00e9e sur l&rsquo;un .<\/p>\n<p><br data-mce-bogus=\"1\"><\/p>\n","protected":false},"featured_media":28232,"template":"","meta":[],"product_brand":[],"product_cat":[],"product_tag":[],"class_list":{"0":"post-28241","1":"product","2":"type-product","3":"status-publish","4":"has-post-thumbnail","6":"description-off","8":"first","9":"instock","10":"shipping-taxable","11":"purchasable","12":"product-type-simple"},"aioseo_notices":[],"_links":{"self":[{"href":"https:\/\/www.carrerivegauche.com\/fr\/wp-json\/wp\/v2\/product\/28241","targetHints":{"allow":["GET"]}}],"collection":[{"href":"https:\/\/www.carrerivegauche.com\/fr\/wp-json\/wp\/v2\/product"}],"about":[{"href":"https:\/\/www.carrerivegauche.com\/fr\/wp-json\/wp\/v2\/types\/product"}],"wp:featuredmedia":[{"embeddable":true,"href":"https:\/\/www.carrerivegauche.com\/fr\/wp-json\/wp\/v2\/media\/28232"}],"wp:attachment":[{"href":"https:\/\/www.carrerivegauche.com\/fr\/wp-json\/wp\/v2\/media?parent=28241"}],"wp:term":[{"taxonomy":"product_brand","embeddable":true,"href":"https:\/\/www.carrerivegauche.com\/fr\/wp-json\/wp\/v2\/product_brand?post=28241"},{"taxonomy":"product_cat","embeddable":true,"href":"https:\/\/www.carrerivegauche.com\/fr\/wp-json\/wp\/v2\/product_cat?post=28241"},{"taxonomy":"product_tag","embeddable":true,"href":"https:\/\/www.carrerivegauche.com\/fr\/wp-json\/wp\/v2\/product_tag?post=28241"}],"curies":[{"name":"wp","href":"https:\/\/api.w.org\/{rel}","templated":true}]}}