 

{"id":28218,"date":"2024-10-30T13:07:45","date_gmt":"2024-10-30T12:07:45","guid":{"rendered":"https:\/\/www.carrerivegauche.com\/boutique-crg\/miroir-en-bois-dore-epoque-xviiieme-siecle\/"},"modified":"2024-10-30T13:07:45","modified_gmt":"2024-10-30T12:07:45","slug":"miroir-en-bois-dore-epoque-xviiieme-siecle","status":"publish","type":"product","link":"https:\/\/www.carrerivegauche.com\/fr\/boutique-crg\/miroir-en-bois-dore-epoque-xviiieme-siecle\/","title":{"rendered":"Miroir en bois dor\u00e9 Epoque XVIII\u00e8me si\u00e8cle"},"content":{"rendered":"<p><br data-mce-bogus=\"1\"><\/p>\n","protected":false},"excerpt":{"rendered":"<p>Miroir \u00e0 double encadrement en bois sculpt\u00e9 et dor\u00e9 , \u00e0 parecloses biseaut\u00e9es qui se perdent dans le fronton arrondi superbement sculpt\u00e9 en son centre d&rsquo;une large coquille flanqu\u00e9e de feuillages dont une retomb\u00e9e d\u00e9limite la pareclose haute . D\u00e9cor de feuillages et enroulements courant sur le pourtour du miroir . Traverse du bas feuillag\u00e9e ,centr\u00e9e d&rsquo;une feuille \u00e9clat\u00e9e ,soutenue par des pieds de feuillages enroul\u00e9s , pareclose basse \u00e9galement limit\u00e9e par une feuille .<\/p>\n<p>Rare mod\u00e8le \u00e9poque transition en tr\u00e8s bon \u00e9tat de conservation .<\/p>\n<p>Il se marie \u00e0 merveille avec la console ci dessous d&rsquo;\u00e9poque Louis XV<\/p>\n","protected":false},"featured_media":28209,"template":"","meta":[],"product_brand":[],"product_cat":[],"product_tag":[],"class_list":{"0":"post-28218","1":"product","2":"type-product","3":"status-publish","4":"has-post-thumbnail","6":"description-off","8":"first","9":"instock","10":"shipping-taxable","11":"purchasable","12":"product-type-simple"},"aioseo_notices":[],"_links":{"self":[{"href":"https:\/\/www.carrerivegauche.com\/fr\/wp-json\/wp\/v2\/product\/28218","targetHints":{"allow":["GET"]}}],"collection":[{"href":"https:\/\/www.carrerivegauche.com\/fr\/wp-json\/wp\/v2\/product"}],"about":[{"href":"https:\/\/www.carrerivegauche.com\/fr\/wp-json\/wp\/v2\/types\/product"}],"wp:featuredmedia":[{"embeddable":true,"href":"https:\/\/www.carrerivegauche.com\/fr\/wp-json\/wp\/v2\/media\/28209"}],"wp:attachment":[{"href":"https:\/\/www.carrerivegauche.com\/fr\/wp-json\/wp\/v2\/media?parent=28218"}],"wp:term":[{"taxonomy":"product_brand","embeddable":true,"href":"https:\/\/www.carrerivegauche.com\/fr\/wp-json\/wp\/v2\/product_brand?post=28218"},{"taxonomy":"product_cat","embeddable":true,"href":"https:\/\/www.carrerivegauche.com\/fr\/wp-json\/wp\/v2\/product_cat?post=28218"},{"taxonomy":"product_tag","embeddable":true,"href":"https:\/\/www.carrerivegauche.com\/fr\/wp-json\/wp\/v2\/product_tag?post=28218"}],"curies":[{"name":"wp","href":"https:\/\/api.w.org\/{rel}","templated":true}]}}