 

{"id":28143,"date":"2024-10-28T17:01:46","date_gmt":"2024-10-28T16:01:46","guid":{"rendered":"https:\/\/www.carrerivegauche.com\/boutique-crg\/grande-console-epoque-louis-xv-paris\/"},"modified":"2024-10-28T17:01:46","modified_gmt":"2024-10-28T16:01:46","slug":"grande-console-epoque-louis-xv-paris","status":"publish","type":"product","link":"https:\/\/www.carrerivegauche.com\/fr\/boutique-crg\/grande-console-epoque-louis-xv-paris\/","title":{"rendered":"Grande Console Epoque Louis XV Paris"},"content":{"rendered":"<p><br data-mce-bogus=\"1\"><\/p>\n","protected":false},"excerpt":{"rendered":"<p>Grande console en ch\u00eane sculpt\u00e9 et dor\u00e9 , de forme mouvement\u00e9e caract\u00e9ristique du style sym\u00e9tris\u00e9 qui annonce le renouveau classique .ses quatre pieds \u00e0 double cambrure s&rsquo;ornent en leur haut d&rsquo;une large coquille nervur\u00e9e soutenant le marbre, de feuilles d&rsquo;acanthe , le bas en enroulement .La traverse centrale ,en des lignes nerveuses, \u00e9tir\u00e9es et feuillag\u00e9es ,est sculpt\u00e9e en son centre d&rsquo;un important cartouche ajour\u00e9 pr\u00e9sentant un bouquet fleuri ; les cot\u00e9s agr\u00e9ment\u00e9s de feuillages . Dessus en marbre d&rsquo;Alep \u00e0 bec de corbin en parfait \u00e9tat .<\/p>\n<p>On peut rapprocher ce mod\u00e8le des dessins de Pierre Contant D&rsquo;Ivry ( 1698 &#8211; 1777 )<\/p>\n<p><br data-mce-bogus=\"1\"><\/p>\n<p><br data-mce-bogus=\"1\"><\/p>\n","protected":false},"featured_media":28134,"template":"","meta":[],"product_brand":[],"product_cat":[],"product_tag":[],"class_list":{"0":"post-28143","1":"product","2":"type-product","3":"status-publish","4":"has-post-thumbnail","6":"description-off","8":"first","9":"instock","10":"shipping-taxable","11":"product-type-simple"},"aioseo_notices":[],"_links":{"self":[{"href":"https:\/\/www.carrerivegauche.com\/fr\/wp-json\/wp\/v2\/product\/28143","targetHints":{"allow":["GET"]}}],"collection":[{"href":"https:\/\/www.carrerivegauche.com\/fr\/wp-json\/wp\/v2\/product"}],"about":[{"href":"https:\/\/www.carrerivegauche.com\/fr\/wp-json\/wp\/v2\/types\/product"}],"wp:featuredmedia":[{"embeddable":true,"href":"https:\/\/www.carrerivegauche.com\/fr\/wp-json\/wp\/v2\/media\/28134"}],"wp:attachment":[{"href":"https:\/\/www.carrerivegauche.com\/fr\/wp-json\/wp\/v2\/media?parent=28143"}],"wp:term":[{"taxonomy":"product_brand","embeddable":true,"href":"https:\/\/www.carrerivegauche.com\/fr\/wp-json\/wp\/v2\/product_brand?post=28143"},{"taxonomy":"product_cat","embeddable":true,"href":"https:\/\/www.carrerivegauche.com\/fr\/wp-json\/wp\/v2\/product_cat?post=28143"},{"taxonomy":"product_tag","embeddable":true,"href":"https:\/\/www.carrerivegauche.com\/fr\/wp-json\/wp\/v2\/product_tag?post=28143"}],"curies":[{"name":"wp","href":"https:\/\/api.w.org\/{rel}","templated":true}]}}