 

{"id":28103,"date":"2024-10-28T14:45:04","date_gmt":"2024-10-28T13:45:04","guid":{"rendered":"https:\/\/www.carrerivegauche.com\/boutique-crg\/commode-arte-povera-xviiieme-siecle\/"},"modified":"2024-10-28T14:45:04","modified_gmt":"2024-10-28T13:45:04","slug":"commode-arte-povera-xviiieme-siecle","status":"publish","type":"product","link":"https:\/\/www.carrerivegauche.com\/fr\/boutique-crg\/commode-arte-povera-xviiieme-siecle\/","title":{"rendered":"Commode Arte Povera XVIII\u00e9me si\u00e8cle"},"content":{"rendered":"<p><br data-mce-bogus=\"1\"><\/p>\n","protected":false},"excerpt":{"rendered":"<p>Rare commode en Arte Povera , sur fond laqu\u00e9 rouge et jaune , d\u00e9cor sur toutes ses faces et son plateau\u00a0 , dans des encadrements de frises de rinceaux fleuris, de belles dames ,cavaliers , chasseurs\u00a0 , bergers et berg\u00e8res avec moutons , oiseaux , arbres et chinois dans des paysages arcadiens .<\/p>\n<p>Poign\u00e9es de tirages et entr\u00e9es de serrures en bronze patin\u00e9 , serrures d&rsquo;origine .<\/p>\n<p>Travail Pi\u00e9montais du d\u00e9but du XVIII\u00e9me si\u00e8cle . tr\u00e8s bon \u00e9tat de conservation .<\/p>\n","protected":false},"featured_media":28094,"template":"","meta":[],"product_brand":[],"product_cat":[],"product_tag":[],"class_list":{"0":"post-28103","1":"product","2":"type-product","3":"status-publish","4":"has-post-thumbnail","6":"description-off","8":"first","9":"instock","10":"shipping-taxable","11":"purchasable","12":"product-type-simple"},"aioseo_notices":[],"_links":{"self":[{"href":"https:\/\/www.carrerivegauche.com\/fr\/wp-json\/wp\/v2\/product\/28103","targetHints":{"allow":["GET"]}}],"collection":[{"href":"https:\/\/www.carrerivegauche.com\/fr\/wp-json\/wp\/v2\/product"}],"about":[{"href":"https:\/\/www.carrerivegauche.com\/fr\/wp-json\/wp\/v2\/types\/product"}],"wp:featuredmedia":[{"embeddable":true,"href":"https:\/\/www.carrerivegauche.com\/fr\/wp-json\/wp\/v2\/media\/28094"}],"wp:attachment":[{"href":"https:\/\/www.carrerivegauche.com\/fr\/wp-json\/wp\/v2\/media?parent=28103"}],"wp:term":[{"taxonomy":"product_brand","embeddable":true,"href":"https:\/\/www.carrerivegauche.com\/fr\/wp-json\/wp\/v2\/product_brand?post=28103"},{"taxonomy":"product_cat","embeddable":true,"href":"https:\/\/www.carrerivegauche.com\/fr\/wp-json\/wp\/v2\/product_cat?post=28103"},{"taxonomy":"product_tag","embeddable":true,"href":"https:\/\/www.carrerivegauche.com\/fr\/wp-json\/wp\/v2\/product_tag?post=28103"}],"curies":[{"name":"wp","href":"https:\/\/api.w.org\/{rel}","templated":true}]}}