 

{"id":28083,"date":"2024-10-28T12:16:31","date_gmt":"2024-10-28T11:16:31","guid":{"rendered":"https:\/\/www.carrerivegauche.com\/boutique-crg\/grande-console-desserte-epoque-louis-xvi\/"},"modified":"2024-10-28T12:16:31","modified_gmt":"2024-10-28T11:16:31","slug":"grande-console-desserte-epoque-louis-xvi","status":"publish","type":"product","link":"https:\/\/www.carrerivegauche.com\/fr\/boutique-crg\/grande-console-desserte-epoque-louis-xvi\/","title":{"rendered":"Grande Console Desserte Epoque Louis XVI"},"content":{"rendered":"<p><br data-mce-bogus=\"1\"><\/p>\n","protected":false},"excerpt":{"rendered":"<p>Large console desserte en acajou et placage d&rsquo;acajou , de forme demi-lune \u00e0 fond de glace ,port\u00e9e par quatre pieds balustres cannel\u00e9s rudent\u00e9s reli\u00e9s par une tablette d&rsquo;acajou ceinte d&rsquo;une galerie ajour\u00e9e en bronze dor\u00e9 .Elle ouvre par un long tiroir en fa\u00e7ade ; le dessus en marbre blanc est \u00e9galement ceint de la m\u00eame galerie ajour\u00e9e en bronze dor\u00e9. Belle ornementation de bronzes cisel\u00e9s et dor\u00e9s : perl\u00e9s, rosaces , poign\u00e9es de tirage ,entr\u00e9es de serrures , sabots .<\/p>\n<p>Epoque Louis XVI Paris .<\/p>\n<p><br data-mce-bogus=\"1\"><\/p>\n","protected":false},"featured_media":28077,"template":"","meta":[],"product_brand":[],"product_cat":[],"product_tag":[],"class_list":{"0":"post-28083","1":"product","2":"type-product","3":"status-publish","4":"has-post-thumbnail","6":"description-off","8":"first","9":"instock","10":"shipping-taxable","11":"purchasable","12":"product-type-simple"},"aioseo_notices":[],"_links":{"self":[{"href":"https:\/\/www.carrerivegauche.com\/fr\/wp-json\/wp\/v2\/product\/28083","targetHints":{"allow":["GET"]}}],"collection":[{"href":"https:\/\/www.carrerivegauche.com\/fr\/wp-json\/wp\/v2\/product"}],"about":[{"href":"https:\/\/www.carrerivegauche.com\/fr\/wp-json\/wp\/v2\/types\/product"}],"wp:featuredmedia":[{"embeddable":true,"href":"https:\/\/www.carrerivegauche.com\/fr\/wp-json\/wp\/v2\/media\/28077"}],"wp:attachment":[{"href":"https:\/\/www.carrerivegauche.com\/fr\/wp-json\/wp\/v2\/media?parent=28083"}],"wp:term":[{"taxonomy":"product_brand","embeddable":true,"href":"https:\/\/www.carrerivegauche.com\/fr\/wp-json\/wp\/v2\/product_brand?post=28083"},{"taxonomy":"product_cat","embeddable":true,"href":"https:\/\/www.carrerivegauche.com\/fr\/wp-json\/wp\/v2\/product_cat?post=28083"},{"taxonomy":"product_tag","embeddable":true,"href":"https:\/\/www.carrerivegauche.com\/fr\/wp-json\/wp\/v2\/product_tag?post=28083"}],"curies":[{"name":"wp","href":"https:\/\/api.w.org\/{rel}","templated":true}]}}