 

{"id":27932,"date":"2024-10-25T18:30:30","date_gmt":"2024-10-25T16:30:30","guid":{"rendered":"https:\/\/www.carrerivegauche.com\/boutique-crg\/grande-paire-dappliques-de-style-louis-xv\/"},"modified":"2024-10-25T18:30:30","modified_gmt":"2024-10-25T16:30:30","slug":"grande-paire-dappliques-de-style-louis-xv","status":"publish","type":"product","link":"https:\/\/www.carrerivegauche.com\/fr\/boutique-crg\/grande-paire-dappliques-de-style-louis-xv\/","title":{"rendered":"Grande paire d&rsquo;Appliques de style Louis XV"},"content":{"rendered":"<p lang=\"fr-FR\" align=\"CENTER\" style=\"margin-bottom: 0cm;font-size: medium\"><font face=\"Times New Roman, serif\"><font size=\"4\"><u><b>Large pair of Louis XV style wall lights<\/b><\/u><\/font><\/font><\/p>\n<div data-cke-filler-webkit=\"start\" data-cke-temp=\"1\" style=\"width: 0px;height: 0px;padding: 0px;border: 0px;margin: 0px;position: absolute;top: 0px;left: -9999px;overflow: hidden\">\u00a0<\/div>\n<p lang=\"fr-FR\" align=\"CENTER\">Work from the early 19th century <\/p>\n<p>Large pair of wall lights with three arms of light with rocaille decoration in chiseled and gilded bronze.<\/p>\n<p>We can clearly find in this work, the very curved shapes of the Louis XV style. The scrolled acanthus leaves and flower-shaped candlesticks are all representations of this style.<\/p>\n<p>Like great dancers, the branches intertwine joyfully and the leaves curl in a harmony of movements. <\/p>\n<p>Thanks to the difference in techniques, smooth or engraved, the light does not reflect in the same way on the gilding, which allows for a very beautiful depth. <\/p>\n<p>Restoration of use and maintenance<\/p>\n<p>Dimensions: H 70 cm x W 40 cm x D 25 cm<\/p>\n<div data-cke-filler-webkit=\"end\" data-cke-temp=\"1\" style=\"width: 0px;height: 0px;padding: 0px;border: 0px;margin: 0px;position: absolute;top: 0px;left: -9999px;overflow: hidden\">\u00a0<\/div>\n","protected":false},"excerpt":{"rendered":"<div data-cke-filler-webkit=\"start\" data-cke-temp=\"1\" style=\"width: 0px;height: 0px;padding: 0px;border: 0px;margin: 0px;position: absolute;top: 0px;left: -9999px;overflow: hidden\">\u00a0<\/div>\n<p>Travail du d\u00e9but du XIXe si\u00e8cle<\/p>\n<p>Grande paire d&rsquo;appliques \u00e0 trois bras de lumi\u00e8re \u00e0 d\u00e9cor rocaille en bronze cisel\u00e9 et dor\u00e9.<br \/>On peut nettement retrouver dans ce travail, les formes tr\u00e8s galb\u00e9es du style Louis XV. Les feuilles d\u2019acanthe \u00e0 volutes et les bougeoirs en forme de fleurs sont d\u2019autant de repr\u00e9sentations de ce style.<\/p>\n<p>Telles de grandes danseuses, les branches s&rsquo;entrelacent joyeusement et les feuilles s&rsquo;enroulent dans une harmonie de mouvements.<\/p>\n<p>Gr\u00e2ce \u00e0 la diff\u00e9rence de techniques, lisse ou grav\u00e9e, la lumi\u00e8re ne se refl\u00e8te pas de la m\u00eame mani\u00e8re sur la dorure, ce qui permet une tr\u00e8s belle profondeur.<\/p>\n<p>Restauration d&rsquo;usage et d&rsquo;entretien<\/p>\n<p><strong>Dimensions\u00a0 : H 70 cm x L 40 cm x P 25 cm<\/strong><\/p>\n<div data-cke-filler-webkit=\"end\" data-cke-temp=\"1\" style=\"width: 0px;height: 0px;padding: 0px;border: 0px;margin: 0px;position: absolute;top: 0px;left: -9999px;overflow: hidden\">\u00a0<\/div>\n","protected":false},"featured_media":27929,"template":"","meta":[],"product_brand":[],"product_cat":[],"product_tag":[],"class_list":{"0":"post-27932","1":"product","2":"type-product","3":"status-publish","4":"has-post-thumbnail","6":"description-off","8":"first","9":"instock","10":"shipping-taxable","11":"product-type-simple"},"aioseo_notices":[],"_links":{"self":[{"href":"https:\/\/www.carrerivegauche.com\/fr\/wp-json\/wp\/v2\/product\/27932","targetHints":{"allow":["GET"]}}],"collection":[{"href":"https:\/\/www.carrerivegauche.com\/fr\/wp-json\/wp\/v2\/product"}],"about":[{"href":"https:\/\/www.carrerivegauche.com\/fr\/wp-json\/wp\/v2\/types\/product"}],"wp:featuredmedia":[{"embeddable":true,"href":"https:\/\/www.carrerivegauche.com\/fr\/wp-json\/wp\/v2\/media\/27929"}],"wp:attachment":[{"href":"https:\/\/www.carrerivegauche.com\/fr\/wp-json\/wp\/v2\/media?parent=27932"}],"wp:term":[{"taxonomy":"product_brand","embeddable":true,"href":"https:\/\/www.carrerivegauche.com\/fr\/wp-json\/wp\/v2\/product_brand?post=27932"},{"taxonomy":"product_cat","embeddable":true,"href":"https:\/\/www.carrerivegauche.com\/fr\/wp-json\/wp\/v2\/product_cat?post=27932"},{"taxonomy":"product_tag","embeddable":true,"href":"https:\/\/www.carrerivegauche.com\/fr\/wp-json\/wp\/v2\/product_tag?post=27932"}],"curies":[{"name":"wp","href":"https:\/\/api.w.org\/{rel}","templated":true}]}}