 

{"id":27694,"date":"2024-10-15T17:04:32","date_gmt":"2024-10-15T15:04:32","guid":{"rendered":"https:\/\/www.carrerivegauche.com\/boutique-crg\/huile-sur-toileparis-bord-de-seine-par-fernand-lantoine\/"},"modified":"2024-10-15T17:04:32","modified_gmt":"2024-10-15T15:04:32","slug":"huile-sur-toileparis-bord-de-seine-par-fernand-lantoine","status":"publish","type":"product","link":"https:\/\/www.carrerivegauche.com\/fr\/boutique-crg\/huile-sur-toileparis-bord-de-seine-par-fernand-lantoine\/","title":{"rendered":"Huile sur toile,Paris, Bord de Seine par Fernand LANTOINE"},"content":{"rendered":"<p><span style=\"font-family: Poppins, Helvetica, Arial, Lucida, sans-serif;font-size: 14px\">1894-1897<\/span><br style=\"font-family: Poppins, Helvetica, Arial, Lucida, sans-serif;font-size: 14px\"><span style=\"font-family: Poppins, Helvetica, Arial, Lucida, sans-serif;font-size: 14px\">Service militaire dans la marine, qui lui donne le go\u00fbt du voyage et de la mer.<\/span><br style=\"font-family: Poppins, Helvetica, Arial, Lucida, sans-serif;font-size: 14px\"><span style=\"font-family: Poppins, Helvetica, Arial, Lucida, sans-serif;font-size: 14px\">1903-1907<\/span><br style=\"font-family: Poppins, Helvetica, Arial, Lucida, sans-serif;font-size: 14px\"><span style=\"font-family: Poppins, Helvetica, Arial, Lucida, sans-serif;font-size: 14px\">Nombreuses expositions \u00e0 Bruxelles et \u00e0 Paris<\/span><br style=\"font-family: Poppins, Helvetica, Arial, Lucida, sans-serif;font-size: 14px\"><span style=\"font-family: Poppins, Helvetica, Arial, Lucida, sans-serif;font-size: 14px\">1922 -1930<\/span><br style=\"font-family: Poppins, Helvetica, Arial, Lucida, sans-serif;font-size: 14px\"><span style=\"font-family: Poppins, Helvetica, Arial, Lucida, sans-serif;font-size: 14px\">D\u00e9part pour la M\u00e9diterran\u00e9e et l&rsquo;Afrique du Nord en tant que<\/span><br style=\"font-family: Poppins, Helvetica, Arial, Lucida, sans-serif;font-size: 14px\"><span style=\"font-family: Poppins, Helvetica, Arial, Lucida, sans-serif;font-size: 14px\">peintre naval<\/span><br style=\"font-family: Poppins, Helvetica, Arial, Lucida, sans-serif;font-size: 14px\"><span style=\"font-family: Poppins, Helvetica, Arial, Lucida, sans-serif;font-size: 14px\">1927<\/span><br style=\"font-family: Poppins, Helvetica, Arial, Lucida, sans-serif;font-size: 14px\"><span style=\"font-family: Poppins, Helvetica, Arial, Lucida, sans-serif;font-size: 14px\">D\u00e9coration des paquebots L\u00e9opoldville et Albertville<\/span><br style=\"font-family: Poppins, Helvetica, Arial, Lucida, sans-serif;font-size: 14px\"><span style=\"font-family: Poppins, Helvetica, Arial, Lucida, sans-serif;font-size: 14px\">de la Compagnie maritime belge du Congo,<\/span><br style=\"font-family: Poppins, Helvetica, Arial, Lucida, sans-serif;font-size: 14px\"><span style=\"font-family: Poppins, Helvetica, Arial, Lucida, sans-serif;font-size: 14px\">1934<\/span><br style=\"font-family: Poppins, Helvetica, Arial, Lucida, sans-serif;font-size: 14px\"><span style=\"font-family: Poppins, Helvetica, Arial, Lucida, sans-serif;font-size: 14px\">D\u00e9part pour l&rsquo;Arctique<\/span><br style=\"font-family: Poppins, Helvetica, Arial, Lucida, sans-serif;font-size: 14px\"><span style=\"font-family: Poppins, Helvetica, Arial, Lucida, sans-serif;font-size: 14px\">puis les fjords norv\u00e9giens<\/span><br style=\"font-family: Poppins, Helvetica, Arial, Lucida, sans-serif;font-size: 14px\"><span style=\"font-family: Poppins, Helvetica, Arial, Lucida, sans-serif;font-size: 14px\">1936<\/span><br style=\"font-family: Poppins, Helvetica, Arial, Lucida, sans-serif;font-size: 14px\"><span style=\"font-family: Poppins, Helvetica, Arial, Lucida, sans-serif;font-size: 14px\">Prix de l&rsquo;Afrique occidentale fran\u00e7aise<\/span><br style=\"font-family: Poppins, Helvetica, Arial, Lucida, sans-serif;font-size: 14px\"><span style=\"font-family: Poppins, Helvetica, Arial, Lucida, sans-serif;font-size: 14px\">Prix coloniaux pour l&rsquo;Afrique occidentale fran\u00e7aise et Madagascar<\/span><br style=\"font-family: Poppins, Helvetica, Arial, Lucida, sans-serif;font-size: 14px\"><span style=\"font-family: Poppins, Helvetica, Arial, Lucida, sans-serif;font-size: 14px\">1948<\/span><br style=\"font-family: Poppins, Helvetica, Arial, Lucida, sans-serif;font-size: 14px\"><span style=\"font-family: Poppins, Helvetica, Arial, Lucida, sans-serif;font-size: 14px\">Chevalier de la L\u00e9gion d&rsquo;honneur fran\u00e7aise<\/span><br style=\"font-family: Poppins, Helvetica, Arial, Lucida, sans-serif;font-size: 14px\"><span style=\"font-family: Poppins, Helvetica, Arial, Lucida, sans-serif;font-size: 14px\">et de l&rsquo;Ordre belge<\/span><br data-mce-bogus=\"1\"><\/p>\n","protected":false},"excerpt":{"rendered":"<p style=\"margin: 0px;padding: 0px 0px 1em;border: 0px;font-size: 14px;vertical-align: baseline;background-image: initial;background-position: initial;background-size: initial;background-attachment: initial;font-family: Poppins, Helvetica, Arial, Lucida, sans-serif\">Fernand Lantoine, 1876-1956<\/p>\n<p style=\"margin: 0px;padding: 0px;border: 0px;font-size: 14px;vertical-align: baseline;background-image: initial;background-position: initial;background-size: initial;background-attachment: initial;font-family: Poppins, Helvetica, Arial, Lucida, sans-serif\">N\u00e9 dans une petite commune du nord de la France, mais a v\u00e9cu en Belgique pendant plus de 50 ans.<br \/>Cependant l\u2019\u0153uvre de l\u2019artiste d\u00e9passe les fronti\u00e8res,<br \/>comme le sud de la France, qu\u2019il aimait pour sa lumi\u00e8re, l\u2019Afrique et ses paysages exotiques, Paris la capitale de l\u2019art.<\/p>\n","protected":false},"featured_media":27679,"template":"","meta":[],"product_brand":[],"product_cat":[],"product_tag":[],"class_list":{"0":"post-27694","1":"product","2":"type-product","3":"status-publish","4":"has-post-thumbnail","6":"description-off","8":"first","9":"instock","10":"shipping-taxable","11":"product-type-simple"},"aioseo_notices":[],"_links":{"self":[{"href":"https:\/\/www.carrerivegauche.com\/fr\/wp-json\/wp\/v2\/product\/27694","targetHints":{"allow":["GET"]}}],"collection":[{"href":"https:\/\/www.carrerivegauche.com\/fr\/wp-json\/wp\/v2\/product"}],"about":[{"href":"https:\/\/www.carrerivegauche.com\/fr\/wp-json\/wp\/v2\/types\/product"}],"wp:featuredmedia":[{"embeddable":true,"href":"https:\/\/www.carrerivegauche.com\/fr\/wp-json\/wp\/v2\/media\/27679"}],"wp:attachment":[{"href":"https:\/\/www.carrerivegauche.com\/fr\/wp-json\/wp\/v2\/media?parent=27694"}],"wp:term":[{"taxonomy":"product_brand","embeddable":true,"href":"https:\/\/www.carrerivegauche.com\/fr\/wp-json\/wp\/v2\/product_brand?post=27694"},{"taxonomy":"product_cat","embeddable":true,"href":"https:\/\/www.carrerivegauche.com\/fr\/wp-json\/wp\/v2\/product_cat?post=27694"},{"taxonomy":"product_tag","embeddable":true,"href":"https:\/\/www.carrerivegauche.com\/fr\/wp-json\/wp\/v2\/product_tag?post=27694"}],"curies":[{"name":"wp","href":"https:\/\/api.w.org\/{rel}","templated":true}]}}