 

{"id":27665,"date":"2024-10-15T16:57:37","date_gmt":"2024-10-15T14:57:37","guid":{"rendered":"https:\/\/www.carrerivegauche.com\/boutique-crg\/un-biscuit-madame-du-barry-en-sphinge-debut-19eme\/"},"modified":"2024-10-15T16:57:37","modified_gmt":"2024-10-15T14:57:37","slug":"un-biscuit-madame-du-barry-en-sphinge-debut-19eme","status":"publish","type":"product","link":"https:\/\/www.carrerivegauche.com\/fr\/boutique-crg\/un-biscuit-madame-du-barry-en-sphinge-debut-19eme\/","title":{"rendered":"Un biscuit, Madame Du Barry en sphinge, d\u00e9but 19\u00e8me"},"content":{"rendered":"<p style=\"margin: 0px;padding: 0px 0px 1em;border: 0px;font-size: 14px;vertical-align: baseline;background-image: initial;background-position: initial;background-size: initial;background-attachment: initial;font-family: Poppins, Helvetica, Arial, Lucida, sans-serif\">Comtesse Du BARRY<br \/>1743-1793<\/p>\n<p style=\"margin: 0px;padding: 0px 0px 1em;border: 0px;font-size: 14px;vertical-align: baseline;background-image: initial;background-position: initial;background-size: initial;background-attachment: initial;font-family: Poppins, Helvetica, Arial, Lucida, sans-serif\">C\u2019est par l\u2019entremise de Richelieu que Louis XV,<br \/>alors veuf et venant de perdre son fils,<br \/>rencontre Jeanne B\u00e9cu,<br \/>que l\u2019on marie en toute h\u00e2te au comte du Barry, pour \u00ab\u00a0 sauver les convenances\u00a0\u00bb<\/p>\n<p style=\"margin: 0px;padding: 0px 0px 1em;border: 0px;font-size: 14px;vertical-align: baseline;background-image: initial;background-position: initial;background-size: initial;background-attachment: initial;font-family: Poppins, Helvetica, Arial, Lucida, sans-serif\">Elle va devenir tr\u00e8s vite la grande favorite du roi<br \/>et imposer son style \u00e0 la cour.<br \/>Protectrice des arts et de lettres\u00a0:<\/p>\n<p style=\"margin: 0px;padding: 0px 0px 1em;border: 0px;font-size: 14px;vertical-align: baseline;background-image: initial;background-position: initial;background-size: initial;background-attachment: initial;font-family: Poppins, Helvetica, Arial, Lucida, sans-serif\">\u00ab\u00a0Jeanne est une femme des Lumi\u00e8res.<br \/>Elle incarne les contradictions de son temps, entre repr\u00e9sentation et intimit\u00e9,<br \/>morale et libertinage.<br \/>Elle observe les codes et les usages en public, tout en \u00e9tant d\u2019un grand naturel en priv\u00e9.<\/p>\n<p style=\"margin: 0px;padding: 0px 0px 1em;border: 0px;font-size: 14px;vertical-align: baseline;background-image: initial;background-position: initial;background-size: initial;background-attachment: initial;font-family: Poppins, Helvetica, Arial, Lucida, sans-serif\">Elle compose entre convenances et libert\u00e9\u00a0\u00bb<\/p>\n<p style=\"margin: 0px;padding: 0px 0px 1em;border: 0px;font-size: 14px;vertical-align: baseline;background-image: initial;background-position: initial;background-size: initial;background-attachment: initial;font-family: Poppins, Helvetica, Arial, Lucida, sans-serif\">Jusqu\u2019\u00e0 sa mort, elle collectionne avec fr\u00e9n\u00e9sie.<br \/>Sa Louveciennes, est une vraie galerie de collectionneuse, un capharna\u00fcm o\u00f9 s\u2019accumulent pi\u00e8ces d\u2019orf\u00e8vrerie,<br \/>sculptures, tableaux, antiques\u2026<\/p>\n<p style=\"margin: 0px;padding: 0px;border: 0px;font-size: 14px;vertical-align: baseline;background-image: initial;background-position: initial;background-size: initial;background-attachment: initial;font-family: Poppins, Helvetica, Arial, Lucida, sans-serif\">Parce qu\u2019elle repr\u00e9sente tout ce que la R\u00e9volution d\u00e9teste : une ancienne ma\u00eetresse royale, une femme, le plaisir de vivre et la libert\u00e9, elle est emprisonn\u00e9e avant d\u2019\u00eatre guillotin\u00e9e le 8 d\u00e9cembre 1793.<\/p>\n","protected":false},"excerpt":{"rendered":"<p style=\"margin: 0px;padding: 0px 0px 1em;border: 0px;font-size: 14px;vertical-align: baseline;background-image: initial;background-position: initial;background-size: initial;background-attachment: initial;font-family: Poppins, Helvetica, Arial, Lucida, sans-serif\">La sphinge est le f\u00e9minin du Sphinx<br \/>et ses repr\u00e9sentations remontent jusqu\u2019\u00e0 l\u2019Antiquit\u00e9.<\/p>\n<p style=\"margin: 0px;padding: 0px 0px 1em;border: 0px;font-size: 14px;vertical-align: baseline;background-image: initial;background-position: initial;background-size: initial;background-attachment: initial;font-family: Poppins, Helvetica, Arial, Lucida, sans-serif\">Cette femme au corps de lion, nous appara\u00eet le plus souvent sous la forme de statues ou de sculptures et plus pr\u00e8s de nous en peinture ou en litt\u00e9rature.<\/p>\n<p style=\"margin: 0px;padding: 0px 0px 1em;border: 0px;font-size: 14px;vertical-align: baseline;background-image: initial;background-position: initial;background-size: initial;background-attachment: initial;font-family: Poppins, Helvetica, Arial, Lucida, sans-serif\">Elle est la synth\u00e8se de la force et du pouvoir et de la prudence.<br \/>Elle incarne aussi le myst\u00e8re f\u00e9minin et la s\u00e9duction.<\/p>\n<p style=\"margin: 0px;padding: 0px;border: 0px;font-size: 14px;vertical-align: baseline;background-image: initial;background-position: initial;background-size: initial;background-attachment: initial;font-family: Poppins, Helvetica, Arial, Lucida, sans-serif\">Les premi\u00e8res sculptures de sphinges connues en France,<br \/>datant de la fin du XVIIe,<br \/>et \u00a0certaines, , sous \u00a0les traits de favorites du roi Louis XIV.<br \/>Cette tradition se perp\u00e9tue avec Madame du Barry puis Marie-Antoinette.<\/p>\n","protected":false},"featured_media":27650,"template":"","meta":[],"product_brand":[],"product_cat":[],"product_tag":[],"class_list":{"0":"post-27665","1":"product","2":"type-product","3":"status-publish","4":"has-post-thumbnail","6":"description-off","8":"first","9":"instock","10":"shipping-taxable","11":"product-type-simple"},"aioseo_notices":[],"_links":{"self":[{"href":"https:\/\/www.carrerivegauche.com\/fr\/wp-json\/wp\/v2\/product\/27665","targetHints":{"allow":["GET"]}}],"collection":[{"href":"https:\/\/www.carrerivegauche.com\/fr\/wp-json\/wp\/v2\/product"}],"about":[{"href":"https:\/\/www.carrerivegauche.com\/fr\/wp-json\/wp\/v2\/types\/product"}],"wp:featuredmedia":[{"embeddable":true,"href":"https:\/\/www.carrerivegauche.com\/fr\/wp-json\/wp\/v2\/media\/27650"}],"wp:attachment":[{"href":"https:\/\/www.carrerivegauche.com\/fr\/wp-json\/wp\/v2\/media?parent=27665"}],"wp:term":[{"taxonomy":"product_brand","embeddable":true,"href":"https:\/\/www.carrerivegauche.com\/fr\/wp-json\/wp\/v2\/product_brand?post=27665"},{"taxonomy":"product_cat","embeddable":true,"href":"https:\/\/www.carrerivegauche.com\/fr\/wp-json\/wp\/v2\/product_cat?post=27665"},{"taxonomy":"product_tag","embeddable":true,"href":"https:\/\/www.carrerivegauche.com\/fr\/wp-json\/wp\/v2\/product_tag?post=27665"}],"curies":[{"name":"wp","href":"https:\/\/api.w.org\/{rel}","templated":true}]}}