 

{"id":27614,"date":"2024-10-12T16:08:00","date_gmt":"2024-10-12T14:08:00","guid":{"rendered":"https:\/\/www.carrerivegauche.com\/boutique-crg\/paire-de-vases-depoque-louis-xvi\/"},"modified":"2024-10-12T16:08:00","modified_gmt":"2024-10-12T14:08:00","slug":"paire-de-vases-depoque-louis-xvi","status":"publish","type":"product","link":"https:\/\/www.carrerivegauche.com\/fr\/boutique-crg\/paire-de-vases-depoque-louis-xvi\/","title":{"rendered":"Paire de vases d&rsquo;\u00e9poque Louis XVI"},"content":{"rendered":"<p><br data-mce-bogus=\"1\"><\/p>\n","protected":false},"excerpt":{"rendered":"<p class=\"MsoNormal\"><span>En forme d\u2019amphores en cristal bleu du Creusot orn\u00e9e d\u2019une belle monture de bronze cisel\u00e9 et dor\u00e9 comportant un pi\u00e9douche, des anses \u00e0 t\u00eates de faunes et un col orn\u00e9 de motifs de palmettes.<\/span><\/p>\n<p class=\"MsoNormal\"><span>\u00a0<\/span><\/p>\n<p class=\"MsoNormal\"><span>Provenance\u00a0: Galerie Georges Petit, Vente du 30 et 31 mars 1925, collection M. R Boulland<\/span><\/p>\n<p class=\"MsoNormal\"><span>\u00a0<\/span><\/p>\n<p class=\"MsoNormal\"><i><span>La manufacture du Creusot a succ\u00e9d\u00e9 \u00e0 celle de Saint Cloud dans le travail du verre. En 1787, elle quitta Paris pour Mont-C\u00e9nis (pr\u00e8s du Creusot en Sa\u00f4ne et Loire) et fut acquise conjointement par les manufactures de Baccarat et de Saint-Louis.<\/span><\/i><\/p>\n","protected":false},"featured_media":27611,"template":"","meta":[],"product_brand":[],"product_cat":[],"product_tag":[],"class_list":{"0":"post-27614","1":"product","2":"type-product","3":"status-publish","4":"has-post-thumbnail","6":"description-off","8":"first","9":"instock","10":"shipping-taxable","11":"product-type-simple"},"aioseo_notices":[],"_links":{"self":[{"href":"https:\/\/www.carrerivegauche.com\/fr\/wp-json\/wp\/v2\/product\/27614","targetHints":{"allow":["GET"]}}],"collection":[{"href":"https:\/\/www.carrerivegauche.com\/fr\/wp-json\/wp\/v2\/product"}],"about":[{"href":"https:\/\/www.carrerivegauche.com\/fr\/wp-json\/wp\/v2\/types\/product"}],"wp:featuredmedia":[{"embeddable":true,"href":"https:\/\/www.carrerivegauche.com\/fr\/wp-json\/wp\/v2\/media\/27611"}],"wp:attachment":[{"href":"https:\/\/www.carrerivegauche.com\/fr\/wp-json\/wp\/v2\/media?parent=27614"}],"wp:term":[{"taxonomy":"product_brand","embeddable":true,"href":"https:\/\/www.carrerivegauche.com\/fr\/wp-json\/wp\/v2\/product_brand?post=27614"},{"taxonomy":"product_cat","embeddable":true,"href":"https:\/\/www.carrerivegauche.com\/fr\/wp-json\/wp\/v2\/product_cat?post=27614"},{"taxonomy":"product_tag","embeddable":true,"href":"https:\/\/www.carrerivegauche.com\/fr\/wp-json\/wp\/v2\/product_tag?post=27614"}],"curies":[{"name":"wp","href":"https:\/\/api.w.org\/{rel}","templated":true}]}}