 

{"id":27600,"date":"2024-10-12T15:52:47","date_gmt":"2024-10-12T13:52:47","guid":{"rendered":"https:\/\/www.carrerivegauche.com\/boutique-crg\/pendule-depoque-louis-xvi\/"},"modified":"2024-10-12T15:52:47","modified_gmt":"2024-10-12T13:52:47","slug":"pendule-depoque-louis-xvi","status":"publish","type":"product","link":"https:\/\/www.carrerivegauche.com\/fr\/boutique-crg\/pendule-depoque-louis-xvi\/","title":{"rendered":"Pendule d&rsquo;\u00e9poque Louis XVI"},"content":{"rendered":"<p><br data-mce-bogus=\"1\"><\/p>\n","protected":false},"excerpt":{"rendered":"<p class=\"MsoNormal\"><span>circa 1785<\/span><\/p>\n<p class=\"MsoNormal\"><br data-mce-bogus=\"1\"><\/p>\n<p class=\"MsoNormal\"><span>Elle repose sur deux \u00e9pagneuls en bronze patin\u00e9 all\u00e9gorie de la fid\u00e9lit\u00e9, le cadran surmont\u00e9 d\u2019un putto tenant une guirlande de fleurs sur des nu\u00e9es symbole de l\u2019Amour.\u00a0<\/span><\/p>\n<p class=\"MsoNormal\"><span>La base rectangulaire aux extr\u00e9mit\u00e9s arrondies en marbre rouge griotte orn\u00e9e en son centre d\u2019une draperie en bronze dor\u00e9, de bouquets de part et d\u2019autre et de guirlandes de fleurs, l\u2019ensemble reposant sur quatre petits pieds.<\/span><\/p>\n<p class=\"MsoNormal\"><span>Bel \u00e9tat de dorure originale et d\u2019une grande finesse de ciselure. <\/span><\/p>\n<p class=\"MsoNormal\"><span>Cadran sign\u00e9 Kinable<\/span><\/p>\n<p class=\"MsoNormal\"><span>\u00a0<\/span><\/p>\n<p class=\"MsoNormal\"><span>\u00a0<\/span><\/p>\n<p class=\"MsoNormal\"><span>Dieudonn\u00e9 Kinable (d\u00e9c\u00e9d\u00e9 apr\u00e8s 1815), actif d\u00e8s la fin du r\u00e8gne de Louis XVI, atelier au N\u00b0131 du Palais Royal. Il utilisa pour ses cadrans les \u00e9mailleurs Coteau et surtout Dubuisson.<\/span><\/p>\n<p class=\"MsoNormal\"><span>\u00a0<\/span><\/p>\n<p class=\"MsoNormal\"><span>Mus\u00e9es conservant des pendules de Kinable\u00a0:<\/span><\/p>\n<p class=\"MsoNormal\"><span>Baltimore\u00a0: the Walters Art Gallery<\/span><\/p>\n<p class=\"MsoNormal\"><span>Londres\u00a0: collections Royales<\/span><\/p>\n<p class=\"MsoNormal\"><span>\u00a0<\/span><\/p>\n","protected":false},"featured_media":27597,"template":"","meta":[],"product_brand":[],"product_cat":[],"product_tag":[],"class_list":{"0":"post-27600","1":"product","2":"type-product","3":"status-publish","4":"has-post-thumbnail","6":"description-off","8":"first","9":"instock","10":"shipping-taxable","11":"product-type-simple"},"aioseo_notices":[],"_links":{"self":[{"href":"https:\/\/www.carrerivegauche.com\/fr\/wp-json\/wp\/v2\/product\/27600","targetHints":{"allow":["GET"]}}],"collection":[{"href":"https:\/\/www.carrerivegauche.com\/fr\/wp-json\/wp\/v2\/product"}],"about":[{"href":"https:\/\/www.carrerivegauche.com\/fr\/wp-json\/wp\/v2\/types\/product"}],"wp:featuredmedia":[{"embeddable":true,"href":"https:\/\/www.carrerivegauche.com\/fr\/wp-json\/wp\/v2\/media\/27597"}],"wp:attachment":[{"href":"https:\/\/www.carrerivegauche.com\/fr\/wp-json\/wp\/v2\/media?parent=27600"}],"wp:term":[{"taxonomy":"product_brand","embeddable":true,"href":"https:\/\/www.carrerivegauche.com\/fr\/wp-json\/wp\/v2\/product_brand?post=27600"},{"taxonomy":"product_cat","embeddable":true,"href":"https:\/\/www.carrerivegauche.com\/fr\/wp-json\/wp\/v2\/product_cat?post=27600"},{"taxonomy":"product_tag","embeddable":true,"href":"https:\/\/www.carrerivegauche.com\/fr\/wp-json\/wp\/v2\/product_tag?post=27600"}],"curies":[{"name":"wp","href":"https:\/\/api.w.org\/{rel}","templated":true}]}}