 

{"id":27488,"date":"2024-08-01T15:24:37","date_gmt":"2024-08-01T13:24:37","guid":{"rendered":"https:\/\/www.carrerivegauche.com\/boutique-crg\/majolique-historiee-urbino-circa-1550-70-probablement-atelier-de-fontana\/"},"modified":"2024-08-01T15:24:37","modified_gmt":"2024-08-01T13:24:37","slug":"majolique-historiee-urbino-circa-1550-70-probablement-atelier-de-fontana","status":"publish","type":"product","link":"https:\/\/www.carrerivegauche.com\/fr\/boutique-crg\/majolique-historiee-urbino-circa-1550-70-probablement-atelier-de-fontana\/","title":{"rendered":"Majolique histori\u00e9e Urbino, circa 1550-70 &#8211; Probablement atelier de Fontana"},"content":{"rendered":"<p><span>Cette magnifique majolique histori\u00e9e dat\u00e9e de 1550-1570, provient d&rsquo;Urbino en Italie, probablement issue de l&rsquo;atelier de Fontana.<\/span><br \/><span>La sc\u00e8ne peinte montre Neptune enla\u00e7ant la nymphe C\u00e9nis, sur un rivage. V\u00eatu d&rsquo;un turban vert et d&rsquo;un drap\u00e9 mangan\u00e8se, le dieu laisse tomber son trident noir, pos\u00e9 \u00e0 ses pieds. La nymphe porte une robe ocre gonfl\u00e9e. La pr\u00e9sence de Cupidon, ail\u00e9 et troquant son arc pour un trident, appuie le caract\u00e8re amoureux de la sc\u00e8ne. Plac\u00e9s dans la mer, trois hippocampes constituent le char de Neptune, sorti des eaux. Le paysage est form\u00e9 par un rocher massif s\u00e9parant en deux l&rsquo;arri\u00e8re-plan, avec les bateaux d&rsquo;un c\u00f4t\u00e9 et une \u00eele abritant des b\u00e2timents et des montagnes de l&rsquo;autre.<\/span><br \/><span>Cette composition est tir\u00e9e d&rsquo;une gravure de Virgil Solis, intitul\u00e9e C\u00e9nis et Pos\u00e9idon, illustrant l&rsquo;\u00e9dition de 1563 des M\u00e9tamorphoses d&rsquo;Ovide. La production de l&rsquo;atelier du c\u00e9ramiste Orazio Fontana (1510-1571) se caract\u00e9rise surtout par l&rsquo;attention donn\u00e9e aux\u00a0<\/span><span>\u00a0<\/span><span>paysages qui constituent la toile de fond des majoliques histori\u00e9es. Les rochers sont stylis\u00e9s, les tons bleus, utilis\u00e9s pour le ciel et l&rsquo;eau, contrastent avec les tons rouge-orang\u00e9s et le teint ambr\u00e9 des personnages.<\/span><br data-mce-bogus=\"1\"><\/p>\n<p><span>Sur l&rsquo;arri\u00e8re de la c\u00e9ramique se trouve plusieurs inscriptions : Netuno, \u00e9crit au centre, en bleu; une note descriptive r\u00e9dig\u00e9e en allemand, datant et identifiant le plan comme issu de l&rsquo;atelier d&rsquo;Orazio Fontana; et enfin une seconde note descriptive fragmentaire r\u00e9dig\u00e9e en anglais.<\/span><br \/><span>Production d&rsquo;une qualit\u00e9 exceptionnelle, l&rsquo;oeuvre \u00e9tonne \u00e0 la fois par les couleurs vives qui composent la sc\u00e8ne, et par la sensation de mouvement intense, rendue par les drap\u00e9s volants, par le mouvement chaotique de l&rsquo;eau, et par la pose du dieu de l&rsquo;Oc\u00e9an, courant pour aller embrasser la nymphe.<\/span><\/p>\n<p>_________________________________<\/p>\n<p><em><span data-mce-style=\"caret-color: #000000; color: #000000; font-family: regular, 'Lucida Sans Unicode', 'Lucida Grande', sans-serif; font-size: 14px; background-color: #f8f8f8;\">This magnificent historiated majolica, dated 1550-1570, comes from Urbino, Italy, probably from Fontana&rsquo;s workshop.<\/span><\/em><br \/><em><span data-mce-style=\"caret-color: #000000; color: #000000; font-family: regular, 'Lucida Sans Unicode', 'Lucida Grande', sans-serif; font-size: 14px; background-color: #f8f8f8;\">The painted scene shows Neptune embracing the nymph Cenis, on a shore. Dressed in a green turban and manganese drape, the god drops his black trident at his feet. The nymph wears a puffy ochre dress. The presence of Cupid, winged and swapping his bow for a trident, emphasizes the amorous nature of the scene. Three seahorses in the sea form Neptune&rsquo;s chariot, rising from the waters. The landscape is formed by a massive rock dividing the background in two, with boats on one side and an island of buildings and mountains on the other.<\/span><\/em><br \/><em><span data-mce-style=\"caret-color: #000000; color: #000000; font-family: regular, 'Lucida Sans Unicode', 'Lucida Grande', sans-serif; font-size: 14px; background-color: #f8f8f8;\">This composition is taken from an engraving by Virgil Solis, entitled C\u00e9nis et Pos\u00e9idon, illustrating the 1563 edition of Ovid&rsquo;s Metamorphoses. The output of the workshop of ceramist Orazio Fontana (1510-1571) is characterized above all by the attention paid to the landscapes that form the backdrop to his historiated majolica. The rocks are stylized, and the blue tones used for the sky and water contrast with the orange-red tones and amber complexion of the figures.<\/span><\/em><br \/><em><span data-mce-style=\"caret-color: #000000; color: #000000; font-family: regular, 'Lucida Sans Unicode', 'Lucida Grande', sans-serif; font-size: 14px; background-color: #f8f8f8;\">On the back of the ceramics are several inscriptions: Netuno, written in the center, in blue; a descriptive note written in German, dating and identifying the plan as coming from the workshop of Orazio Fontana; and finally a second fragmentary descriptive note written in English.<\/span><\/em><br \/><em><span data-mce-style=\"caret-color: #000000; color: #000000; font-family: regular, 'Lucida Sans Unicode', 'Lucida Grande', sans-serif; font-size: 14px; background-color: #f8f8f8;\">A production of exceptional quality, the work astonishes both by the vivid colors that make up the scene, and by the sensation of intense movement, rendered by the flying draperies, the chaotic movement of the water, and the pose of the Ocean god, running to embrace the nymph.<\/span><\/em><br data-mce-bogus=\"1\"><\/p>\n","protected":false},"excerpt":{"rendered":"<p data-mce-style=\"margin: 0px; padding: 0px; font-size: 12px; line-height: normal; font-family: Symbol; min-height: 12px;\" style=\"margin: 0px;padding: 0px;font-size: 12px;line-height: normal;font-family: Symbol;min-height: 12px\"><em data-mce-style=\"margin: 0px; padding: 0px;\" style=\"margin: 0px;padding: 0px\"><span data-mce-style=\"margin: 0px; padding: 0px; font-weight: bold;\" style=\"margin: 0px;padding: 0px;font-weight: bold\"><span data-mce-style=\"font-family: Helvetica; font-size: 11.5px;\" style=\"margin: 0px;padding: 0px;font-family: Helvetica;font-size: 11.5px\"><em data-mce-style=\"margin: 0px; padding: 0px; font-family: Symbol; font-size: 12px;\" style=\"margin: 0px;padding: 0px;font-family: Symbol;font-size: 12px\"><span data-mce-style=\"margin: 0px; padding: 0px; font-weight: bold;\" style=\"margin: 0px;padding: 0px\"><span data-mce-style=\"font-family: Helvetica; font-size: 11.5px;\" style=\"margin: 0px;padding: 0px;font-family: Helvetica;font-size: 11.5px\">\u2022\u00a0<\/span><\/span><\/em><em data-mce-style=\"margin: 0px; padding: 0px;\" style=\"margin: 0px;padding: 0px\"><span data-mce-style=\"margin: 0px; padding: 0px; font-weight: bold;\" style=\"margin: 0px;padding: 0px\"><span data-mce-style=\"caret-color: #636363; color: #636363; font-family: Helvetica; font-size: 11.5px; margin: 0px; padding: 0px;\" style=\"margin: 0px;padding: 0px\">P\u00e9riode :<\/span><\/span><\/em><\/span><\/span><span data-mce-style=\"margin: 0px; padding: 0px;\" style=\"margin: 0px;padding: 0px\"><span data-mce-style=\"font-family: Helvetica; font-size: 11.5px;\" style=\"margin: 0px;padding: 0px;font-family: Helvetica;font-size: 11.5px\"><em data-mce-style=\"margin: 0px; padding: 0px;\" style=\"margin: 0px;padding: 0px\"><span data-mce-style=\"margin: 0px; padding: 0px; font-weight: bold;\" style=\"margin: 0px;padding: 0px\"><span data-mce-style=\"caret-color: #636363; color: #636363; font-family: Helvetica; font-size: 11.5px; margin: 0px; padding: 0px;\" style=\"margin: 0px;padding: 0px\">\u00a0XVIe si\u00e8cle<\/span><\/span><\/em><\/span><\/span><\/em><\/p>\n<p data-mce-style=\"margin: 0px; padding: 0px; font-size: 12px; line-height: normal; font-family: Symbol; min-height: 12px;\" style=\"margin: 0px;padding: 0px;font-size: 12px;line-height: normal;font-family: Symbol;min-height: 12px\"><em data-mce-style=\"margin: 0px; padding: 0px;\" style=\"margin: 0px;padding: 0px\"><span data-mce-style=\"margin: 0px; padding: 0px; font-weight: bold;\" style=\"margin: 0px;padding: 0px;font-weight: bold\"><span data-mce-style=\"font-family: Helvetica; font-size: 11.5px;\" style=\"margin: 0px;padding: 0px;font-family: Helvetica;font-size: 11.5px\">\u2022 Origine :\u00a0<\/span><\/span><span data-mce-style=\"margin: 0px; padding: 0px;\" style=\"margin: 0px;padding: 0px\"><span data-mce-style=\"font-family: Helvetica; font-size: 11.5px;\" style=\"margin: 0px;padding: 0px;font-family: Helvetica;font-size: 11.5px\">Italie, Urbino<\/span><\/span><\/em><\/p>\n<p data-mce-style=\"margin: 0px; padding: 0px; font-size: 12px; line-height: normal; font-family: Symbol; min-height: 12px;\" style=\"margin: 0px;padding: 0px;font-size: 12px;line-height: normal;font-family: Symbol;min-height: 12px\"><em data-mce-style=\"margin: 0px; padding: 0px;\" style=\"margin: 0px;padding: 0px\"><span data-mce-style=\"margin: 0px; padding: 0px; font-weight: bold;\" style=\"margin: 0px;padding: 0px;font-weight: bold\"><span data-mce-style=\"font-family: Helvetica; font-size: 11.5px;\" style=\"margin: 0px;padding: 0px;font-family: Helvetica;font-size: 11.5px\">\u2022 Mat\u00e9riaux :\u00a0<\/span><\/span><span data-mce-style=\"margin: 0px; padding: 0px;\" style=\"margin: 0px;padding: 0px\"><span data-mce-style=\"font-family: Helvetica; font-size: 11.5px;\" style=\"margin: 0px;padding: 0px;font-family: Helvetica;font-size: 11.5px\">C\u00e9ramique<\/span><\/span><\/em><\/p>\n<p data-mce-style=\"margin: 0px; padding: 0px; font-size: 12px; line-height: normal; font-family: Symbol; min-height: 12px;\" style=\"margin: 0px;padding: 0px;font-size: 12px;line-height: normal;font-family: Symbol;min-height: 12px\"><em data-mce-style=\"margin: 0px; padding: 0px;\" style=\"margin: 0px;padding: 0px\"><span data-mce-style=\"margin: 0px; padding: 0px; font-weight: bold;\" style=\"margin: 0px;padding: 0px;font-weight: bold\"><span data-mce-style=\"font-family: Helvetica; font-size: 11.5px;\" style=\"margin: 0px;padding: 0px;font-family: Helvetica;font-size: 11.5px\">\u2022 Dimensions :\u00a0<\/span><\/span><span data-mce-style=\"font-family: Helvetica; font-size: 11.5px;\" style=\"margin: 0px;padding: 0px;font-family: Helvetica;font-size: 11.5px\">D : 27 cm<\/span><\/em><\/p>\n<p data-mce-style=\"margin: 0px; padding: 0px; font-size: 12px; line-height: normal; font-family: Symbol; min-height: 12px;\" style=\"margin: 0px;padding: 0px;font-size: 12px;line-height: normal;font-family: Symbol;min-height: 12px\"><em data-mce-style=\"margin: 0px; padding: 0px;\" style=\"margin: 0px;padding: 0px\"><span data-mce-style=\"margin: 0px; padding: 0px; font-weight: bold;\" style=\"margin: 0px;padding: 0px;font-weight: bold\"><span data-mce-style=\"font-family: Helvetica; font-size: 11.5px;\" style=\"margin: 0px;padding: 0px;font-family: Helvetica;font-size: 11.5px\">\u2022 \u00c9tat :\u00a0<\/span><\/span><\/em><em data-mce-style=\"margin: 0px; padding: 0px;\" style=\"margin: 0px;padding: 0px\"><span data-mce-style=\"margin: 0px; padding: 0px;\" style=\"margin: 0px;padding: 0px\"><span data-mce-style=\"font-family: Helvetica; font-size: 11.5px;\" style=\"margin: 0px;padding: 0px;font-family: Helvetica;font-size: 11.5px\">Tr\u00e8s bel \u00e9tat<\/span><\/span><\/em><\/p>\n<p>________________________________<\/p>\n<p data-mce-style=\"margin: 0px; padding: 0px; font-size: 12px; line-height: normal; font-family: Symbol; min-height: 12px;\" style=\"margin: 0px;padding: 0px;font-size: 12px;line-height: normal;font-family: Symbol;min-height: 12px\"><span data-mce-style=\"margin: 0px; padding: 0px; font-weight: bold;\" style=\"margin: 0px;padding: 0px;font-weight: bold\"><em data-mce-style=\"margin: 0px; padding: 0px;\" style=\"margin: 0px;padding: 0px\"><span data-mce-style=\"font-family: Helvetica; font-size: 11.5px;\" style=\"margin: 0px;padding: 0px;font-family: Helvetica;font-size: 11.5px\"><em data-mce-style=\"margin: 0px; padding: 0px; font-family: Symbol; font-size: 12px;\" style=\"margin: 0px;padding: 0px;font-family: Symbol;font-size: 12px\"><span data-mce-style=\"margin: 0px; padding: 0px;\" style=\"margin: 0px;padding: 0px\"><span data-mce-style=\"font-family: Helvetica; font-size: 11.5px;\" style=\"margin: 0px;padding: 0px;font-family: Helvetica;font-size: 11.5px\">\u2022\u00a0<\/span><\/span><\/em><\/span><\/em><\/span><span data-mce-style=\"margin: 0px; padding: 0px;\" style=\"margin: 0px;padding: 0px\"><em data-mce-style=\"margin: 0px; padding: 0px;\" style=\"margin: 0px;padding: 0px\"><span data-mce-style=\"font-family: Helvetica; font-size: 11.5px;\" style=\"margin: 0px;padding: 0px;font-family: Helvetica;font-size: 11.5px\"><span data-mce-style=\"margin: 0px; padding: 0px; font-weight: bold;\" style=\"margin: 0px;padding: 0px;font-weight: bold\">Period:\u00a0<\/span>16th century<\/span><\/em><\/span><\/p>\n<p data-mce-style=\"margin: 0px; padding: 0px; font-size: 12px; line-height: normal; font-family: Symbol; min-height: 12px;\" style=\"margin: 0px;padding: 0px;font-size: 12px;line-height: normal;font-family: Symbol;min-height: 12px\"><span data-mce-style=\"margin: 0px; padding: 0px; font-weight: bold;\" style=\"margin: 0px;padding: 0px;font-weight: bold\"><em data-mce-style=\"margin: 0px; padding: 0px;\" style=\"margin: 0px;padding: 0px\"><span data-mce-style=\"font-family: Helvetica; font-size: 11.5px;\" style=\"margin: 0px;padding: 0px;font-family: Helvetica;font-size: 11.5px\">\u2022 Origin:\u00a0<\/span><\/em><\/span><span data-mce-style=\"margin: 0px; padding: 0px;\" style=\"margin: 0px;padding: 0px\"><em data-mce-style=\"margin: 0px; padding: 0px;\" style=\"margin: 0px;padding: 0px\"><span data-mce-style=\"font-family: Helvetica; font-size: 11.5px;\" style=\"margin: 0px;padding: 0px;font-family: Helvetica;font-size: 11.5px\">Italy, Urbino<\/span><\/em><\/span><\/p>\n<p data-mce-style=\"margin: 0px; padding: 0px; font-size: 12px; line-height: normal; font-family: Symbol; min-height: 12px;\" style=\"margin: 0px;padding: 0px;font-size: 12px;line-height: normal;font-family: Symbol;min-height: 12px\"><span data-mce-style=\"margin: 0px; padding: 0px; font-weight: bold;\" style=\"margin: 0px;padding: 0px;font-weight: bold\"><em data-mce-style=\"margin: 0px; padding: 0px;\" style=\"margin: 0px;padding: 0px\"><span data-mce-style=\"font-family: Helvetica; font-size: 11.5px;\" style=\"margin: 0px;padding: 0px;font-family: Helvetica;font-size: 11.5px\">\u2022 Materials:\u00a0<\/span><\/em><\/span><span data-mce-style=\"margin: 0px; padding: 0px;\" style=\"margin: 0px;padding: 0px\"><em data-mce-style=\"margin: 0px; padding: 0px;\" style=\"margin: 0px;padding: 0px\"><span data-mce-style=\"font-family: Helvetica; font-size: 11.5px;\" style=\"margin: 0px;padding: 0px;font-family: Helvetica;font-size: 11.5px\">Ceramics<\/span><\/em><\/span><\/p>\n<p data-mce-style=\"margin: 0px; padding: 0px; font-size: 12px; line-height: normal; font-family: Symbol; min-height: 12px;\" style=\"margin: 0px;padding: 0px;font-size: 12px;line-height: normal;font-family: Symbol;min-height: 12px\"><span data-mce-style=\"margin: 0px; padding: 0px; font-weight: bold;\" style=\"margin: 0px;padding: 0px;font-weight: bold\"><em data-mce-style=\"margin: 0px; padding: 0px;\" style=\"margin: 0px;padding: 0px\"><span data-mce-style=\"font-family: Helvetica; font-size: 11.5px;\" style=\"margin: 0px;padding: 0px;font-family: Helvetica;font-size: 11.5px\">\u2022 Dimensions:\u00a0<\/span><\/em><\/span><em data-mce-style=\"margin: 0px; padding: 0px;\" style=\"margin: 0px;padding: 0px\"><span data-mce-style=\"font-family: Helvetica; font-size: 11.5px;\" style=\"margin: 0px;padding: 0px;font-family: Helvetica;font-size: 11.5px\">D : 27 cm<\/span><\/em><\/p>\n<p data-mce-style=\"margin: 0px; padding: 0px; font-size: 12px; line-height: normal; font-family: Symbol; min-height: 12px;\" style=\"margin: 0px;padding: 0px;font-size: 12px;line-height: normal;font-family: Symbol;min-height: 12px\"><span data-mce-style=\"margin: 0px; padding: 0px; font-weight: bold;\" style=\"margin: 0px;padding: 0px;font-weight: bold\"><em data-mce-style=\"margin: 0px; padding: 0px;\" style=\"margin: 0px;padding: 0px\"><span data-mce-style=\"font-family: Helvetica; font-size: 11.5px;\" style=\"margin: 0px;padding: 0px;font-family: Helvetica;font-size: 11.5px\">\u2022 Condition:\u00a0<\/span><\/em><\/span><span data-mce-style=\"margin: 0px; padding: 0px;\" style=\"margin: 0px;padding: 0px\"><em data-mce-style=\"margin: 0px; padding: 0px;\" style=\"margin: 0px;padding: 0px\"><span data-mce-style=\"font-family: Helvetica; font-size: 11.5px;\" style=\"margin: 0px;padding: 0px;font-family: Helvetica;font-size: 11.5px\">Very good condition<\/span><\/em><\/span><\/p>\n","protected":false},"featured_media":27479,"template":"","meta":[],"product_brand":[],"product_cat":[],"product_tag":[],"class_list":{"0":"post-27488","1":"product","2":"type-product","3":"status-publish","4":"has-post-thumbnail","6":"description-off","8":"first","9":"instock","10":"shipping-taxable","11":"product-type-simple"},"aioseo_notices":[],"_links":{"self":[{"href":"https:\/\/www.carrerivegauche.com\/fr\/wp-json\/wp\/v2\/product\/27488","targetHints":{"allow":["GET"]}}],"collection":[{"href":"https:\/\/www.carrerivegauche.com\/fr\/wp-json\/wp\/v2\/product"}],"about":[{"href":"https:\/\/www.carrerivegauche.com\/fr\/wp-json\/wp\/v2\/types\/product"}],"wp:featuredmedia":[{"embeddable":true,"href":"https:\/\/www.carrerivegauche.com\/fr\/wp-json\/wp\/v2\/media\/27479"}],"wp:attachment":[{"href":"https:\/\/www.carrerivegauche.com\/fr\/wp-json\/wp\/v2\/media?parent=27488"}],"wp:term":[{"taxonomy":"product_brand","embeddable":true,"href":"https:\/\/www.carrerivegauche.com\/fr\/wp-json\/wp\/v2\/product_brand?post=27488"},{"taxonomy":"product_cat","embeddable":true,"href":"https:\/\/www.carrerivegauche.com\/fr\/wp-json\/wp\/v2\/product_cat?post=27488"},{"taxonomy":"product_tag","embeddable":true,"href":"https:\/\/www.carrerivegauche.com\/fr\/wp-json\/wp\/v2\/product_tag?post=27488"}],"curies":[{"name":"wp","href":"https:\/\/api.w.org\/{rel}","templated":true}]}}