 

{"id":27349,"date":"2024-07-18T13:40:04","date_gmt":"2024-07-18T11:40:04","guid":{"rendered":"https:\/\/www.carrerivegauche.com\/boutique-crg\/important-lustre-gouttes-editions-bd-lumica-barcelone-espagne-1970\/"},"modified":"2025-11-27T13:14:20","modified_gmt":"2025-11-27T12:14:20","slug":"important-lustre-gouttes-editions-bd-lumica-barcelone-espagne-1970","status":"publish","type":"product","link":"https:\/\/www.carrerivegauche.com\/fr\/boutique-crg\/important-lustre-gouttes-editions-bd-lumica-barcelone-espagne-1970\/","title":{"rendered":"Important lustre \u00ab gouttes \u00bb, \u00c9ditions BD Lumica, Barcelone, Espagne, 1970"},"content":{"rendered":"<p>Grand et beau lustre des \u00e9ditions Lumica \u00e0 Barcelone d\u2019\u00e9poque 1970.<br \/>Il est constitu\u00e9 d\u2019une structure g\u00e9om\u00e9trique en tubes de laiton carr\u00e9s<br \/>avec des embouts chrom\u00e9s, o\u00f9 sont accroch\u00e9es, \u00e0 l\u2019aide de chainettes en<br \/>m\u00e9tal dor\u00e9, des gouttes de verre plein serties d\u2019une bague de laiton.<br \/>230 gouttes de verre. Vingt ampoules d\u2019\u00e9clairage. Il peut \u00eatre<br \/>directement fix\u00e9 au plafond ou accroch\u00e9 \u00e0 l\u2019aide d\u2019une chaine.<\/p>\n<p>Large, beautiful chandelier from Lumica Edition in Barcelona, circa 1970.<br \/>It consists of a geometric structure of square brass tubes with<br \/>chrome-plated end caps, on which solid glass drops set in a brass ring<br \/>are suspended by means of gold-plated metal chains. 230 glass drops.<br \/>Twenty light bulbs. Can be fixed directly to the ceiling or hung from a<br \/>chain.<\/p>\n","protected":false},"excerpt":{"rendered":"<p><span class=\"title\">Important \u201cdrops\u201d chandelier, Editions <a href=\"https:\/\/galerie-canavese.com\/en\/category\/luminaires\/?taxo=edition&amp;id=375\">BD Lumica<\/a>, <em class=\"title_town\"><a href=\"https:\/\/galerie-canavese.com\/en\/category\/luminaires\/?taxo=town&amp;id=376\">Barcelona<\/a><\/em>, <em class=\"title_country\"><a href=\"https:\/\/galerie-canavese.com\/en\/category\/luminaires\/?taxo=country&amp;id=224\">Spain<\/a><\/em>, <em class=\"date_country\"><a href=\"https:\/\/galerie-canavese.com\/en\/category\/luminaires\/?taxo=year&amp;id=181&amp;mod=1970\">1970<\/a><\/em><\/span><\/p>\n","protected":false},"featured_media":27331,"template":"","meta":[],"product_brand":[],"product_cat":[],"product_tag":[],"class_list":{"0":"post-27349","1":"product","2":"type-product","3":"status-publish","4":"has-post-thumbnail","6":"description-off","8":"first","9":"instock","10":"shipping-taxable","11":"purchasable","12":"product-type-simple"},"aioseo_notices":[],"_links":{"self":[{"href":"https:\/\/www.carrerivegauche.com\/fr\/wp-json\/wp\/v2\/product\/27349","targetHints":{"allow":["GET"]}}],"collection":[{"href":"https:\/\/www.carrerivegauche.com\/fr\/wp-json\/wp\/v2\/product"}],"about":[{"href":"https:\/\/www.carrerivegauche.com\/fr\/wp-json\/wp\/v2\/types\/product"}],"wp:featuredmedia":[{"embeddable":true,"href":"https:\/\/www.carrerivegauche.com\/fr\/wp-json\/wp\/v2\/media\/27331"}],"wp:attachment":[{"href":"https:\/\/www.carrerivegauche.com\/fr\/wp-json\/wp\/v2\/media?parent=27349"}],"wp:term":[{"taxonomy":"product_brand","embeddable":true,"href":"https:\/\/www.carrerivegauche.com\/fr\/wp-json\/wp\/v2\/product_brand?post=27349"},{"taxonomy":"product_cat","embeddable":true,"href":"https:\/\/www.carrerivegauche.com\/fr\/wp-json\/wp\/v2\/product_cat?post=27349"},{"taxonomy":"product_tag","embeddable":true,"href":"https:\/\/www.carrerivegauche.com\/fr\/wp-json\/wp\/v2\/product_tag?post=27349"}],"curies":[{"name":"wp","href":"https:\/\/api.w.org\/{rel}","templated":true}]}}