 

{"id":26943,"date":"2024-07-01T15:47:18","date_gmt":"2024-07-01T13:47:18","guid":{"rendered":"https:\/\/www.carrerivegauche.com\/boutique-crg\/huile-sur-toile-elegante-dans-un-interieur-par-augustin-carrera\/"},"modified":"2024-07-01T15:47:19","modified_gmt":"2024-07-01T13:47:19","slug":"huile-sur-toile-elegante-dans-un-interieur-par-augustin-carrera","status":"publish","type":"product","link":"https:\/\/www.carrerivegauche.com\/fr\/boutique-crg\/huile-sur-toile-elegante-dans-un-interieur-par-augustin-carrera\/","title":{"rendered":"Huile sur toile, El\u00e9gante dans un int\u00e9rieur par Augustin CARRERA"},"content":{"rendered":"<p>En 1912, il re\u00e7oit la Bourse d\u2019Indochine. Et part durant huit mois explorer l\u2019Extr\u00eame-Orient et en ram\u00e8ne des toiles aux couleurs exotiques. Lors de ce voyage, le roi du Cambodge lui commande de grands panneaux d\u00e9coratifs pour son palais.<\/p>\n<p>En 1924, il se voit confier la r\u00e9alisation des d\u00e9cors de l\u2019Op\u00e9ra de Marseille<br \/>Il devient officier de la L\u00e9gion d&rsquo;honneur en 1928.<br \/>En 1937, il re\u00e7oit une m\u00e9daille d\u2019or \u00e0 l\u2019Exposition internationale.<\/p>\n<p>Le talent de l\u2019artiste se d\u00e9ploie dans tous les genres.<\/p>\n<p>Ses paysages, aux couleurs intenses et leurs cadrages photographiques font de lui l\u2019un des peintres les plus inventifs de la provence.<br \/>Ses nus, ou la chair des mod\u00e8les et les nuances de couleur sont r\u00e9v\u00e9l\u00e9s par la lumi\u00e8re sont construit comme des sculptures.<\/p>\n<p>Enfin, ses portraits, comme le n\u00f4tre, r\u00e9v\u00e8lent l\u2019immense technicien, coloriste et magicien qu\u2019il peut \u00eatre.<\/p>\n<p>Cette citation d\u2019Antoine Bourdelle le r\u00e9sume si bien \u00ab Carrera a trouv\u00e9 le moyen dans sa peinture d\u2019assembler la hardiesse du coloris et l\u2019exquise finesse de l\u2019atmosph\u00e8re \u00bb<br \/>Peint en 1911, il s&rsquo;est tout un univers artistique contrast\u00e9 que l\u2019artiste nous offre.<\/p>\n<p>Tant\u00f4t enflamm\u00e9 \u2013 avec ses roses, ses verts et ses violets, proches des fauves, tant\u00f4t subtils, pastel, fin \u2013 avec ses transparences de peau et ce visage si doux.<\/p>\n<p>L\u2019artiste emprunte ici :<br \/>Aux impressionnistes, la th\u00e9matique du miroir, ou l\u2019exub\u00e9rance du chapeau prend une autre dimension.<br \/>\u00c0 Bonnard et Vuillard avec cet int\u00e9rieur, aux couleurs vives, aux formes ondulantes, avec un plan serr\u00e9 intimiste.<br \/>Enfin au n\u00e9o-impressionniste belge, Th\u00e9o Van Rysselberghe et aux fauves ou la primaut\u00e9 de la couleur n\u2019enl\u00e8ve rien \u00e0 la recherche de la v\u00e9rit\u00e9 int\u00e9rieure et de la ressemblance avec le mod\u00e8le.<\/p>\n<p>Un critique anglais r\u00e9sume cela parfaitement<br \/>\u00ab C&rsquo;est un Fauve rest\u00e9 fid\u00e8le \u00e0 l&rsquo;Impressionisme. Trop intelligent, il ne peint jamais avec autant d&rsquo;ardeur que dans cet \u00e9tat fr\u00e9quent de c\u00e9cit\u00e9. \u00bb<\/p>\n","protected":false},"excerpt":{"rendered":"<p>Augustin CARRERA 1875-1952<\/p>\n<p>Carrera comme ses \u00e9tudes aux Beaux-Arts de Marseille, puis \u00a0dans l\u2019atelier de L\u00e9on Bonnat aux Beaux-Arts de Paris.<br \/>Le grand-ma\u00eetre remarque vite le talent peu ordinaire du jeune homme, qui par sa touche moderne se d\u00e9tache vite des autres.<\/p>\n<p>Ses excursions dans les mus\u00e9es, o\u00f9 il va admirer C\u00e9zanne, Gauguin et Seurat, s&rsquo;entrechoquent avec ses premi\u00e8res influences Monet et Pissarro, permettant \u00e0 ce jeune artiste d\u2019exp\u00e9rimenter une voie nouvelle pour s\u00e9duire le public.<\/p>\n<p>Pr\u00e9sent d\u00e8s 1890 dans les grands Salons et galeries de renom, ses peintures retiennent l\u2019attention des critiques et des collectionneurs. Et re\u00e7oit des commandes \u00e9tatiques.<\/p>\n","protected":false},"featured_media":26928,"template":"","meta":[],"product_brand":[],"product_cat":[],"product_tag":[],"class_list":{"0":"post-26943","1":"product","2":"type-product","3":"status-publish","4":"has-post-thumbnail","6":"description-off","8":"first","9":"instock","10":"shipping-taxable","11":"product-type-simple"},"aioseo_notices":[],"_links":{"self":[{"href":"https:\/\/www.carrerivegauche.com\/fr\/wp-json\/wp\/v2\/product\/26943","targetHints":{"allow":["GET"]}}],"collection":[{"href":"https:\/\/www.carrerivegauche.com\/fr\/wp-json\/wp\/v2\/product"}],"about":[{"href":"https:\/\/www.carrerivegauche.com\/fr\/wp-json\/wp\/v2\/types\/product"}],"wp:featuredmedia":[{"embeddable":true,"href":"https:\/\/www.carrerivegauche.com\/fr\/wp-json\/wp\/v2\/media\/26928"}],"wp:attachment":[{"href":"https:\/\/www.carrerivegauche.com\/fr\/wp-json\/wp\/v2\/media?parent=26943"}],"wp:term":[{"taxonomy":"product_brand","embeddable":true,"href":"https:\/\/www.carrerivegauche.com\/fr\/wp-json\/wp\/v2\/product_brand?post=26943"},{"taxonomy":"product_cat","embeddable":true,"href":"https:\/\/www.carrerivegauche.com\/fr\/wp-json\/wp\/v2\/product_cat?post=26943"},{"taxonomy":"product_tag","embeddable":true,"href":"https:\/\/www.carrerivegauche.com\/fr\/wp-json\/wp\/v2\/product_tag?post=26943"}],"curies":[{"name":"wp","href":"https:\/\/api.w.org\/{rel}","templated":true}]}}