 

{"id":26713,"date":"2024-06-11T17:49:30","date_gmt":"2024-06-11T15:49:30","guid":{"rendered":"https:\/\/www.carrerivegauche.com\/boutique-crg\/bureau-a-cylindre-en-acajou-estampille-detienne-avril\/"},"modified":"2024-06-11T17:49:30","modified_gmt":"2024-06-11T15:49:30","slug":"bureau-a-cylindre-en-acajou-estampille-detienne-avril","status":"publish","type":"product","link":"https:\/\/www.carrerivegauche.com\/fr\/boutique-crg\/bureau-a-cylindre-en-acajou-estampille-detienne-avril\/","title":{"rendered":"Bureau \u00e0 Cylindre En Acajou Estampill\u00e9 d&rsquo;Etienne Avril"},"content":{"rendered":"<p>Mahogany Cylinder Desk Stamped by Etienne Avril<br data-mce-bogus=\"1\"><\/p>\n<p><br data-mce-bogus=\"1\"><\/p>\n<div data-cke-filler-webkit=\"start\" data-cke-temp=\"1\" style=\"width: 0px;height: 0px;padding: 0px;border: 0px;margin: 0px;position: absolute;top: 0px;left: -9999px;overflow: hidden\">\u00a0<\/div>\n<p>Roll-top desk in mahogany and mahogany veneer, opening with three stepped drawers, four belt drawers and two pulls.<\/p>\n<p>The cylinder reveals lockers and five drawers and the sliding top is covered in leather.<br \/>It rests on four tapered and fluted legs.<br \/>\u00a0<br \/>Rich ornamentation of chiseled and gilded bronzes.<br \/>White Carrara marble top (repaired) surrounded by an openwork gallery in gilded bronze.<br \/>\u00a0<br \/>Stamped Etienne Avril (Master in 1774)<br \/>Period L.XVI<br \/>\u00a0<br \/>Width 130 cm<br \/>Depth 63 cm<br \/>Total height 124 cm<br \/>\u00a0<br \/>\u00a0<br \/>Etienne Avril, received Master in November 1774, created all categories of furniture (chests of drawers, secretaries, tables, display cases, etc.)<br \/>using mainly mahogany and satin with rigorous and simple lines, specific to the L.XVI style.<br \/>Queen Marie-Antoinette was one of the clients, notably for the Ch\u00e2teau de Saint Cloud.<\/p>\n<div data-cke-filler-webkit=\"end\" data-cke-temp=\"1\" style=\"width: 0px;height: 0px;padding: 0px;border: 0px;margin: 0px;position: absolute;top: 0px;left: -9999px;overflow: hidden\">\u00a0<\/div>\n","protected":false},"excerpt":{"rendered":"<div data-cke-filler-webkit=\"start\" data-cke-temp=\"1\" style=\"width: 0px;height: 0px;padding: 0px;border: 0px;margin: 0px;position: absolute;top: 0px;left: -9999px;overflow: hidden\">\u00a0<\/div>\n<p>Bureau \u00e0 cylindre en acajou et placage d&rsquo;acajou, ouvrant par trois tiroirs en gradin, quatre en ceinture et deux tirettes.<br \/>Le cylindre d\u00e9couvre des casiers et cinq tiroirs et le plateau coulissant est gain\u00e9 de cuir.<br \/>Il repose sur quatre pieds fusel\u00e9s et cannel\u00e9s.<br \/>\u00a0<\/p>\n<p>Riche ornementation de bronzes cisel\u00e9s et dor\u00e9s.<br \/>Dessus de marbre blanc de Carrare (r\u00e9par\u00e9) ceintur\u00e9 d&rsquo;une galerie ajour\u00e9e en bronze dor\u00e9.<br \/>\u00a0<\/p>\n<p>Estampill\u00e9 Etienne Avril (Maitre en 1774)<br \/>Epoque L.XVI<br \/>\u00a0<\/p>\n<p>Largeur 130 cm<br \/>Profondeur 63 cm<br \/>Hauteur totale 124 cm<br \/>\u00a0<\/p>\n<p>\u00a0<\/p>\n<p>Etienne Avril, re\u00e7u Ma\u00eetre en Novembre 1774, a r\u00e9alis\u00e9 toutes cat\u00e9gories de meubles (commodes, secr\u00e9taires, tables, vitrines &#8230;)<br \/>en utilisant principalement l&rsquo;acajou et le satin\u00e9 avec des lignes rigoureuses et simples, propres au style L.XVI.<br \/>La Reine Marie-Antoinette fut l&rsquo;une des clientes notamment pour le Ch\u00e2teau de Saint Cloud.<\/p>\n<div data-cke-filler-webkit=\"end\" data-cke-temp=\"1\" style=\"width: 0px;height: 0px;padding: 0px;border: 0px;margin: 0px;position: absolute;top: 0px;left: -9999px;overflow: hidden\">\u00a0<\/div>\n","protected":false},"featured_media":26707,"template":"","meta":[],"product_brand":[],"product_cat":[],"product_tag":[],"class_list":{"0":"post-26713","1":"product","2":"type-product","3":"status-publish","4":"has-post-thumbnail","6":"description-off","8":"first","9":"instock","10":"shipping-taxable","11":"product-type-simple"},"aioseo_notices":[],"_links":{"self":[{"href":"https:\/\/www.carrerivegauche.com\/fr\/wp-json\/wp\/v2\/product\/26713","targetHints":{"allow":["GET"]}}],"collection":[{"href":"https:\/\/www.carrerivegauche.com\/fr\/wp-json\/wp\/v2\/product"}],"about":[{"href":"https:\/\/www.carrerivegauche.com\/fr\/wp-json\/wp\/v2\/types\/product"}],"wp:featuredmedia":[{"embeddable":true,"href":"https:\/\/www.carrerivegauche.com\/fr\/wp-json\/wp\/v2\/media\/26707"}],"wp:attachment":[{"href":"https:\/\/www.carrerivegauche.com\/fr\/wp-json\/wp\/v2\/media?parent=26713"}],"wp:term":[{"taxonomy":"product_brand","embeddable":true,"href":"https:\/\/www.carrerivegauche.com\/fr\/wp-json\/wp\/v2\/product_brand?post=26713"},{"taxonomy":"product_cat","embeddable":true,"href":"https:\/\/www.carrerivegauche.com\/fr\/wp-json\/wp\/v2\/product_cat?post=26713"},{"taxonomy":"product_tag","embeddable":true,"href":"https:\/\/www.carrerivegauche.com\/fr\/wp-json\/wp\/v2\/product_tag?post=26713"}],"curies":[{"name":"wp","href":"https:\/\/api.w.org\/{rel}","templated":true}]}}