 

{"id":26540,"date":"2024-05-30T17:58:46","date_gmt":"2024-05-30T15:58:46","guid":{"rendered":"https:\/\/www.carrerivegauche.com\/boutique-crg\/huile-sur-toile-nature-morte-au-lievre-par-emile-louis-minet\/"},"modified":"2024-05-30T17:58:47","modified_gmt":"2024-05-30T15:58:47","slug":"huile-sur-toile-nature-morte-au-lievre-par-emile-louis-minet","status":"publish","type":"product","link":"https:\/\/www.carrerivegauche.com\/fr\/boutique-crg\/huile-sur-toile-nature-morte-au-lievre-par-emile-louis-minet\/","title":{"rendered":"Huile sur toile, Nature-morte au li\u00e8vre par Emile Louis MINET"},"content":{"rendered":"<p>Attir\u00e9 par la nature il accompagna le paysagiste C\u00e9sar de Cock sur le motif dans la r\u00e9gion de Giverny<br \/>Il excelle a dans les tableaux champ\u00eatres, des sc\u00e8nes de genre et des natures-morte comme la notre dans un style plus naturaliste et r\u00e9aliste.<\/p>\n<p>En 1885 il re\u00e7oit une m\u00e9daille d\u2019or au Salon<\/p>\n<p>Du 15 juillet 1905 \u00e0 1922 il fut Conservateur du Mus\u00e9e des beaux-arts de Rouen<\/p>\n<p>Le 8 juin 1917, il fut admis Membre de l\u2019Acad\u00e9mie des Sciences, Belles Lettres et Arts de Rouen apr\u00e8s avoir \u00e9t\u00e9 nomm\u00e9 officier de l\u2019Instruction Publique.<\/p>\n<p>Il est pr\u00e9sent dans tous les Salons de son \u00e9poque et le collectionneur sont au rendez-vous.<br \/>On retrouve ses \u0153uvres au ch\u00e2teau de Blois, au mus\u00e9e de Rouen\u2026<\/p>\n","protected":false},"excerpt":{"rendered":"<p>\u00c9mile-Louis MINET 1841-1923<\/p>\n<p>N\u00e9 \u00e0 Rouen, o\u00f9 son p\u00e8re tenait un d\u00e9bit de boisson.<br \/>Tr\u00e8s t\u00f4t, le jeune \u00c9mile \u00e0 des dispositions pour le dessin et son p\u00e8re le confie \u00e0 un dessinateur d\u2019indiennes.<br \/>Il y reste 3 ans n\u2019appr\u00e9ciant gu\u00e8re le cot\u00e9 industriel.<br \/>Il apprend ensuite le travail du tissage de laine \u00e0 Elbeuf.<\/p>\n<p>\u00c0 25 ans, associ\u00e9s \u00e0 son p\u00e8re, ils cr\u00e9\u00e8rent une entreprise d\u2019appr\u00eateur de drap qui finit par p\u00e9ricliter du fait de la crise.<\/p>\n<p>\u00c9mile-Louis revient \u00e0 sa passion et, aid\u00e9 financi\u00e8rement par des amis, fait ses classes l\u2019\u00c9cole de Dessin de Rouen sous la direction de Gustave Morin<br \/>Il se perfectionna aupr\u00e8s des peintres parisiens Humbert, Jules Lefebvre, Gervex et Guillemet.<\/p>\n","protected":false},"featured_media":26513,"template":"","meta":[],"product_brand":[],"product_cat":[],"product_tag":[],"class_list":{"0":"post-26540","1":"product","2":"type-product","3":"status-publish","4":"has-post-thumbnail","6":"description-off","8":"first","9":"instock","10":"shipping-taxable","11":"product-type-simple"},"aioseo_notices":[],"_links":{"self":[{"href":"https:\/\/www.carrerivegauche.com\/fr\/wp-json\/wp\/v2\/product\/26540","targetHints":{"allow":["GET"]}}],"collection":[{"href":"https:\/\/www.carrerivegauche.com\/fr\/wp-json\/wp\/v2\/product"}],"about":[{"href":"https:\/\/www.carrerivegauche.com\/fr\/wp-json\/wp\/v2\/types\/product"}],"wp:featuredmedia":[{"embeddable":true,"href":"https:\/\/www.carrerivegauche.com\/fr\/wp-json\/wp\/v2\/media\/26513"}],"wp:attachment":[{"href":"https:\/\/www.carrerivegauche.com\/fr\/wp-json\/wp\/v2\/media?parent=26540"}],"wp:term":[{"taxonomy":"product_brand","embeddable":true,"href":"https:\/\/www.carrerivegauche.com\/fr\/wp-json\/wp\/v2\/product_brand?post=26540"},{"taxonomy":"product_cat","embeddable":true,"href":"https:\/\/www.carrerivegauche.com\/fr\/wp-json\/wp\/v2\/product_cat?post=26540"},{"taxonomy":"product_tag","embeddable":true,"href":"https:\/\/www.carrerivegauche.com\/fr\/wp-json\/wp\/v2\/product_tag?post=26540"}],"curies":[{"name":"wp","href":"https:\/\/api.w.org\/{rel}","templated":true}]}}