 

{"id":26512,"date":"2024-05-30T17:45:54","date_gmt":"2024-05-30T15:45:54","guid":{"rendered":"https:\/\/www.carrerivegauche.com\/boutique-crg\/abner-leroy-1791-1831-un-interieur-apprets-de-chasse-oil-on-canvas-1829\/"},"modified":"2024-05-30T17:45:54","modified_gmt":"2024-05-30T15:45:54","slug":"abner-leroy-1791-1831-un-interieur-apprets-de-chasse-oil-on-canvas-1829","status":"publish","type":"product","link":"https:\/\/www.carrerivegauche.com\/fr\/boutique-crg\/abner-leroy-1791-1831-un-interieur-apprets-de-chasse-oil-on-canvas-1829\/","title":{"rendered":"ABNER LEROY (1791-1831) : UN INT\u00c9RIEUR, APPRETS DE CHASSE, OIL ON CANVAS, 1829"},"content":{"rendered":"<p><br data-mce-bogus=\"1\"><\/p>\n","protected":false},"excerpt":{"rendered":"<p>ABNER LEROY (1791-1831)<br \/>Un int\u00e9rieur appr\u00eats de chasse, 1829<br \/>Huile sur toile sign\u00e9e et dat\u00e9e en bas \u00e0 gauche (toile et ch\u00e2ssis d&rsquo;origine, non rentoil\u00e9) 57 x 50 cm<br \/>Dans son cadre en bois dor\u00e9 d&rsquo;\u00e9poque Restauration : 72 x 64 cm<br \/>(Sans restauration ni repeint)<\/p>\n<p>\u00a9 inustudio et galerie philippe guegan<\/p>\n<p>______________________________<\/p>\n<p>ABNER LEROY (1791-1831)<br \/>Un int\u00e9rieur appr\u00eats de chasse, 1829<br \/>Oil on canvas signed and dated lower left (original canvas and strecher) 57 x 50 cm<br \/>In its original gilwood frame : 72 x 64 cm<br \/>(perfectly preserved work without any restauration)<\/p><\/p>\n","protected":false},"featured_media":26491,"template":"","meta":[],"product_brand":[],"product_cat":[],"product_tag":[],"class_list":{"0":"post-26512","1":"product","2":"type-product","3":"status-publish","4":"has-post-thumbnail","6":"description-off","8":"first","9":"instock","10":"shipping-taxable","11":"purchasable","12":"product-type-simple"},"aioseo_notices":[],"_links":{"self":[{"href":"https:\/\/www.carrerivegauche.com\/fr\/wp-json\/wp\/v2\/product\/26512","targetHints":{"allow":["GET"]}}],"collection":[{"href":"https:\/\/www.carrerivegauche.com\/fr\/wp-json\/wp\/v2\/product"}],"about":[{"href":"https:\/\/www.carrerivegauche.com\/fr\/wp-json\/wp\/v2\/types\/product"}],"wp:featuredmedia":[{"embeddable":true,"href":"https:\/\/www.carrerivegauche.com\/fr\/wp-json\/wp\/v2\/media\/26491"}],"wp:attachment":[{"href":"https:\/\/www.carrerivegauche.com\/fr\/wp-json\/wp\/v2\/media?parent=26512"}],"wp:term":[{"taxonomy":"product_brand","embeddable":true,"href":"https:\/\/www.carrerivegauche.com\/fr\/wp-json\/wp\/v2\/product_brand?post=26512"},{"taxonomy":"product_cat","embeddable":true,"href":"https:\/\/www.carrerivegauche.com\/fr\/wp-json\/wp\/v2\/product_cat?post=26512"},{"taxonomy":"product_tag","embeddable":true,"href":"https:\/\/www.carrerivegauche.com\/fr\/wp-json\/wp\/v2\/product_tag?post=26512"}],"curies":[{"name":"wp","href":"https:\/\/api.w.org\/{rel}","templated":true}]}}