 

{"id":26490,"date":"2024-05-30T17:34:54","date_gmt":"2024-05-30T15:34:54","guid":{"rendered":"https:\/\/www.carrerivegauche.com\/boutique-crg\/bureau-plat-en-acajou-depoque-louis-xvi-estampille-courte\/"},"modified":"2024-05-30T17:34:54","modified_gmt":"2024-05-30T15:34:54","slug":"bureau-plat-en-acajou-depoque-louis-xvi-estampille-courte","status":"publish","type":"product","link":"https:\/\/www.carrerivegauche.com\/fr\/boutique-crg\/bureau-plat-en-acajou-depoque-louis-xvi-estampille-courte\/","title":{"rendered":"BUREAU PLAT EN ACAJOU D&rsquo;\u00c9POQUE LOUIS XVI ESTAMPILL\u00c9 COURTE"},"content":{"rendered":"<p><br data-mce-bogus=\"1\"><\/p>\n","protected":false},"excerpt":{"rendered":"<p>JEAN BAPTISTE COURTE MAITRE EN 1777<br \/>Bureau plat en acajou et placage d&rsquo;acajou estampill\u00e9 COURTE<br \/>Acajou, placage d&rsquo;acajou, bronze cisel\u00e9 et dor\u00e9, cuir vert dor\u00e9 aux petits fers<br \/>Dijon vers 1780<br \/>Hauteur : 93 cm, Largeur : 130,5 cm, Profondeur : 80,5 cm<\/p>\n<p>\u00a9 inustudio et galerie philippe guegan<\/p>\n<p>______________________________<\/p>\n<p><em>A LOUIS XVI ORMOLU MOUNTED MAHOGANY BUREAU PLAT SIGNED COURTE<br \/><\/em><em><em>Plum pudding mahogany, Cuban mahogany, gided bronze, green leather<\/em><\/em><br \/>Dijon by 1780<br \/>Hauteur : 93 cm, Largeur : 130,5 cm, Profondeur : 80,5 cm<\/p><\/p>\n","protected":false},"featured_media":26460,"template":"","meta":[],"product_brand":[],"product_cat":[],"product_tag":[],"class_list":{"0":"post-26490","1":"product","2":"type-product","3":"status-publish","4":"has-post-thumbnail","6":"description-off","8":"first","9":"instock","10":"shipping-taxable","11":"purchasable","12":"product-type-simple"},"aioseo_notices":[],"_links":{"self":[{"href":"https:\/\/www.carrerivegauche.com\/fr\/wp-json\/wp\/v2\/product\/26490","targetHints":{"allow":["GET"]}}],"collection":[{"href":"https:\/\/www.carrerivegauche.com\/fr\/wp-json\/wp\/v2\/product"}],"about":[{"href":"https:\/\/www.carrerivegauche.com\/fr\/wp-json\/wp\/v2\/types\/product"}],"wp:featuredmedia":[{"embeddable":true,"href":"https:\/\/www.carrerivegauche.com\/fr\/wp-json\/wp\/v2\/media\/26460"}],"wp:attachment":[{"href":"https:\/\/www.carrerivegauche.com\/fr\/wp-json\/wp\/v2\/media?parent=26490"}],"wp:term":[{"taxonomy":"product_brand","embeddable":true,"href":"https:\/\/www.carrerivegauche.com\/fr\/wp-json\/wp\/v2\/product_brand?post=26490"},{"taxonomy":"product_cat","embeddable":true,"href":"https:\/\/www.carrerivegauche.com\/fr\/wp-json\/wp\/v2\/product_cat?post=26490"},{"taxonomy":"product_tag","embeddable":true,"href":"https:\/\/www.carrerivegauche.com\/fr\/wp-json\/wp\/v2\/product_tag?post=26490"}],"curies":[{"name":"wp","href":"https:\/\/api.w.org\/{rel}","templated":true}]}}