 

{"id":26459,"date":"2024-05-30T17:23:19","date_gmt":"2024-05-30T15:23:19","guid":{"rendered":"https:\/\/www.carrerivegauche.com\/boutique-crg\/barometre-en-acajou-depoque-empire-signe-bunten\/"},"modified":"2024-05-30T17:23:19","modified_gmt":"2024-05-30T15:23:19","slug":"barometre-en-acajou-depoque-empire-signe-bunten","status":"publish","type":"product","link":"https:\/\/www.carrerivegauche.com\/fr\/boutique-crg\/barometre-en-acajou-depoque-empire-signe-bunten\/","title":{"rendered":"BAROM\u00c8TRE EN ACAJOU D&rsquo;\u00c9POQUE EMPIRE SIGN\u00c9 BUNTEN"},"content":{"rendered":"<p><br data-mce-bogus=\"1\"><\/p>\n","protected":false},"excerpt":{"rendered":"<p><br data-mce-bogus=\"1\"><\/p>\n<p>BAROM\u00c8TRE D&rsquo;OBSERVATION EN ACAJOU A COLONNE ET BASSIN DE MERCURE<br \/>Sign\u00e9 Bunten \u00e0 Paris \u00e9l\u00e8ve de Mr Mossy<br \/>Placage d&rsquo;acajou, laiton, verre et mercure<br \/>PARIS VERS 1815<br \/>Hauteur : 105 cm, Largeur : 16 cm, Profondeur : 12 cm<\/p>\n<p>\u00a9 inustudio et galerie philippe guegan<\/p>\n<p>______________________________<\/p>\n<p><em>AN EMPIRE MAHOGANY STICK BAROMETER<br \/><\/em>Sign\u00e9 Bunten \u00e0 Paris \u00e9l\u00e8ve de Mr Mossy<br \/>PARIS BY 1815<br \/>Hauteur : 105 cm, Largeur : 16 cm, Profondeur : 12 cm<\/p>\n","protected":false},"featured_media":26447,"template":"","meta":[],"product_brand":[],"product_cat":[],"product_tag":[],"class_list":{"0":"post-26459","1":"product","2":"type-product","3":"status-publish","4":"has-post-thumbnail","6":"description-off","8":"first","9":"instock","10":"shipping-taxable","11":"purchasable","12":"product-type-simple"},"aioseo_notices":[],"_links":{"self":[{"href":"https:\/\/www.carrerivegauche.com\/fr\/wp-json\/wp\/v2\/product\/26459","targetHints":{"allow":["GET"]}}],"collection":[{"href":"https:\/\/www.carrerivegauche.com\/fr\/wp-json\/wp\/v2\/product"}],"about":[{"href":"https:\/\/www.carrerivegauche.com\/fr\/wp-json\/wp\/v2\/types\/product"}],"wp:featuredmedia":[{"embeddable":true,"href":"https:\/\/www.carrerivegauche.com\/fr\/wp-json\/wp\/v2\/media\/26447"}],"wp:attachment":[{"href":"https:\/\/www.carrerivegauche.com\/fr\/wp-json\/wp\/v2\/media?parent=26459"}],"wp:term":[{"taxonomy":"product_brand","embeddable":true,"href":"https:\/\/www.carrerivegauche.com\/fr\/wp-json\/wp\/v2\/product_brand?post=26459"},{"taxonomy":"product_cat","embeddable":true,"href":"https:\/\/www.carrerivegauche.com\/fr\/wp-json\/wp\/v2\/product_cat?post=26459"},{"taxonomy":"product_tag","embeddable":true,"href":"https:\/\/www.carrerivegauche.com\/fr\/wp-json\/wp\/v2\/product_tag?post=26459"}],"curies":[{"name":"wp","href":"https:\/\/api.w.org\/{rel}","templated":true}]}}