 

{"id":26446,"date":"2024-05-30T17:14:34","date_gmt":"2024-05-30T15:14:34","guid":{"rendered":"https:\/\/www.carrerivegauche.com\/boutique-crg\/commode-depoque-louis-xv-en-marqueterie-de-bois-de-bout\/"},"modified":"2024-05-30T17:14:34","modified_gmt":"2024-05-30T15:14:34","slug":"commode-depoque-louis-xv-en-marqueterie-de-bois-de-bout","status":"publish","type":"product","link":"https:\/\/www.carrerivegauche.com\/fr\/boutique-crg\/commode-depoque-louis-xv-en-marqueterie-de-bois-de-bout\/","title":{"rendered":"COMMODE D&rsquo;\u00c9POQUE LOUIS XV EN MARQUETERIE DE BOIS DE BOUT"},"content":{"rendered":"<p><br data-mce-bogus=\"1\"><\/p>\n","protected":false},"excerpt":{"rendered":"<p>COMMODE D&rsquo;\u00c9POQUE LOUIS XV OUVRANT PAR DEUX TIROIRS SANS TRAVERSE<br \/>Marqueterie de bois de bout (bois de violette), sur des fonds en frisage de satin\u00e9<br \/>Bronze cisel\u00e9 et dor\u00e9 soulign\u00e9 de r\u00e9serves en placage d\u2019amarante, dessus de marbre br\u00e8che du Tolonnet<br \/>PARIS VERS 1750<br \/>Hauteur : 84 cm, Largeur : 115 cm, Profondeur : 57 cm<\/p>\n<p>\u00a9 inustudio et galerie philippe guegan<\/p>\n<p>______________________________<\/p>\n<p><em>A LOUIS XV ORMOLU MOUNTED BOIS DE BOUT MARQUETRY COMMODE<br \/><\/em><em><em>Tulipwood, satinwood and amaranth, oak frame, chased and gilded bronze, breche d&rsquo;Alep marble top<\/em><\/em><br \/>PARIS BY 1750<br \/>Hauteur : 84 cm, Largeur : 115 cm, Profondeur : 57 cm<\/p><\/p>\n","protected":false},"featured_media":26431,"template":"","meta":[],"product_brand":[],"product_cat":[],"product_tag":[],"class_list":{"0":"post-26446","1":"product","2":"type-product","3":"status-publish","4":"has-post-thumbnail","6":"description-off","8":"first","9":"instock","10":"shipping-taxable","11":"purchasable","12":"product-type-simple"},"aioseo_notices":[],"_links":{"self":[{"href":"https:\/\/www.carrerivegauche.com\/fr\/wp-json\/wp\/v2\/product\/26446","targetHints":{"allow":["GET"]}}],"collection":[{"href":"https:\/\/www.carrerivegauche.com\/fr\/wp-json\/wp\/v2\/product"}],"about":[{"href":"https:\/\/www.carrerivegauche.com\/fr\/wp-json\/wp\/v2\/types\/product"}],"wp:featuredmedia":[{"embeddable":true,"href":"https:\/\/www.carrerivegauche.com\/fr\/wp-json\/wp\/v2\/media\/26431"}],"wp:attachment":[{"href":"https:\/\/www.carrerivegauche.com\/fr\/wp-json\/wp\/v2\/media?parent=26446"}],"wp:term":[{"taxonomy":"product_brand","embeddable":true,"href":"https:\/\/www.carrerivegauche.com\/fr\/wp-json\/wp\/v2\/product_brand?post=26446"},{"taxonomy":"product_cat","embeddable":true,"href":"https:\/\/www.carrerivegauche.com\/fr\/wp-json\/wp\/v2\/product_cat?post=26446"},{"taxonomy":"product_tag","embeddable":true,"href":"https:\/\/www.carrerivegauche.com\/fr\/wp-json\/wp\/v2\/product_tag?post=26446"}],"curies":[{"name":"wp","href":"https:\/\/api.w.org\/{rel}","templated":true}]}}