 

{"id":26420,"date":"2024-05-30T16:49:45","date_gmt":"2024-05-30T14:49:45","guid":{"rendered":"https:\/\/www.carrerivegauche.com\/boutique-crg\/paire-de-lampes-carcel-depoque-restauration\/"},"modified":"2024-05-30T16:49:45","modified_gmt":"2024-05-30T14:49:45","slug":"paire-de-lampes-carcel-depoque-restauration","status":"publish","type":"product","link":"https:\/\/www.carrerivegauche.com\/fr\/boutique-crg\/paire-de-lampes-carcel-depoque-restauration\/","title":{"rendered":"PAIRE DE LAMPES CARCEL D&rsquo;\u00c9POQUE RESTAURATION"},"content":{"rendered":"<p><br data-mce-bogus=\"1\"><\/p>\n","protected":false},"excerpt":{"rendered":"<p>PAIRE DE LAMPES CARCEL D&rsquo;\u00c9POQUE RESTAURATION<br \/>Bronze cisel\u00e9 et dor\u00e9, bronze patin\u00e9, cristal<br \/>PARIS VERS 1820<br \/>Hauteur : 90 cm, Hauteur sous globe : 60 cm <\/p>\n<p>\u00a9 inustudio et galerie philippe guegan<\/p>\n<p>______________________________<\/p>\n<p><em>A LARGE PAIR OF RESTAURATION PERIOD CARCEL LAMPS<br \/><\/em><em><em>Gilded bronze, patinated bronze, crystal<\/em><\/em><br \/>PARIS BY 1820<br \/>90 cm high<\/p><\/p>\n","protected":false},"featured_media":26399,"template":"","meta":[],"product_brand":[],"product_cat":[],"product_tag":[],"class_list":{"0":"post-26420","1":"product","2":"type-product","3":"status-publish","4":"has-post-thumbnail","6":"description-off","8":"first","9":"instock","10":"shipping-taxable","11":"product-type-simple"},"aioseo_notices":[],"_links":{"self":[{"href":"https:\/\/www.carrerivegauche.com\/fr\/wp-json\/wp\/v2\/product\/26420","targetHints":{"allow":["GET"]}}],"collection":[{"href":"https:\/\/www.carrerivegauche.com\/fr\/wp-json\/wp\/v2\/product"}],"about":[{"href":"https:\/\/www.carrerivegauche.com\/fr\/wp-json\/wp\/v2\/types\/product"}],"wp:featuredmedia":[{"embeddable":true,"href":"https:\/\/www.carrerivegauche.com\/fr\/wp-json\/wp\/v2\/media\/26399"}],"wp:attachment":[{"href":"https:\/\/www.carrerivegauche.com\/fr\/wp-json\/wp\/v2\/media?parent=26420"}],"wp:term":[{"taxonomy":"product_brand","embeddable":true,"href":"https:\/\/www.carrerivegauche.com\/fr\/wp-json\/wp\/v2\/product_brand?post=26420"},{"taxonomy":"product_cat","embeddable":true,"href":"https:\/\/www.carrerivegauche.com\/fr\/wp-json\/wp\/v2\/product_cat?post=26420"},{"taxonomy":"product_tag","embeddable":true,"href":"https:\/\/www.carrerivegauche.com\/fr\/wp-json\/wp\/v2\/product_tag?post=26420"}],"curies":[{"name":"wp","href":"https:\/\/api.w.org\/{rel}","templated":true}]}}