 

{"id":26398,"date":"2024-05-29T16:19:29","date_gmt":"2024-05-29T14:19:29","guid":{"rendered":"https:\/\/www.carrerivegauche.com\/boutique-crg\/encrier-louis-xiv-en-marqueterie-boulle-avec-blason\/"},"modified":"2024-05-29T16:19:29","modified_gmt":"2024-05-29T14:19:29","slug":"encrier-louis-xiv-en-marqueterie-boulle-avec-blason","status":"publish","type":"product","link":"https:\/\/www.carrerivegauche.com\/fr\/boutique-crg\/encrier-louis-xiv-en-marqueterie-boulle-avec-blason\/","title":{"rendered":"Encrier Louis XIV en marqueterie Boulle avec blason"},"content":{"rendered":"<p><u style=\"font-size: 12pt;font-family: condensed, Arial\"><b>Louis XIV inkwell in Boulle marquetry with coat of arms<\/b><\/u><\/p>\n<p><strong>Dimensions: H 10.5 cm x W 35 cm x D 20 cm<\/strong><\/p>\n<p>Desk inkwell in Boulle marquetry, red tortoiseshell and engraved brass on a pewter background. <\/p>\n<p>All sides are decorated with marquetry inspired by the floral and animal collection. <br \/>On each side, finely engraved brass scrolls form a loop, matching the shape of the object. <\/p>\n<p>\u200b\u200b\u200b\u200b\u200b\u200b\u200bAt the back are three birds in red tortoiseshell, their wings outstretched and seeming to sing. They rest on scrolls and branches harmoniously wound in finely engraved brass.<\/p>\n<p>The front fa\u00e7ade,\u00a0supported on either side by square legs in concave parallel vertical walls, is depicted with a crowned coat of arms surrounded by winged putti holding bunches of grapes and facing serpents. The body of the puttis forms scrolls coiled and intertwined in snakes. <\/p>\n<p>This figuration is characterized by the contrast of colors. The coat of arms on a tortoiseshell background highlights the red of the bunches of grapes and the snakes. The interior shapes of the coat of arms, the crown, the puttis and the scrolls are finely engraved in the brass, which particularly stands out the red tortoise shell from this light yellow copper color.<\/p>\n<p>This coat of arms surmounted by a marquis crown bears a gold chevron and in chief of a double pendant in the same color. <\/p>\n<p>The intermediate part, allowing the pen to be placed, has a large concave-shaped reserve depicting a canine versus feline scene. <br \/>We can discern in red tortoiseshell a feline (lion or tiger) in the left part. In the attack position, its body seems ready to pounce, its front legs raised towards its opponent. In front of him, a dog also seems ready to fight.<\/p>\n<p>By their bright red color we particularly distinguish this scene, we can however notice in engraved brass that a woman holds the dog by the collar, her bust entirely extended over the animal and the lower part of her body transforming into scrolls like the putti in front. <\/p>\n<p>This scene is framed by finely engraved brass scrolls and is finished in the upper part by an ogee profile surmounted in the upper part by a rectangular surface over the entire length. <\/p>\n<p>There are two square areas raised by a few millimeters on the sides, presenting compartments for ink and drying sand and a rectangular area in the center, forming a sponge compartment. <br \/>These brass pieces are embedded in the inkwell with a pewter background and framed with lines, rolled scrolls and other foliage, in red tortoise shell. <br \/>This upper part is surrounded by an inverted cavet also in tortoiseshell. <\/p>\n<p>Our inkwell stands out due to its particularly curved shape, unlike the inkwells of the time whose line is mainly rectangular, and due to its animal lexicon. <\/p>\n<p>These particularities and the fine marquetry work make it a rare and precious piece. <br \/>This work of art thus reflects the refinement of Louis XIV and the exceptional know-how of this period. <br \/>The central coat of arms assumes that this object was made for a marquis, which underlines the importance of this magnificent piece.<\/p>\n<p>Louis XIV period work in counterpart marquetry, red tortoiseshell and engraved brass on a pewter background with central crowned coat of arms.<\/p>\n<p>Restoration of use and maintenance.<\/p>\n<div data-cke-filler-webkit=\"end\" data-cke-temp=\"1\" style=\"width: 0px;height: 0px;padding: 0px;border: 0px;margin: 0px;position: absolute;top: 0px;left: -9999px;overflow: hidden\">\u00a0<\/div>\n","protected":false},"excerpt":{"rendered":"<p><strong>Dimensions : <\/strong>H<strong> <\/strong>10,5 cm x L 35 cm x P 20 cm<\/p>\n<p>Encrier de bureau en marqueterie Boulle de contre partie, \u00e9caille de tortue rouge et laiton grav\u00e9 sur fond d\u2019\u00e9tain. <\/p>\n<p>L\u2019ensemble des faces est d\u00e9cor\u00e9 d\u2019une marqueterie inspir\u00e9 du recueil floral et animalier. <br \/>De chaque cot\u00e9, des rinceaux en laiton finement grav\u00e9 forment boucle, \u00e9pousant la forme de l\u2019objet.<\/p>\n<p> \u200b\u200b\u200b\u200b\u200b\u200b\u200b\u00c0 l&rsquo;arri\u00e8re sont repr\u00e9sent\u00e9s trois oiseaux en \u00e9caille de tortue rouge, les ailes d\u00e9ploy\u00e9es et semblant chanter. Ils reposent sur des rinceaux et branchages harmonieusement enroul\u00e9s en laiton finement grav\u00e9.<\/p>\n<p>La fa\u00e7ade avant,\u00a0soutenue de part et d&rsquo;autre par des pieds carr\u00e9s en parois verticales parall\u00e8les concaves, est figur\u00e9e d&rsquo;un blason couronn\u00e9 entour\u00e9 de putti aill\u00e9s tenant des grappes de raisin et faisant face \u00e0 des serpents. Le corps des puttis forme rinceaux enroul\u00e9s et entrem\u00eal\u00e9s dans les serpents. <\/p>\n<p>Cette figuration se caract\u00e9rise par le contraste des couleurs. Le blason sur fond d\u2019\u00e9caille de tortue souligne le rouge des grappes de raisins et des serpents. Les formes int\u00e9rieures du blason, la couronne, les puttis et les rinceaux sont finement grav\u00e9s dans le laiton ce qui d\u00e9tache particuli\u00e8rement l\u2019\u00e9caille de tortue rouge de cette couleur claire de cuivre jaune.<\/p>\n<p>Ce blason surmont\u00e9 d\u2019une couronne de marquis porte de gueule au chevron d\u2019or en chef d\u2019un lambel \u00e0 deux pendant de m\u00eame. <\/p>\n<p>La partie interm\u00e9diaire, permettant de poser la plume, pr\u00e9sente une grande r\u00e9serve de forme concave figurant une sc\u00e8ne canin contre f\u00e9lin. <br \/>Nous pouvons discerner en \u00e9caille de tortue rouge un f\u00e9lin (lion ou tigre) dans la partie gauche. En position d\u2019attaque, son corps semble pr\u00eat \u00e0 bondir, les pattes avant lev\u00e9es vers son adversaire. En face de lui, un chien semble \u00e9galement pr\u00eat au combat. <\/p>\n<p>Par leur couleur rouge vif on distingue particuli\u00e8rement cette sc\u00e8ne, nous pouvons cependant remarquer en laiton grav\u00e9 qu\u2019une femme retient le chien par le col, son buste enti\u00e8rement \u00e9tendu sur l\u2019animal et le bas de son corps se transformant en rinceaux tels les putti en fa\u00e7ade. <\/p>\n<p>Cette sc\u00e8ne est encadr\u00e9e de rinceaux en laiton finement grav\u00e9 et se fini dans la partie sup\u00e9rieure par un profil \u00e0 doucine surmont\u00e9 dans la partie haute d\u2019une surface rectangulaire sur toute la longueur. <\/p>\n<p>On y distingue deux zones carr\u00e9es rehauss\u00e9es de quelques millim\u00e8tres sur les c\u00f4t\u00e9s, pr\u00e9sentant des compartiments pour l\u2019encre et le sable \u00e0 s\u00e9chage et une zone rectangulaire au centre, formant compartiment d\u2019\u00e9ponge. <br \/>Ces pi\u00e8ces en laiton sont encastr\u00e9es dans l\u2019encrier en fond d\u2019\u00e9tain et encadr\u00e9es de lignes, de rinceaux enroul\u00e9s et autres feuillages, en \u00e9cailles de tortue rouge. <br \/>Cette partie sup\u00e9rieure est ceintur\u00e9e d\u2019un cavet renvers\u00e9 \u00e9galement en \u00e9caille de tortue. <\/p>\n<p>Notre encrier se singularise de par sa forme particuli\u00e8rement galb\u00e9e, \u00e0 la diff\u00e9rence des encriers de l\u2019\u00e9poque dont la ligne est principalement rectangulaire, et de par son lexique animalier. <\/p>\n<p>Ces particularit\u00e9s et le fin travail de marqueterie en fait une pi\u00e8ce rare et pr\u00e9cieuse. <br \/>Cette \u0153uvre d\u2019art refl\u00e8te ainsi le raffinement Louis XIV et le savoir faire exceptionnel de cette p\u00e9riode. <br \/>Le blason central suppose que cet objet a \u00e9t\u00e9 fait pour un marquis ce qui souligne l\u2019importance de cette magnifique pi\u00e8ce.<\/p>\n<p>Travail d\u2019\u00e9poque Louis XIV en marqueterie de contrepartie, \u00e9caille de tortue rouge et laiton grav\u00e9 sur fond d\u2019\u00e9tain avec blason central couronn\u00e9.<\/p>\n<p>Restauration d\u2019usage et d\u2019entretien.<\/p>\n<div data-cke-filler-webkit=\"end\" data-cke-temp=\"1\" style=\"width: 0px;height: 0px;padding: 0px;border: 0px;margin: 0px;position: absolute;top: 0px;left: -9999px;overflow: hidden\">\u00a0<\/div>\n","protected":false},"featured_media":26344,"template":"","meta":[],"product_brand":[],"product_cat":[],"product_tag":[],"class_list":{"0":"post-26398","1":"product","2":"type-product","3":"status-publish","4":"has-post-thumbnail","6":"description-off","8":"first","9":"instock","10":"shipping-taxable","11":"product-type-simple"},"aioseo_notices":[],"_links":{"self":[{"href":"https:\/\/www.carrerivegauche.com\/fr\/wp-json\/wp\/v2\/product\/26398","targetHints":{"allow":["GET"]}}],"collection":[{"href":"https:\/\/www.carrerivegauche.com\/fr\/wp-json\/wp\/v2\/product"}],"about":[{"href":"https:\/\/www.carrerivegauche.com\/fr\/wp-json\/wp\/v2\/types\/product"}],"wp:featuredmedia":[{"embeddable":true,"href":"https:\/\/www.carrerivegauche.com\/fr\/wp-json\/wp\/v2\/media\/26344"}],"wp:attachment":[{"href":"https:\/\/www.carrerivegauche.com\/fr\/wp-json\/wp\/v2\/media?parent=26398"}],"wp:term":[{"taxonomy":"product_brand","embeddable":true,"href":"https:\/\/www.carrerivegauche.com\/fr\/wp-json\/wp\/v2\/product_brand?post=26398"},{"taxonomy":"product_cat","embeddable":true,"href":"https:\/\/www.carrerivegauche.com\/fr\/wp-json\/wp\/v2\/product_cat?post=26398"},{"taxonomy":"product_tag","embeddable":true,"href":"https:\/\/www.carrerivegauche.com\/fr\/wp-json\/wp\/v2\/product_tag?post=26398"}],"curies":[{"name":"wp","href":"https:\/\/api.w.org\/{rel}","templated":true}]}}