 

{"id":26264,"date":"2024-05-29T15:30:56","date_gmt":"2024-05-29T13:30:56","guid":{"rendered":"https:\/\/www.carrerivegauche.com\/boutique-crg\/paire-de-brules-parfum-depoque-empire-attribuee-a-claude-galle\/"},"modified":"2024-05-29T15:30:56","modified_gmt":"2024-05-29T13:30:56","slug":"paire-de-brules-parfum-depoque-empire-attribuee-a-claude-galle","status":"publish","type":"product","link":"https:\/\/www.carrerivegauche.com\/fr\/boutique-crg\/paire-de-brules-parfum-depoque-empire-attribuee-a-claude-galle\/","title":{"rendered":"Paire de br\u00fbles parfum d&rsquo;\u00e9poque Empire attribu\u00e9e \u00e0 Claude Galle"},"content":{"rendered":"<p lang=\"fr-FR\" align=\"CENTER\" style=\"margin-bottom: 0cm;font-size: medium\"><font color=\"#222222\"><font face=\"condensed, Arial\"><font style=\"font-size: 12pt\"><u><b>Pair of Empire period perfume burners attributed to Claude Galle<\/b><\/u><\/font><\/font><\/font><\/p>\n<p lang=\"fr-FR\" align=\"CENTER\"><strong>Dimensions:<\/strong> H 27.5 cm x D 14.5 cm<\/p>\n<p>Very characteristic of his candlesticks \u00ab\u00a0aux merveilleuses\u00a0\u00bb, a style for which Claude Galle is well known, these perfume burners are supported by three caryatids forming rectangular column and linked together by thin gilded bronze rods forming an X. <\/p>\n<p>Their bare feet rest on a triangular base with curved sides and cut corners, itself placed on a circular base. <br \/>In the center, stands a palm tree with columnar foliage supporting a bob\u00e8che figured with arched leaves and topped with a finely chiseled binet of geometric shapes. <br \/>A cylindrical part is placed at the top of the bin, thus reducing the exit of hoting. <\/p>\n<p>The columnar heads, finely chiseled, are decorated on both sides with fins holding a large incense cup. Its chiseled collar with small oval shapes supports an openwork lid decorated with flowers, stars and foliage and crowned with a flower in bud in the central part. <\/p>\n<p>Due to the finesse of these carvings, the use of its \u201cmarvelelles\u201d and the beautiful original gilding, we can attribute this very beautiful work to Claude Galle.<\/p>\n<p>Claude Galle (1759-1815) is one of the most eminent bronziers-engravers of the end of the 18th century and the Empire period.<\/p>\n<div data-cke-filler-webkit=\"end\" data-cke-temp=\"1\" style=\"width: 0px;height: 0px;padding: 0px;border: 0px;margin: 0px;position: absolute;top: 0px;left: -9999px;overflow: hidden\">\u00a0<\/div>\n","protected":false},"excerpt":{"rendered":"<p><strong>Dimensions : <\/strong>H<strong> <\/strong>27,5 cm x D 14,5 cm<\/p>\n<p>Tr\u00e8s caract\u00e9ristique de ses bougeoirs aux merveilleuses, style pour lequel Claude Galle est bien connu, ces br\u00fbles parfums sont soutenu par trois cariatides formant colonne rectangulaire et reli\u00e9es entre elles par de fines tiges en bronze dor\u00e9 formant un X. <\/p>\n<p>Leurs pieds nus reposent sur une base triangulaire \u00e0 c\u00f4t\u00e9s incurv\u00e9s et angles coup\u00e9s, elle-m\u00eame pos\u00e9e sur un socle circulaire. <br \/>Au centre, se tient un palmier de feuillages en colonne supportant une bob\u00e8che figur\u00e9e de feuilles arqu\u00e9es et surmont\u00e9e d\u2019un binet finement cisel\u00e9 de formes g\u00e9om\u00e9triques. <br \/>Une pi\u00e8ce cylindrique se place au sommet du binet r\u00e9duisant ainsi la sortie de chauffe. <\/p>\n<p>Les t\u00eates en colonne, finement cisel\u00e9es, sont orn\u00e9es de part et d\u2019autre d\u2019ailerettes tenant une large coupe \u00e0 encens. Son col cisel\u00e9 de petites formes ovales soutient un couvercle ajour\u00e9 \u00e0 d\u00e9cors de fleurs, \u00e9toiles et feuillages et couronn\u00e9 d\u2019une fleur en bouton dans la partie centrale. <\/p>\n<p>De part la finesse de ces ciselures, l\u2019emploi de ses \u00ab\u00a0merveilleuses\u00a0\u00bb et la belle dorure d\u2019origine, nous pouvons attribuer ce tr\u00e8s beau travail \u00e0 Claude Galle.<\/p>\n<p>Claude Galle (1759-1815) est l\u2019un des plus \u00e9minents bronziers-ciseleurs de la fin du XVIIIe si\u00e8cle et de l\u2019\u00e9poque Empire. <\/p>\n<div data-cke-filler-webkit=\"end\" data-cke-temp=\"1\" style=\"width: 0px;height: 0px;padding: 0px;border: 0px;margin: 0px;position: absolute;top: 0px;left: -9999px;overflow: hidden\">\u00a0<\/div>\n","protected":false},"featured_media":26192,"template":"","meta":[],"product_brand":[],"product_cat":[],"product_tag":[],"class_list":{"0":"post-26264","1":"product","2":"type-product","3":"status-publish","4":"has-post-thumbnail","6":"description-off","8":"first","9":"instock","10":"shipping-taxable","11":"product-type-simple"},"aioseo_notices":[],"_links":{"self":[{"href":"https:\/\/www.carrerivegauche.com\/fr\/wp-json\/wp\/v2\/product\/26264","targetHints":{"allow":["GET"]}}],"collection":[{"href":"https:\/\/www.carrerivegauche.com\/fr\/wp-json\/wp\/v2\/product"}],"about":[{"href":"https:\/\/www.carrerivegauche.com\/fr\/wp-json\/wp\/v2\/types\/product"}],"wp:featuredmedia":[{"embeddable":true,"href":"https:\/\/www.carrerivegauche.com\/fr\/wp-json\/wp\/v2\/media\/26192"}],"wp:attachment":[{"href":"https:\/\/www.carrerivegauche.com\/fr\/wp-json\/wp\/v2\/media?parent=26264"}],"wp:term":[{"taxonomy":"product_brand","embeddable":true,"href":"https:\/\/www.carrerivegauche.com\/fr\/wp-json\/wp\/v2\/product_brand?post=26264"},{"taxonomy":"product_cat","embeddable":true,"href":"https:\/\/www.carrerivegauche.com\/fr\/wp-json\/wp\/v2\/product_cat?post=26264"},{"taxonomy":"product_tag","embeddable":true,"href":"https:\/\/www.carrerivegauche.com\/fr\/wp-json\/wp\/v2\/product_tag?post=26264"}],"curies":[{"name":"wp","href":"https:\/\/api.w.org\/{rel}","templated":true}]}}