 

{"id":26191,"date":"2024-05-28T17:57:41","date_gmt":"2024-05-28T15:57:41","guid":{"rendered":"https:\/\/www.carrerivegauche.com\/boutique-crg\/sculpture-de-style-antique-de-la-fin-du-xviiie-siecle\/"},"modified":"2024-05-28T17:57:42","modified_gmt":"2024-05-28T15:57:42","slug":"sculpture-de-style-antique-de-la-fin-du-xviiie-siecle","status":"publish","type":"product","link":"https:\/\/www.carrerivegauche.com\/fr\/boutique-crg\/sculpture-de-style-antique-de-la-fin-du-xviiie-siecle\/","title":{"rendered":"Sculpture de style antique de la fin du XVIIIe si\u00e8cle"},"content":{"rendered":"<p>Antique style sculpture from the end of the 18th century<br data-mce-bogus=\"1\"><\/p>\n<p><br data-mce-bogus=\"1\"><\/p>\n<p lang=\"fr-FR\" align=\"JUSTIFY\" style=\"margin-bottom: 0cm;font-size: medium\"><font color=\"#000000\"><font face=\"regular, Lucida Sans Unicode\"><font style=\"font-size: 10pt\">Carrara marble bust representing a woman with a toga. Resting on a Carrara marble pedestal.<\/font><\/font><\/font><\/p>\n<p lang=\"fr-FR\" align=\"JUSTIFY\" style=\"margin-bottom: 0cm;font-size: medium\"><font color=\"#000000\"><font face=\"regular, Lucida Sans Unicode\"><font style=\"font-size: 10pt\">Work from the end of the 18th century<\/font><\/font><\/font><\/p>\n<p lang=\"fr-FR\" align=\"JUSTIFY\" style=\"margin-bottom: 0cm;font-size: medium\"><\/p>\n<p lang=\"fr-FR\" align=\"JUSTIFY\" style=\"margin-bottom: 0cm;font-size: medium\"><font color=\"#000000\"><font face=\"regular, Lucida Sans Unicode\"><font style=\"font-size: 10pt\">At the end of the 18th century and during the 19th century, sculptors sought to reconnect with ancient art.<\/font><\/font><\/font><\/p>\n<p lang=\"fr-FR\" align=\"JUSTIFY\" style=\"margin-bottom: 0cm;font-size: medium\"><font color=\"#000000\"><font face=\"regular, Lucida Sans Unicode\"><font style=\"font-size: 10pt\">Neoclassicism thus saw the reappearance of the production of sculptures with simple, clear shapes, a balanced appearance and reflecting an aesthetic of classical beauty. In this sense, some of the sculptures from this period are inspired by Greco-Roman works of antiquity.<\/font><\/font><\/font><\/p>\n<p lang=\"fr-FR\" align=\"JUSTIFY\" style=\"margin-bottom: 0cm;font-size: medium\"><\/p>\n<p lang=\"fr-FR\" align=\"JUSTIFY\" style=\"margin-bottom: 0cm;font-size: medium\"><font color=\"#000000\"><font face=\"regular, Lucida Sans Unicode\"><font style=\"font-size: 10pt\">Here, in Carrara marble, a young woman presents herself to us.<\/font><\/font><\/font><\/p>\n<p lang=\"fr-FR\" align=\"JUSTIFY\" style=\"margin-bottom: 0cm;font-size: medium\"><\/p>\n<p lang=\"fr-FR\" align=\"JUSTIFY\" style=\"margin-bottom: 0cm;font-size: medium\"><font color=\"#000000\"><font face=\"regular, Lucida Sans Unicode\"><font style=\"font-size: 10pt\">Although we can tell from the shape of her chest and the bun in her hair that she is a woman, her face appears somewhat androgynous. His slightly feminine and also slightly masculine features could raise questions for us. This is due to ancient canons of beauty which could represent young and brave men, with fine and delicate features such as those of a woman. Through these physical characteristics, their idealized beauty (proportion, symmetry, perfection) was timeless, so it could be quite difficult to recognize with certainty the genre of the sculpture based only on the head.<\/font><\/font><\/font><\/p>\n<p lang=\"fr-FR\" align=\"JUSTIFY\" style=\"margin-bottom: 0cm;font-size: medium\"><\/p>\n<p lang=\"fr-FR\" align=\"JUSTIFY\" style=\"margin-bottom: 0cm;font-size: medium\"><font color=\"#000000\"><font face=\"regular, Lucida Sans Unicode\"><font style=\"font-size: 10pt\">However, here, this woman whose face is perfectly symmetrical, looks delicately to her left. Its features are similar to those of the Venuses and Aphrodites represented in the Ancient era. Her hair, styled in a bun, frames her face like symmetrical waves. A sort of Palla falls delicately from her shoulders revealing her neck. It is held on her left shoulder by a fibula, thus representing the clothing of Rome and Ancient Greece.<\/font><\/font><\/font><\/p>\n<p lang=\"fr-FR\" align=\"JUSTIFY\" style=\"margin-bottom: 0cm;font-size: medium\"><font color=\"#000000\"><font face=\"regular, Lucida Sans Unicode\"><font style=\"font-size: 10pt\">Her breasts, delicately sculpted, also seem to us to be a perfect representation, rounded and smooth, enhancing her elegance.<\/font><\/font><\/font><\/p>\n<p lang=\"fr-FR\" align=\"JUSTIFY\" style=\"margin-bottom: 0cm;font-size: medium\"><font color=\"#000000\"><font face=\"regular, Lucida Sans Unicode\"><font style=\"font-size: 10pt\">It rests on a Carrara marble pedestal base.<\/font><\/font><\/font><\/p>\n<p lang=\"fr-FR\" align=\"JUSTIFY\" style=\"margin-bottom: 0cm;font-size: medium\"><font color=\"#000000\"><font face=\"regular, Lucida Sans Unicode\"><font style=\"font-size: 10pt\">At the top of the head, a circular hole perhaps refers to the presence of a headdress or a particular use of this bust.<\/font><\/font><\/font><\/p>\n<p lang=\"fr-FR\" align=\"JUSTIFY\" style=\"margin-bottom: 0cm;font-size: medium\"><\/p>\n<p lang=\"fr-FR\" align=\"JUSTIFY\" style=\"margin-bottom: 0cm;font-size: medium\"><\/p>\n<p lang=\"fr-FR\" align=\"JUSTIFY\" style=\"margin-bottom: 0cm;font-size: medium\"><font color=\"#000000\"><font face=\"regular, Lucida Sans Unicode\"><font style=\"font-size: 10pt\">Work from the end of the 18th century<\/font><\/font><\/font><\/p>\n","protected":false},"excerpt":{"rendered":"<p lang=\"fr-FR\" align=\"JUSTIFY\" style=\"margin-bottom: 0cm;font-size: medium\">Buste en marbre de carrare repr\u00e9sentant une femme \u00e0 la toge. Reposant sur un pi\u00e9douche en marbre de carrare.<\/p>\n<p lang=\"fr-FR\" align=\"JUSTIFY\" style=\"margin-bottom: 0cm;font-size: medium\">Travail de la fin du XVIIIe si\u00e8cle<\/p>\n<p lang=\"fr-FR\" align=\"JUSTIFY\" style=\"margin-bottom: 0cm;font-size: medium\"><\/p>\n<p lang=\"fr-FR\" align=\"JUSTIFY\" style=\"margin-bottom: 0cm;font-size: medium\">A la fin du XVIIIe si\u00e8cle et dans le courant du XIXe si\u00e8cle, les sculpteurs ont cherch\u00e9 \u00e0 renouer avec l&rsquo;art antique.<\/p>\n<p lang=\"fr-FR\" align=\"JUSTIFY\" style=\"margin-bottom: 0cm;font-size: medium\">Le n\u00e9oclassicisme voit ainsi r\u00e9apparaitre la production de sculptures aux formes simples, claires, \u00e0 l&rsquo;allure \u00e9quilibr\u00e9e et refl\u00e9tant un esth\u00e9tisme de beaut\u00e9 classique. En ce sens, une partie des sculptures de cette \u00e9poque s&rsquo;inspire des oeuvres gr\u00e9co-romaine de l&rsquo;antiquit\u00e9.<\/p>\n<p lang=\"fr-FR\" align=\"JUSTIFY\" style=\"margin-bottom: 0cm;font-size: medium\"><\/p>\n<p lang=\"fr-FR\" align=\"JUSTIFY\" style=\"margin-bottom: 0cm;font-size: medium\">Ici, en marbre de carrare, une jeune femme se pr\u00e9sente \u00e0 nous.<\/p>\n<p lang=\"fr-FR\" align=\"JUSTIFY\" style=\"margin-bottom: 0cm;font-size: medium\"><\/p>\n<p lang=\"fr-FR\" align=\"JUSTIFY\" style=\"margin-bottom: 0cm;font-size: medium\">Bien que nous pouvons affirmer de par la forme de sa poitrine et du chignon dans ses cheveux, que c&rsquo;est une femme, son visage semble quelque peu androgyne. Ses traits un peu f\u00e9minins et \u00e9galement un peu masculins pourraient nous interroger. Cela est d\u00fb aux canons de beaut\u00e9 antique qui pouvaient repr\u00e9senter de jeunes et braves hommes, avec des traits fins et d\u00e9licats tels que le sont ceux d&rsquo;une femme. Par ces caract\u00e9ristiques physiques, leur beaut\u00e9 id\u00e9alis\u00e9e (proportion, sym\u00e9trie, perfection) \u00e9tait intemporelle, il pouvait \u00eatre donc passablement difficile de reconna\u00eetre avec certitude le genre de la sculpture en se fiant uniquement \u00e0 la t\u00eate.<\/p>\n<p lang=\"fr-FR\" align=\"JUSTIFY\" style=\"margin-bottom: 0cm;font-size: medium\"><\/p>\n<p lang=\"fr-FR\" align=\"JUSTIFY\" style=\"margin-bottom: 0cm;font-size: medium\">Cependant, ici, cette femme dont le visage est parfaitement sym\u00e9trique, regarde d\u00e9licatement vers sa gauche. Ses traits se rapprochent de ceux des venus et aphrodites repr\u00e9sent\u00e9e \u00e0 l&rsquo;\u00e9poque Antique. Ses cheveux, coiff\u00e9s en chignon, encadrent son visage telles des vaguelettes sym\u00e9triques. Une sorte de Palla tombe d\u00e9licatement de ses \u00e9paules d\u00e9voilant son cou. Elle est maintenue sur son \u00e9paule gauche par une fibule, repr\u00e9sentant ainsi les v\u00eatements de la Rome et la Gr\u00e8ce Antique.<\/p>\n<p lang=\"fr-FR\" align=\"JUSTIFY\" style=\"margin-bottom: 0cm;font-size: medium\">Ses seins, d\u00e9licatement sculpt\u00e9s nous semblent \u00e9galement d&rsquo;une parfaite repr\u00e9sentation, arrondis et lisses, sublimant son \u00e9l\u00e9gance.<\/p>\n<p lang=\"fr-FR\" align=\"JUSTIFY\" style=\"margin-bottom: 0cm;font-size: medium\">Elle repose sur un socle pi\u00e9douche en marbre de carrare.<\/p>\n<p lang=\"fr-FR\" align=\"JUSTIFY\" style=\"margin-bottom: 0cm;font-size: medium\">Au sommet de la t\u00eate, un trou circulaire fait peut-\u00eatre r\u00e9f\u00e9rence \u00e0 la pr\u00e9sence d&rsquo;une coiffe ou d&rsquo;une utilisation particuli\u00e8re de ce buste.<\/p>\n<p lang=\"fr-FR\" align=\"JUSTIFY\"><br data-mce-bogus=\"1\"><\/p>\n<p lang=\"fr-FR\" align=\"JUSTIFY\"><br data-mce-bogus=\"1\"><\/p>\n<p lang=\"fr-FR\" align=\"JUSTIFY\">Travail de la fin du XVIIIe si\u00e8cle<\/p>\n<p lang=\"fr-FR\" align=\"JUSTIFY\" style=\"margin-bottom: 0cm;font-size: medium\"><br data-mce-bogus=\"1\"><\/p>\n","protected":false},"featured_media":26167,"template":"","meta":[],"product_brand":[],"product_cat":[],"product_tag":[],"class_list":{"0":"post-26191","1":"product","2":"type-product","3":"status-publish","4":"has-post-thumbnail","6":"description-off","8":"first","9":"instock","10":"shipping-taxable","11":"product-type-simple"},"aioseo_notices":[],"_links":{"self":[{"href":"https:\/\/www.carrerivegauche.com\/fr\/wp-json\/wp\/v2\/product\/26191","targetHints":{"allow":["GET"]}}],"collection":[{"href":"https:\/\/www.carrerivegauche.com\/fr\/wp-json\/wp\/v2\/product"}],"about":[{"href":"https:\/\/www.carrerivegauche.com\/fr\/wp-json\/wp\/v2\/types\/product"}],"wp:featuredmedia":[{"embeddable":true,"href":"https:\/\/www.carrerivegauche.com\/fr\/wp-json\/wp\/v2\/media\/26167"}],"wp:attachment":[{"href":"https:\/\/www.carrerivegauche.com\/fr\/wp-json\/wp\/v2\/media?parent=26191"}],"wp:term":[{"taxonomy":"product_brand","embeddable":true,"href":"https:\/\/www.carrerivegauche.com\/fr\/wp-json\/wp\/v2\/product_brand?post=26191"},{"taxonomy":"product_cat","embeddable":true,"href":"https:\/\/www.carrerivegauche.com\/fr\/wp-json\/wp\/v2\/product_cat?post=26191"},{"taxonomy":"product_tag","embeddable":true,"href":"https:\/\/www.carrerivegauche.com\/fr\/wp-json\/wp\/v2\/product_tag?post=26191"}],"curies":[{"name":"wp","href":"https:\/\/api.w.org\/{rel}","templated":true}]}}