 

{"id":25993,"date":"2024-04-25T11:47:16","date_gmt":"2024-04-25T09:47:16","guid":{"rendered":"https:\/\/www.carrerivegauche.com\/boutique-crg\/maximilien-luce-la-promenade-au-jardin-du-luxembourg-a-paris\/"},"modified":"2024-04-25T11:47:17","modified_gmt":"2024-04-25T09:47:17","slug":"maximilien-luce-la-promenade-au-jardin-du-luxembourg-a-paris","status":"publish","type":"product","link":"https:\/\/www.carrerivegauche.com\/fr\/boutique-crg\/maximilien-luce-la-promenade-au-jardin-du-luxembourg-a-paris\/","title":{"rendered":"Maximilien LUCE &#8211; La Promenade au jardin du Luxembourg \u00e0 Paris"},"content":{"rendered":"<p><span style=\"font-size:14px\"><span style=\"font-family:Arial,Helvetica,sans-serif\">Le jardin du Luxembourg, situ\u00e9 dans le 6e arrondissement de la capitale, a \u00e9t\u00e9 un sujet de pr\u00e9dilection pour les peintres au tournant du 20\u00e8me si\u00e8cle, car il incarne un temps et un lieu de loisirs tr\u00e8s \u00e9loign\u00e9s du rythme implacable et exaltant de la vie moderne parisienne.<\/span><\/span><br data-mce-bogus=\"1\"><\/p>\n","protected":false},"excerpt":{"rendered":"<p>Huile sur papier maroufl\u00e9 sur panneau d&rsquo;isorel<br \/>Sign\u00e9e<em> Luce<\/em> en bas \u00e0 droite<br \/>Situ\u00e9e <em>Luxembourg<\/em> en \u00a0bas \u00e0 droite<br \/>23,5 x 30,3 cm<br data-mce-bogus=\"1\"><\/p>\n<p>R\u00e9pertori\u00e9e dans les archives de Madame Denise Bazetoux (\u2020)<br \/>pour le volume IV du <em>Catalogue Raisonn\u00e9 de l\u2019\u0153uvre peint de Maximilien Luce<\/em> non publi\u00e9<br data-mce-bogus=\"1\"><\/p>\n","protected":false},"featured_media":25990,"template":"","meta":[],"product_brand":[],"product_cat":[],"product_tag":[],"class_list":{"0":"post-25993","1":"product","2":"type-product","3":"status-publish","4":"has-post-thumbnail","6":"description-off","8":"first","9":"instock","10":"shipping-taxable","11":"product-type-simple"},"aioseo_notices":[],"_links":{"self":[{"href":"https:\/\/www.carrerivegauche.com\/fr\/wp-json\/wp\/v2\/product\/25993","targetHints":{"allow":["GET"]}}],"collection":[{"href":"https:\/\/www.carrerivegauche.com\/fr\/wp-json\/wp\/v2\/product"}],"about":[{"href":"https:\/\/www.carrerivegauche.com\/fr\/wp-json\/wp\/v2\/types\/product"}],"wp:featuredmedia":[{"embeddable":true,"href":"https:\/\/www.carrerivegauche.com\/fr\/wp-json\/wp\/v2\/media\/25990"}],"wp:attachment":[{"href":"https:\/\/www.carrerivegauche.com\/fr\/wp-json\/wp\/v2\/media?parent=25993"}],"wp:term":[{"taxonomy":"product_brand","embeddable":true,"href":"https:\/\/www.carrerivegauche.com\/fr\/wp-json\/wp\/v2\/product_brand?post=25993"},{"taxonomy":"product_cat","embeddable":true,"href":"https:\/\/www.carrerivegauche.com\/fr\/wp-json\/wp\/v2\/product_cat?post=25993"},{"taxonomy":"product_tag","embeddable":true,"href":"https:\/\/www.carrerivegauche.com\/fr\/wp-json\/wp\/v2\/product_tag?post=25993"}],"curies":[{"name":"wp","href":"https:\/\/api.w.org\/{rel}","templated":true}]}}