 

{"id":25923,"date":"2024-04-06T11:20:46","date_gmt":"2024-04-06T09:20:46","guid":{"rendered":"https:\/\/www.carrerivegauche.com\/boutique-crg\/huile-sur-panneau-village-du-sud-de-la-france-par-henri-harpignies\/"},"modified":"2025-02-28T19:09:25","modified_gmt":"2025-02-28T18:09:25","slug":"huile-sur-panneau-village-du-sud-de-la-france-par-henri-harpignies","status":"publish","type":"product","link":"https:\/\/www.carrerivegauche.com\/fr\/boutique-crg\/huile-sur-panneau-village-du-sud-de-la-france-par-henri-harpignies\/","title":{"rendered":"Huile sur panneau, Village du sud de la france par Henri HARPIGNIES"},"content":{"rendered":"<p style=\"margin: 0px;padding: 0px 0px 1em;border: 0px;font-size: 14px;vertical-align: baseline;background-image: initial;background-position: initial;background-size: initial;background-attachment: initial;font-family: Poppins, Helvetica, Arial, Lucida, sans-serif\" data-mce-style=\"margin: 0px; padding: 0px 0px 1em; border: 0px; font-size: 14px; vertical-align: baseline; background-image: initial; background-position: initial; background-size: initial; background-attachment: initial; font-family: Poppins, Helvetica, Arial, Lucida, sans-serif;\">Par la suite\u00a0 il loue un atelier \u00e0 Paris, peint en for\u00eat de Fontainebleau repare en Italie.<br \/>il d\u00e9couvre le village d\u2019H\u00e9risson dans l\u2019Allier, il y revient chaque \u00e9t\u00e9 pendant 10 ans en compagnie d\u2019autres peintres paysagistes.<br \/>Il partagee ensuite sa vie entre Saint-Priv\u00e9 dans l\u2019Yonne et le sud de la France.<\/p>\n<p style=\"margin: 0px;padding: 0px 0px 1em;border: 0px;font-size: 14px;vertical-align: baseline;background-image: initial;background-position: initial;background-size: initial;background-attachment: initial;font-family: Poppins, Helvetica, Arial, Lucida, sans-serif\" data-mce-style=\"margin: 0px; padding: 0px 0px 1em; border: 0px; font-size: 14px; vertical-align: baseline; background-image: initial; background-position: initial; background-size: initial; background-attachment: initial; font-family: Poppins, Helvetica, Arial, Lucida, sans-serif;\">Ses plus grands succ\u00e8s ont lieu lors d\u2019expositions aux salons de Paris \u00e0 partir de 1861 et ses \u0153uvres apparaissent, entre autres, dans les collections du Mus\u00e9e d\u2019Orsay, de la National Gallery de Londres et de l\u2019Institut d\u2019art de Chicago.<br \/>Il est\u00a0 commandeur de la L\u00e9gion d\u2019Honneur en 1901, il en devient grand officier en 1911.<\/p>\n","protected":false},"excerpt":{"rendered":"<div class=\"et_pb_module et_pb_wc_description et_pb_wc_description_0_tb_body et_pb_bg_layout_light et_pb_text_align_left\" style=\"margin: 0px 0px 60px;padding: 0px;border: 0px;font-size: 14px;vertical-align: baseline;background-image: initial;background-position: 50% center;background-size: cover;background-attachment: initial;position: relative;font-family: Poppins, Helvetica, Arial, Lucida, sans-serif\" data-mce-style=\"margin: 0px 0px 60px; padding: 0px; border: 0px; font-size: 14px; vertical-align: baseline; background-image: initial; background-position: 50% center; background-size: cover; background-attachment: initial; position: relative; font-family: Poppins, Helvetica, Arial, Lucida, sans-serif;\">\n<div class=\"et_pb_module_inner\" style=\"margin: 0px;padding: 0px;border: 0px;vertical-align: baseline;background: transparent;position: relative\" data-mce-style=\"margin: 0px; padding: 0px; border: 0px; vertical-align: baseline; background: transparent; position: relative;\">\n<p style=\"margin: 0px;padding: 0px 0px 1em;border: 0px;vertical-align: baseline;background: transparent\" data-mce-style=\"margin: 0px; padding: 0px 0px 1em; border: 0px; vertical-align: baseline; background: transparent;\">Notre oeuvre est une huile sur papier contrecoll\u00e9e sur panneau<\/p>\n<p style=\"margin: 0px;padding: 0px 0px 1em;border: 0px;vertical-align: baseline;background: transparent\" data-mce-style=\"margin: 0px; padding: 0px 0px 1em; border: 0px; vertical-align: baseline; background: transparent;\">\u201cIl faut beaucoup dessiner, cela est indispensable.\u201d<br \/>Cet adage et obession du dessin ce remarque ici dans cette toute petite oeuvre<br \/>qui sans le cadre mesure 16 x 13.2 cm<br \/>On y per\u00e7oit l\u2019importance de la ligne , de la r\u00e9flexion de la perspective pour laisser s\u2019engouffrer ce ciel bleu hypnotique, et les chauds rayons du sud de la france ou de l\u2019italie.<\/p>\n<p style=\"margin: 0px;padding: 0px 0px 1em;border: 0px;vertical-align: baseline;background: transparent\" data-mce-style=\"margin: 0px; padding: 0px 0px 1em; border: 0px; vertical-align: baseline; background: transparent;\">Henri Harpignies est un peintre paysagiste fran\u00e7ais.<\/p>\n<p style=\"margin: 0px;padding: 0px;border: 0px;vertical-align: baseline;background: transparent\" data-mce-style=\"margin: 0px; padding: 0px; border: 0px; vertical-align: baseline; background: transparent;\">D\u00e8s son plus jeune \u00e2ge, Harpignies se base sur l\u2019observation de la nature pour d\u00e9velopper sa passion du dessin .<br \/>Allant contre la volont\u00e9 familiale d\u2019embrasser une carri\u00e8re de commer\u00e7ant,\u00a0 il entre dans l\u2019atelier du peintre Jean Achard en 1846.<br \/>Apr\u00e8s deux ans de formation, il d\u00e9cide de voyager en Italie notamment.<br \/>A son retour en France en 1850 il rejoint, naturellement, Corot et l\u2019\u00c9cole de Barbizon<\/p>\n<\/div>\n<\/div>\n","protected":false},"featured_media":25905,"template":"","meta":[],"product_brand":[],"product_cat":[],"product_tag":[],"class_list":{"0":"post-25923","1":"product","2":"type-product","3":"status-publish","4":"has-post-thumbnail","6":"description-off","8":"first","9":"instock","10":"shipping-taxable","11":"product-type-simple"},"aioseo_notices":[],"_links":{"self":[{"href":"https:\/\/www.carrerivegauche.com\/fr\/wp-json\/wp\/v2\/product\/25923","targetHints":{"allow":["GET"]}}],"collection":[{"href":"https:\/\/www.carrerivegauche.com\/fr\/wp-json\/wp\/v2\/product"}],"about":[{"href":"https:\/\/www.carrerivegauche.com\/fr\/wp-json\/wp\/v2\/types\/product"}],"wp:featuredmedia":[{"embeddable":true,"href":"https:\/\/www.carrerivegauche.com\/fr\/wp-json\/wp\/v2\/media\/25905"}],"wp:attachment":[{"href":"https:\/\/www.carrerivegauche.com\/fr\/wp-json\/wp\/v2\/media?parent=25923"}],"wp:term":[{"taxonomy":"product_brand","embeddable":true,"href":"https:\/\/www.carrerivegauche.com\/fr\/wp-json\/wp\/v2\/product_brand?post=25923"},{"taxonomy":"product_cat","embeddable":true,"href":"https:\/\/www.carrerivegauche.com\/fr\/wp-json\/wp\/v2\/product_cat?post=25923"},{"taxonomy":"product_tag","embeddable":true,"href":"https:\/\/www.carrerivegauche.com\/fr\/wp-json\/wp\/v2\/product_tag?post=25923"}],"curies":[{"name":"wp","href":"https:\/\/api.w.org\/{rel}","templated":true}]}}