 

{"id":25904,"date":"2024-04-06T11:17:38","date_gmt":"2024-04-06T09:17:38","guid":{"rendered":"https:\/\/www.carrerivegauche.com\/boutique-crg\/huile-sur-toile-le-vendeur-de-parapluie-par-edouard-john-menta\/"},"modified":"2024-06-25T16:36:02","modified_gmt":"2024-06-25T14:36:02","slug":"huile-sur-toile-le-vendeur-de-parapluie-par-edouard-john-menta","status":"publish","type":"product","link":"https:\/\/www.carrerivegauche.com\/fr\/boutique-crg\/huile-sur-toile-le-vendeur-de-parapluie-par-edouard-john-menta\/","title":{"rendered":"Huile sur toile, Le vendeur de parapluie par Edouard John MENTA"},"content":{"rendered":"<p style=\"margin: 0px;padding: 0px 0px 1em;border: 0px;font-size: 14px;vertical-align: baseline;background-image: initial;background-position: initial;background-size: initial;background-attachment: initial;font-family: Poppins, Helvetica, Arial, Lucida, sans-serif\" data-mce-style=\"margin: 0px; padding: 0px 0px 1em; border: 0px; font-size: 14px; vertical-align: baseline; background-image: initial; background-position: initial; background-size: initial; background-attachment: initial; font-family: Poppins, Helvetica, Arial, Lucida, sans-serif;\">Menta est un peintre aux multiples talents.<br \/>Capable de peindre des paysages impressionnistes, des int\u00e9rieurs avec des \u00e9l\u00e9gantes tels James Tissot et des grands tableaux repr\u00e9sentant des commer\u00e7ants , une po\u00e9sie simple du quotidien comme notre \u0153uvre.<\/p>\n<p style=\"margin: 0px;padding: 0px 0px 1em;border: 0px;font-size: 14px;vertical-align: baseline;background-image: initial;background-position: initial;background-size: initial;background-attachment: initial;font-family: Poppins, Helvetica, Arial, Lucida, sans-serif\" data-mce-style=\"margin: 0px; padding: 0px 0px 1em; border: 0px; font-size: 14px; vertical-align: baseline; background-image: initial; background-position: initial; background-size: initial; background-attachment: initial; font-family: Poppins, Helvetica, Arial, Lucida, sans-serif;\">Cette repr\u00e9sentation presque pittoresque d&rsquo;un vendeur de parapluie attel\u00e9 \u00e0 la r\u00e9paration nous renvoie \u00e0 un autre temps.<br \/>Ainsi nous nous arr\u00eatons afin de prendre le temps de tous les d\u00e9tails offert par le peintre \u00e0 notre vue.<br \/>Dans cette rue, \u00e0 l&rsquo;entr\u00e9e d&rsquo;une maison, avec des poissons rouges d&rsquo;un c\u00f4t\u00e9 et un petit canari de l&rsquo;autre, une m\u00e8re poule et ses poussins, tous t\u00e9moins d&rsquo;un homme au sourire qui r\u00e9chauffe le c\u0153ur.<br \/>L&rsquo;artiste d\u00e9montre ici<br \/>son sens inn\u00e9 du d\u00e9tails\u00a0 : la beaut\u00e9 des plantes<br \/>son talent de coloriste\u00a0 : le parapluie rouge sur le fond sombre de la boutique<br \/>et une tr\u00e8s belle ma\u00eetrise de la mise en sc\u00e8ne.<\/p>\n","protected":false},"excerpt":{"rendered":"<p style=\"margin: 0px;padding: 0px 0px 1em;border: 0px;font-size: 14px;vertical-align: baseline;background-image: initial;background-position: initial;background-size: initial;background-attachment: initial;font-family: Poppins, Helvetica, Arial, Lucida, sans-serif\" data-mce-style=\"margin: 0px; padding: 0px 0px 1em; border: 0px; font-size: 14px; vertical-align: baseline; background-image: initial; background-position: initial; background-size: initial; background-attachment: initial; font-family: Poppins, Helvetica, Arial, Lucida, sans-serif;\">Edouard MENTA 1858-1915<\/p>\n<p style=\"margin: 0px;padding: 0px 0px 1em;border: 0px;font-size: 14px;vertical-align: baseline;background-image: initial;background-position: initial;background-size: initial;background-attachment: initial;font-family: Poppins, Helvetica, Arial, Lucida, sans-serif\" data-mce-style=\"margin: 0px; padding: 0px 0px 1em; border: 0px; font-size: 14px; vertical-align: baseline; background-image: initial; background-position: initial; background-size: initial; background-attachment: initial; font-family: Poppins, Helvetica, Arial, Lucida, sans-serif;\">Tr\u00e8s grande toile \u2013<br \/>Dimensions avec cadre : 180-111 cm<\/p>\n<p style=\"margin: 0px;padding: 0px 0px 1em;border: 0px;font-size: 14px;vertical-align: baseline;background-image: initial;background-position: initial;background-size: initial;background-attachment: initial;font-family: Poppins, Helvetica, Arial, Lucida, sans-serif\" data-mce-style=\"margin: 0px; padding: 0px 0px 1em; border: 0px; font-size: 14px; vertical-align: baseline; background-image: initial; background-position: initial; background-size: initial; background-attachment: initial; font-family: Poppins, Helvetica, Arial, Lucida, sans-serif;\">Peintre suisse de sc\u00e8ne de genre de portrait.<\/p>\n<p style=\"margin: 0px;padding: 0px 0px 1em;border: 0px;font-size: 14px;vertical-align: baseline;background-image: initial;background-position: initial;background-size: initial;background-attachment: initial;font-family: Poppins, Helvetica, Arial, Lucida, sans-serif\" data-mce-style=\"margin: 0px; padding: 0px 0px 1em; border: 0px; font-size: 14px; vertical-align: baseline; background-image: initial; background-position: initial; background-size: initial; background-attachment: initial; font-family: Poppins, Helvetica, Arial, Lucida, sans-serif;\">Apr\u00e8s sa formation aupr\u00e8s du paysagiste Barth\u00e9lemy Menn, Menta fait ses d\u00e9buts en 1874 lors d\u2019une exposition \u00e0 Gen\u00e8ve et participe \u00e0 des expositions r\u00e9guli\u00e8res en France.<\/p>\n<p style=\"margin: 0px;padding: 0px 0px 1em;border: 0px;font-size: 14px;vertical-align: baseline;background-image: initial;background-position: initial;background-size: initial;background-attachment: initial;font-family: Poppins, Helvetica, Arial, Lucida, sans-serif\" data-mce-style=\"margin: 0px; padding: 0px 0px 1em; border: 0px; font-size: 14px; vertical-align: baseline; background-image: initial; background-position: initial; background-size: initial; background-attachment: initial; font-family: Poppins, Helvetica, Arial, Lucida, sans-serif;\">\u00c0 partir de 1880, il s\u2019installe \u00e0 Nice, r\u00e9alisant des paysages et de nombreux portraits et peintures de genre, avant de retourner \u00e0 Gen\u00e8ve, o\u00f9 il meurt.<\/p>\n","protected":false},"featured_media":25874,"template":"","meta":[],"product_brand":[],"product_cat":[],"product_tag":[],"class_list":{"0":"post-25904","1":"product","2":"type-product","3":"status-publish","4":"has-post-thumbnail","6":"description-off","8":"first","9":"instock","10":"shipping-taxable","11":"purchasable","12":"product-type-simple"},"aioseo_notices":[],"_links":{"self":[{"href":"https:\/\/www.carrerivegauche.com\/fr\/wp-json\/wp\/v2\/product\/25904","targetHints":{"allow":["GET"]}}],"collection":[{"href":"https:\/\/www.carrerivegauche.com\/fr\/wp-json\/wp\/v2\/product"}],"about":[{"href":"https:\/\/www.carrerivegauche.com\/fr\/wp-json\/wp\/v2\/types\/product"}],"wp:featuredmedia":[{"embeddable":true,"href":"https:\/\/www.carrerivegauche.com\/fr\/wp-json\/wp\/v2\/media\/25874"}],"wp:attachment":[{"href":"https:\/\/www.carrerivegauche.com\/fr\/wp-json\/wp\/v2\/media?parent=25904"}],"wp:term":[{"taxonomy":"product_brand","embeddable":true,"href":"https:\/\/www.carrerivegauche.com\/fr\/wp-json\/wp\/v2\/product_brand?post=25904"},{"taxonomy":"product_cat","embeddable":true,"href":"https:\/\/www.carrerivegauche.com\/fr\/wp-json\/wp\/v2\/product_cat?post=25904"},{"taxonomy":"product_tag","embeddable":true,"href":"https:\/\/www.carrerivegauche.com\/fr\/wp-json\/wp\/v2\/product_tag?post=25904"}],"curies":[{"name":"wp","href":"https:\/\/api.w.org\/{rel}","templated":true}]}}