 

{"id":25834,"date":"2024-04-05T16:47:30","date_gmt":"2024-04-05T14:47:30","guid":{"rendered":"https:\/\/www.carrerivegauche.com\/boutique-crg\/huile-sur-toile-lumiere-apres-la-pluie-sur-paris-par-evgueni-pospolitaki\/"},"modified":"2024-06-25T15:18:30","modified_gmt":"2024-06-25T13:18:30","slug":"huile-sur-toile-lumiere-apres-la-pluie-sur-paris-par-evgueni-pospolitaki","status":"publish","type":"product","link":"https:\/\/www.carrerivegauche.com\/fr\/boutique-crg\/huile-sur-toile-lumiere-apres-la-pluie-sur-paris-par-evgueni-pospolitaki\/","title":{"rendered":"Huile sur toile, Lumiere apr\u00e8s la pluie, sur Paris par Evgueni POSPOLITAKI"},"content":{"rendered":"<p>Il fr\u00e9quente un court temps la capitale russe avant de partir pour Paris, alors consid\u00e9r\u00e9 comme l&rsquo;excellence.<br \/>Le peintre voyage partout en France, le sud, mais aussi la Bretagne et la Normandie.<br \/>Ces tableaux ont une touche color\u00e9e et impressionniste pour ses paysages.<\/p>\n<p>Pour ses vues de ville, comme la n\u00f4tre, il emploie une perspective et cadrage plus moderne, travaillant avec un subtil jeu de ligne. En 1889, il expose Le Sommet de l\u2019Elbrouss, \u00e0 l\u2019Exposition universelle de Paris, pour lequel il obtient la Mention Honorable.<\/p>\n<p>Eug\u00e8ne Pospolitaki part en 1893 pour Ekaternidodar et enseigne dans la premi\u00e8re Acad\u00e9mie de peinture pour femmes.<br \/>Parall\u00e8lement \u00e0 son activit\u00e9 d\u2019enseignement et gr\u00e2ce \u00e0 l\u2019h\u00e9ritage de son p\u00e8re, Pospolitaki fonde la premi\u00e8re \u00e9cole priv\u00e9e de dessin au rez-de-chauss\u00e9e de sa maison.<\/p>\n","protected":false},"excerpt":{"rendered":"<p>Evgueni POSPOLITAKI 1852- circa 1915<\/p>\n<p>N\u00e9 dans une petite ville du sud-ouest de la Russie, d&rsquo;un p\u00e8re sergent dans l&rsquo;arm\u00e9e et grand propri\u00e9taire terrien, il commence d&rsquo;abord une formation en g\u00e9nie civil puis revient \u00e0 ses premiers amours, l&rsquo;art.<\/p>\n<p>En 1873, il rentre \u00e0 l&rsquo;Acad\u00e9mie des beaux-arts<\/p>\n","protected":false},"featured_media":25819,"template":"","meta":[],"product_brand":[],"product_cat":[],"product_tag":[],"class_list":{"0":"post-25834","1":"product","2":"type-product","3":"status-publish","4":"has-post-thumbnail","6":"description-off","8":"first","9":"instock","10":"shipping-taxable","11":"purchasable","12":"product-type-simple"},"aioseo_notices":[],"_links":{"self":[{"href":"https:\/\/www.carrerivegauche.com\/fr\/wp-json\/wp\/v2\/product\/25834","targetHints":{"allow":["GET"]}}],"collection":[{"href":"https:\/\/www.carrerivegauche.com\/fr\/wp-json\/wp\/v2\/product"}],"about":[{"href":"https:\/\/www.carrerivegauche.com\/fr\/wp-json\/wp\/v2\/types\/product"}],"wp:featuredmedia":[{"embeddable":true,"href":"https:\/\/www.carrerivegauche.com\/fr\/wp-json\/wp\/v2\/media\/25819"}],"wp:attachment":[{"href":"https:\/\/www.carrerivegauche.com\/fr\/wp-json\/wp\/v2\/media?parent=25834"}],"wp:term":[{"taxonomy":"product_brand","embeddable":true,"href":"https:\/\/www.carrerivegauche.com\/fr\/wp-json\/wp\/v2\/product_brand?post=25834"},{"taxonomy":"product_cat","embeddable":true,"href":"https:\/\/www.carrerivegauche.com\/fr\/wp-json\/wp\/v2\/product_cat?post=25834"},{"taxonomy":"product_tag","embeddable":true,"href":"https:\/\/www.carrerivegauche.com\/fr\/wp-json\/wp\/v2\/product_tag?post=25834"}],"curies":[{"name":"wp","href":"https:\/\/api.w.org\/{rel}","templated":true}]}}