 

{"id":25777,"date":"2024-04-05T16:26:45","date_gmt":"2024-04-05T14:26:45","guid":{"rendered":"https:\/\/www.carrerivegauche.com\/boutique-crg\/huile-sur-toile-promenade-estivale-par-abel-bertram\/"},"modified":"2024-07-05T17:23:14","modified_gmt":"2024-07-05T15:23:14","slug":"huile-sur-toile-promenade-estivale-par-abel-bertram","status":"publish","type":"product","link":"https:\/\/www.carrerivegauche.com\/fr\/boutique-crg\/huile-sur-toile-promenade-estivale-par-abel-bertram\/","title":{"rendered":"Huile sur toile, Promenade estivale par Abel BERTRAM"},"content":{"rendered":"<p>Il expose au Salon des Artistes Fran\u00e7ais \u00e0 Paris en 1899 et ses \u0153uvres sont bien accueillies par la critique.<br \/>En 1901, il obtient une mention honorable.<br \/>Bertram expose \u00a0au Salon des Ind\u00e9pendants de 1905 \u00e0 1939.<\/p>\n<p>Ses \u0153uvres sont pr\u00e9sentes dans de nombreux mus\u00e9es en France,<br \/>Orsay, Petit-Palais et \u00e0 l&rsquo;\u00e9tranger.<\/p>\n<p>Abel Bertram est inclassable \u00a0et ne rejoint aucun mouvement.<br \/>Il peint \u00e0 la fois\u00a0 avec l\u2019impressionniste Antoine Guillemet \u00a0comme les modernes Louis Valtat et Espagnat<\/p>\n<p>Sa peinture est \u00e9prise de libert\u00e9, m\u00eame si parfois elle reprend les codes de son \u00e9poque.<\/p>\n<p>Notre \u0153uvre\u00a0 se rapproche des fauves\u00a0:<br \/>un emploi simplifi\u00e9 du dessin,\u00a0 des couleurs qui s\u2019affranchissent de la r\u00e9alit\u00e9<br \/>pour cr\u00e9er des \u00e9motions chez le spectateur.<\/p>\n<p>La touche du pinceau est vive\u00a0 et la palette chromatique \u00e9clatante.<br \/>Observez ses couleurs primaires\u00a0 qui \u00e9claboussent la toile contrastant fortement les unes\u00a0 par rapport aux autres.<\/p>\n<p>Sa touche spontan\u00e9e et color\u00e9e\u00a0 touche les critiques<\/p>\n<p><em>Elle \u00ab\u00a0Provoque une \u00e9motion communicative,<br \/>ces peintures sont d&rsquo;une belle impression \u00a0et poss\u00e8dent un caract\u00e8re po\u00e9tique<br \/>qui honore le sentiment du peintre. \u00ab\u00a0<\/em><\/p>\n","protected":false},"excerpt":{"rendered":"<p>Abel BERTRAM 1871-1954<\/p>\n<p>Fils d&rsquo;un transporteur, d&rsquo;abord autodidacte il se forme aux Beaux-Arts de Lille et de Paris aupr\u00e8s de L\u00e9on Bonnat.<\/p>\n<p>Il fr\u00e9quente les peintres impressionnistes et modernes de son \u00e9poque.<\/p>\n<p>Il aime les suivre dans leurs voyages, peindre avec eux \u00ab\u00a0en plein air\u00a0\u00bb.<\/p>\n<p>Il revient dans la r\u00e9gion de son enfance, \u00e0 Saint-Omer, pour peindre les paysages de son enfance qu&rsquo;il aime tant.<\/p>\n","protected":false},"featured_media":25759,"template":"","meta":[],"product_brand":[],"product_cat":[],"product_tag":[],"class_list":{"0":"post-25777","1":"product","2":"type-product","3":"status-publish","4":"has-post-thumbnail","6":"description-off","8":"first","9":"instock","10":"shipping-taxable","11":"product-type-simple"},"aioseo_notices":[],"_links":{"self":[{"href":"https:\/\/www.carrerivegauche.com\/fr\/wp-json\/wp\/v2\/product\/25777","targetHints":{"allow":["GET"]}}],"collection":[{"href":"https:\/\/www.carrerivegauche.com\/fr\/wp-json\/wp\/v2\/product"}],"about":[{"href":"https:\/\/www.carrerivegauche.com\/fr\/wp-json\/wp\/v2\/types\/product"}],"wp:featuredmedia":[{"embeddable":true,"href":"https:\/\/www.carrerivegauche.com\/fr\/wp-json\/wp\/v2\/media\/25759"}],"wp:attachment":[{"href":"https:\/\/www.carrerivegauche.com\/fr\/wp-json\/wp\/v2\/media?parent=25777"}],"wp:term":[{"taxonomy":"product_brand","embeddable":true,"href":"https:\/\/www.carrerivegauche.com\/fr\/wp-json\/wp\/v2\/product_brand?post=25777"},{"taxonomy":"product_cat","embeddable":true,"href":"https:\/\/www.carrerivegauche.com\/fr\/wp-json\/wp\/v2\/product_cat?post=25777"},{"taxonomy":"product_tag","embeddable":true,"href":"https:\/\/www.carrerivegauche.com\/fr\/wp-json\/wp\/v2\/product_tag?post=25777"}],"curies":[{"name":"wp","href":"https:\/\/api.w.org\/{rel}","templated":true}]}}